{"id":16650,"date":"2024-10-08T23:14:14","date_gmt":"2024-10-08T22:14:14","guid":{"rendered":"https:\/\/gopinkish.com\/?post_type=product&#038;p=16650"},"modified":"2026-04-20T14:49:16","modified_gmt":"2026-04-20T13:49:16","slug":"020714149567","status":"publish","type":"product","link":"https:\/\/gopinkish.com\/fr\/produit\/020714149567\/","title":{"rendered":"Un fond de teint intelligent qui s'adapte \u00e0 la peau et absorbe l'exc\u00e8s de s\u00e9bum"},"content":{"rendered":"<p style=\"text-align: justify;\">Un fond de teint intelligent qui s'adapte aux besoins de votre peau ! Il apporte confort et hydratation tout en absorbant l'exc\u00e8s de s\u00e9bum l\u00e0 o\u00f9 vous en avez besoin, pour un teint impeccable. Convient aux peaux mixtes : Il hydrate les zones s\u00e8ches et r\u00e9gule l'exc\u00e8s de s\u00e9bum en fonction des besoins sp\u00e9cifiques de chaque zone du visage.<\/p>\n<p style=\"text-align: justify;\">Sa formule longue dur\u00e9e s'adapte \u00e0 votre peau pour cr\u00e9er un teint parfait. Exempte de liquides et d'huiles, elle hydrate, absorbe l'exc\u00e8s de s\u00e9bum et unifie le teint pour un r\u00e9sultat impeccable.<\/p>\n<p style=\"text-align: justify;\">Couverture r\u00e9glable.<br \/>\nEffet soyeux \u00e0 l'application.<\/p>\n<p style=\"text-align: justify;\">Test\u00e9 contre les allergies.<br \/>\n100% sans parfum.<\/p>\n<p style=\"text-align: justify;\"><strong>Avantages du produit :<br \/>\n<\/strong>- Absorbe l'exc\u00e8s de s\u00e9bum et hydrate la peau selon ses besoins.<br \/>\n- Effet soyeux \u00e0 l'application.<br \/>\n- \u00c9quilibre les peaux mixtes.<br \/>\n- Longue dur\u00e9e.<br \/>\n- Une finition naturelle.<br \/>\n- Stimule la peau.<\/p>\n<p style=\"text-align: justify;\">Type de peau : 2 - s\u00e8che \u00e0 mixte, 3 - grasse.<br \/>\nLa composition : Liquide.<br \/>\nCouverture : Moyenne.<\/p>\n<p dir=\"ltr\" style=\"text-align: center;\">\ud83c\uddec\ud83c\udde7 Fond de teint Clinique Superbalanced<br \/>\n\ud83c\uddeb\ud83c\uddf7 Fond de Teint Superbalanced Clinique<\/p>","protected":false},"excerpt":{"rendered":"<p>\u0643\u0631\u064a\u0645 \u0623\u0633\u0627\u0633 \u0630\u0643\u064a \u064a\u062a\u0643\u064a\u0641 \u0645\u0639 \u0627\u062d\u062a\u064a\u0627\u062c\u0627\u062a \u0628\u0634\u0631\u062a\u0643! \u064a\u0648\u0641\u0631 \u0627\u0644\u0631\u0627\u062d\u0629 \u0648\u0627\u0644\u062a\u0631\u0637\u064a\u0628 \u0645\u0639 \u0627\u0645\u062a\u0635\u0627\u0635 \u0627\u0644\u062f\u0647\u0648\u0646 \u0627\u0644\u0632\u0627\u0626\u062f\u0629 \u062d\u064a\u062b \u062a\u062d\u062a\u0627\u062c\u064a\u0646 \u0625\u0644\u064a\u0647\u0627\u060c \u0644\u0644\u062d\u0635\u0648\u0644 \u0639\u0644\u0649 \u0628\u0634\u0631\u0629 \u062e\u0627\u0644\u064a\u0629 \u0645\u0646 \u0627\u0644\u0639\u064a\u0648\u0628.\u00a0\u0645\u0646\u0627\u0633\u0628 \u0644\u0644\u0628\u0634\u0631\u0629 \u0627\u0644\u0645\u062e\u062a\u0644\u0637\u0629: \u0641\u0647\u0648 \u064a\u0631\u0637\u0628 \u0627\u0644\u0645\u0646\u0627\u0637\u0642 \u0627\u0644\u062c\u0627\u0641\u0629 \u0648\u064a\u0646\u0638\u0645 \u0627\u0644\u062f\u0647\u0648\u0646 \u0627\u0644\u0632\u0627\u0626\u062f\u0629 \u0648\u0641\u0642\u064b\u0627 \u0644\u0644\u0627\u062d\u062a\u064a\u0627\u062c\u0627\u062a \u0627\u0644\u0645\u062d\u062f\u062f\u0629 \u0644\u0643\u0644 \u0645\u0646\u0637\u0642\u0629 \u0645\u0646 \u0627\u0644\u0648\u062c\u0647. \u062a\u0631\u0643\u064a\u0628\u062a\u0647 \u0637\u0648\u064a\u0644\u0629 \u0627\u0644\u0623\u0645\u062f \u062a\u062a\u0643\u064a\u0641 \u0645\u0639 \u0628\u0634\u0631\u062a\u0643 \u0644\u062e\u0644\u0642 \u0628\u0634\u0631\u0629 \u0645\u062b\u0627\u0644\u064a\u0629. \u062e\u0627\u0644\u064a \u0645\u0646 \u0627\u0644\u0633\u0648\u0627\u0626\u0644 \u0648\u0627\u0644\u0632\u064a\u0648\u062a\u060c \u064a\u0631\u0637\u0628 \u0648\u064a\u0645\u062a\u0635 \u0627\u0644\u062f\u0647\u0648\u0646 [&hellip;]<\/p>\n","protected":false},"featured_media":16651,"template":"","meta":[],"pwb-brand":[1052],"product_brand":[],"product_cat":[1175],"product_tag":[],"class_list":{"0":"post-16650","1":"product","2":"type-product","3":"status-publish","4":"has-post-thumbnail","6":"pwb-brand-clinique","7":"product_cat-foundation-makeup","9":"first","10":"instock","11":"featured","12":"shipping-taxable","13":"purchasable","14":"product-type-variable","15":"has-default-attributes","16":"wvs-archive-product-wrapper"},"brands":[{"id":1052,"name":"Clinique","slug":"clinique"}],"_links":{"self":[{"href":"https:\/\/gopinkish.com\/fr\/wp-json\/wp\/v2\/product\/16650","targetHints":{"allow":["GET"]}}],"collection":[{"href":"https:\/\/gopinkish.com\/fr\/wp-json\/wp\/v2\/product"}],"about":[{"href":"https:\/\/gopinkish.com\/fr\/wp-json\/wp\/v2\/types\/product"}],"wp:featuredmedia":[{"embeddable":true,"href":"https:\/\/gopinkish.com\/fr\/wp-json\/wp\/v2\/media\/16651"}],"wp:attachment":[{"href":"https:\/\/gopinkish.com\/fr\/wp-json\/wp\/v2\/media?parent=16650"}],"wp:term":[{"taxonomy":"pwb-brand","embeddable":true,"href":"https:\/\/gopinkish.com\/fr\/wp-json\/wp\/v2\/pwb-brand?post=16650"},{"taxonomy":"product_brand","embeddable":true,"href":"https:\/\/gopinkish.com\/fr\/wp-json\/wp\/v2\/product_brand?post=16650"},{"taxonomy":"product_cat","embeddable":true,"href":"https:\/\/gopinkish.com\/fr\/wp-json\/wp\/v2\/product_cat?post=16650"},{"taxonomy":"product_tag","embeddable":true,"href":"https:\/\/gopinkish.com\/fr\/wp-json\/wp\/v2\/product_tag?post=16650"}],"curies":[{"name":"wp","href":"https:\/\/api.w.org\/{rel}","templated":true}]}}