{"id":16522,"date":"2024-10-04T11:47:55","date_gmt":"2024-10-04T10:47:55","guid":{"rendered":"https:\/\/gopinkish.com\/?post_type=product&#038;p=16522"},"modified":"2025-05-06T21:16:09","modified_gmt":"2025-05-06T20:16:09","slug":"3466762519513","status":"publish","type":"product","link":"https:\/\/gopinkish.com\/fr\/produit\/3466762519513\/","title":{"rendered":"Les D\u00e9lices Pom D'Amour Lait corporel"},"content":{"rendered":"<p>Plongez dans l'univers festif de Pomme d'Amour avec ce lait corporel. D\u00e9couvrez une beaut\u00e9 responsable et engag\u00e9e ! La collection embl\u00e9matique Les D\u00e9lices r\u00e9g\u00e9n\u00e8re naturellement et transforme votre routine beaut\u00e9 en une explosion de chouchoutage et de sensualit\u00e9 ! Enrichi en beurre de karit\u00e9, le lait corporel Pomme d'Amour hydrate et nourrit votre peau. Sa formule non collante la rend douce et d\u00e9licatement parfum\u00e9e de notes de pomme croquante et sucr\u00e9e. Une v\u00e9ritable invitation au plaisir intense et gourmand !<\/p>","protected":false},"excerpt":{"rendered":"<p>\u0627\u0646\u063a\u0645\u0633\u064a \u0641\u064a \u0639\u0627\u0644\u0645 Pomme d&#8217;Amour \u0627\u0644\u0627\u062d\u062a\u0641\u0627\u0644\u064a \u0645\u0639 \u062d\u0644\u064a\u0628 \u0627\u0644\u062c\u0633\u0645 \u0647\u0630\u0627. \u0627\u0643\u062a\u0634\u0641\u064a \u0627\u0644\u062c\u0645\u0627\u0644 \u0627\u0644\u0645\u0633\u0624\u0648\u0644 \u0648\u0627\u0644\u0645\u0644\u062a\u0632\u0645! \u062a\u062a\u062c\u062f\u062f \u0645\u062c\u0645\u0648\u0639\u0629 Les D\u00e9lices \u0627\u0644\u0634\u0647\u064a\u0631\u0629 \u0628\u0634\u0643\u0644 \u0637\u0628\u064a\u0639\u064a \u0648\u062a\u062d\u0648\u0644 \u0631\u0648\u062a\u064a\u0646 \u062c\u0645\u0627\u0644\u0643 \u0625\u0644\u0649 \u0627\u0646\u0641\u062c\u0627\u0631 \u0645\u0646 \u0627\u0644\u062f\u0644\u0627\u0644 \u0648\u0627\u0644\u062d\u0633\u064a\u0629! \u062d\u0644\u064a\u0628 \u0627\u0644\u062c\u0633\u0645 Pomme d&#8217;Amour \u0627\u0644\u0645\u062e\u0635\u0628 \u0628\u0632\u0628\u062f\u0629 \u0627\u0644\u0634\u064a\u0627 \u064a\u0631\u0637\u0628 \u0648\u064a\u063a\u0630\u064a \u0628\u0634\u0631\u062a\u0643. \u062a\u0631\u0643\u064a\u0628\u062a\u0647 \u063a\u064a\u0631 \u0627\u0644\u0644\u0627\u0635\u0642\u0629 \u062a\u062c\u0639\u0644\u0647\u0627 \u0646\u0627\u0639\u0645\u0629 \u0648\u0645\u0639\u0637\u0631\u0629 \u0628\u0631\u0627\u0626\u062d\u0629 \u0631\u0642\u064a\u0642\u0629 \u0645\u0639 \u0646\u0641\u062d\u0627\u062a \u0645\u0646 \u0627\u0644\u062a\u0641\u0627\u062d \u0627\u0644\u0645\u0642\u0631\u0645\u0634 \u0648\u0627\u0644\u062d\u0644\u0648. \u062f\u0639\u0648\u0629 \u062d\u0642\u064a\u0642\u064a\u0629 [&hellip;]<\/p>\n","protected":false},"featured_media":16525,"template":"","meta":[],"pwb-brand":[470],"product_brand":[],"product_cat":[1137],"product_tag":[],"class_list":{"0":"post-16522","1":"product","2":"type-product","3":"status-publish","4":"has-post-thumbnail","6":"pwb-brand-nocibe","7":"product_cat-body-moist","9":"first","10":"outofstock","11":"shipping-taxable","12":"product-type-variable","13":"has-default-attributes","14":"wvs-archive-product-wrapper"},"brands":[{"id":470,"name":"Nosibe","slug":"nocibe"}],"_links":{"self":[{"href":"https:\/\/gopinkish.com\/fr\/wp-json\/wp\/v2\/product\/16522","targetHints":{"allow":["GET"]}}],"collection":[{"href":"https:\/\/gopinkish.com\/fr\/wp-json\/wp\/v2\/product"}],"about":[{"href":"https:\/\/gopinkish.com\/fr\/wp-json\/wp\/v2\/types\/product"}],"wp:featuredmedia":[{"embeddable":true,"href":"https:\/\/gopinkish.com\/fr\/wp-json\/wp\/v2\/media\/16525"}],"wp:attachment":[{"href":"https:\/\/gopinkish.com\/fr\/wp-json\/wp\/v2\/media?parent=16522"}],"wp:term":[{"taxonomy":"pwb-brand","embeddable":true,"href":"https:\/\/gopinkish.com\/fr\/wp-json\/wp\/v2\/pwb-brand?post=16522"},{"taxonomy":"product_brand","embeddable":true,"href":"https:\/\/gopinkish.com\/fr\/wp-json\/wp\/v2\/product_brand?post=16522"},{"taxonomy":"product_cat","embeddable":true,"href":"https:\/\/gopinkish.com\/fr\/wp-json\/wp\/v2\/product_cat?post=16522"},{"taxonomy":"product_tag","embeddable":true,"href":"https:\/\/gopinkish.com\/fr\/wp-json\/wp\/v2\/product_tag?post=16522"}],"curies":[{"name":"wp","href":"https:\/\/api.w.org\/{rel}","templated":true}]}}