{"id":16467,"date":"2024-07-03T17:26:53","date_gmt":"2024-07-03T16:26:53","guid":{"rendered":"https:\/\/gopinkish.com\/?post_type=product&#038;p=16467"},"modified":"2026-04-20T14:37:28","modified_gmt":"2026-04-20T13:37:28","slug":"8859590600112","status":"publish","type":"product","link":"https:\/\/gopinkish.com\/fr\/produit\/8859590600112\/","title":{"rendered":"Gommage aux bonbons \u00e0 l'escargot"},"content":{"rendered":"<p>Un gommage nettoyant qui fait \u00e9galement office de masque, r\u00e9g\u00e9n\u00e8re les cellules de la peau et unifie le teint, r\u00e9duit les taches noires et contr\u00f4le les peaux grasses \u00e0 l'origine de l'acn\u00e9, rend la peau plus lumineuse et plus hydrat\u00e9e, douce et l\u00e9g\u00e8re sur tous les types de peau.<\/p>\n<p><strong>Avantages :<\/strong><\/p>\n<p>- Il unifie le teint et donne \u00e0 la peau un aspect plus vivant.<br \/>\n- R\u00e9duit les rides et raffermit la peau.<br \/>\n- Adoucit et lisse la peau.<br \/>\n- R\u00e9duit les cicatrices, les taches noires et les cicatrices d'acn\u00e9.<br \/>\n- Pr\u00e9vient l'acn\u00e9 et prot\u00e8ge la peau des oxydants.<br \/>\n- R\u00e9g\u00e9n\u00e8re et nourrit les cellules mortes.<br \/>\n- \u00c9limine les cellules mortes.<br \/>\n- Am\u00e9liore le teint de la peau sans substances nocives.<\/p>\n<p><strong>Utilisation : <\/strong>Appliquer sur la peau humide ou sous la douche, m\u00e9langer avec une petite quantit\u00e9 d'eau jusqu'\u00e0 l'obtention d'une substance cr\u00e9meuse, puis appliquer sur la peau, masser et rincer \u00e0 l'eau, il peut \u00eatre utilis\u00e9 comme alternative aux produits nettoyants.<\/p>\n<p dir=\"ltr\" style=\"text-align: center;\">\ud83c\uddec\ud83c\udde7 Gommage aux bonbons escargots Jellys<br \/>\n\ud83c\uddeb\ud83c\uddf7 Gommage Candy \u00e0 la Bave d'Escargot Jellys<\/p>","protected":false},"excerpt":{"rendered":"<p>\u0645\u0642\u0634\u0631 \u0645\u0646\u0638\u0641 \u0644\u0644\u0628\u0634\u0631\u0629 \u0648\u064a\u0639\u0645\u0644 \u0643\u0642\u0646\u0627\u0639 \u0627\u064a\u0636\u0627\u060c \u064a\u0639\u064a\u062f \u062a\u062c\u062f\u064a\u062f \u0627\u0644\u062e\u0644\u0627\u064a\u0627 \u0627\u0644\u062c\u0644\u062f\u064a\u0629 \u0648\u064a\u0639\u0627\u062f\u0644 \u0644\u0648\u0646 \u0627\u0644\u0628\u0634\u0631\u0629\u060c \u064a\u062e\u0641\u0641 \u0645\u0646 \u0627\u0644\u0628\u0642\u0639 \u0627\u0644\u0633\u0648\u062f\u0627\u0621 \u0648\u064a\u062a\u062d\u0643\u0645 \u0628\u062f\u0631\u062c\u0629 \u0627\u0644\u0628\u0634\u0631\u0629 \u0627\u0644\u062f\u0647\u0646\u064a\u0629 \u0627\u0644\u0645\u0633\u0628\u0628\u0629 \u0644\u062d\u0628 \u0627\u0644\u0634\u0628\u0627\u0628\u060c \u064a\u062c\u0639\u0644 \u0627\u0644\u0628\u0634\u0631\u0629 \u0627\u0643\u062b\u0631 \u0627\u0634\u0631\u0627\u0642\u0627 \u0648\u0631\u0637\u0628\u0629\u060c \u0646\u0627\u0639\u0645 \u0648\u062e\u0641\u064a\u0641 \u0639\u0644\u0649 \u062c\u0645\u064a\u0639 \u0627\u0646\u0648\u0627\u0639 \u0627\u0644\u0628\u0634\u0631\u0627\u062a. \u0627\u0644\u0645\u0632\u0627\u064a\u0627 : \u2013 \u064a\u0639\u0627\u062f\u0644 \u0644\u0648\u0646 \u0627\u0644\u0628\u0634\u0631\u0629 \u0648\u064a\u062c\u0639\u0644\u0647\u0627 \u062a\u0628\u062f\u0648\u0627 \u0627\u0643\u062b\u0631 \u062d\u064a\u0648\u064a\u0629. \u2013 \u064a\u062e\u0641\u0641 \u0645\u0646 \u0627\u0644\u062a\u062c\u0627\u0639\u064a\u062f \u0648\u064a\u0634\u062f \u0627\u0644\u0628\u0634\u0631\u0629. \u2013 \u064a\u0646\u0639\u0645 \u0627\u0644\u0628\u0634\u0631\u0629 \u0648\u064a\u062c\u0639\u0644\u0647\u0627 [&hellip;]<\/p>\n","protected":false},"featured_media":16470,"template":"","meta":[],"pwb-brand":[],"product_brand":[],"product_cat":[1120],"product_tag":[693],"class_list":{"0":"post-16467","1":"product","2":"type-product","3":"status-publish","4":"has-post-thumbnail","6":"product_cat-face-exfo","7":"product_tag-cleansing","9":"first","10":"instock","11":"shipping-taxable","12":"purchasable","13":"product-type-variable","14":"has-default-attributes","15":"wvs-archive-product-wrapper"},"brands":[],"_links":{"self":[{"href":"https:\/\/gopinkish.com\/fr\/wp-json\/wp\/v2\/product\/16467","targetHints":{"allow":["GET"]}}],"collection":[{"href":"https:\/\/gopinkish.com\/fr\/wp-json\/wp\/v2\/product"}],"about":[{"href":"https:\/\/gopinkish.com\/fr\/wp-json\/wp\/v2\/types\/product"}],"wp:featuredmedia":[{"embeddable":true,"href":"https:\/\/gopinkish.com\/fr\/wp-json\/wp\/v2\/media\/16470"}],"wp:attachment":[{"href":"https:\/\/gopinkish.com\/fr\/wp-json\/wp\/v2\/media?parent=16467"}],"wp:term":[{"taxonomy":"pwb-brand","embeddable":true,"href":"https:\/\/gopinkish.com\/fr\/wp-json\/wp\/v2\/pwb-brand?post=16467"},{"taxonomy":"product_brand","embeddable":true,"href":"https:\/\/gopinkish.com\/fr\/wp-json\/wp\/v2\/product_brand?post=16467"},{"taxonomy":"product_cat","embeddable":true,"href":"https:\/\/gopinkish.com\/fr\/wp-json\/wp\/v2\/product_cat?post=16467"},{"taxonomy":"product_tag","embeddable":true,"href":"https:\/\/gopinkish.com\/fr\/wp-json\/wp\/v2\/product_tag?post=16467"}],"curies":[{"name":"wp","href":"https:\/\/api.w.org\/{rel}","templated":true}]}}