{"id":16256,"date":"2024-09-24T01:08:07","date_gmt":"2024-09-24T00:08:07","guid":{"rendered":"https:\/\/gopinkish.com\/?post_type=product&#038;p=16256"},"modified":"2026-04-23T17:50:34","modified_gmt":"2026-04-23T16:50:34","slug":"041554084023","status":"publish","type":"product","link":"https:\/\/gopinkish.com\/fr\/produit\/041554084023\/","title":{"rendered":"Un fard \u00e0 joues \u00e9clatant avec une luminosit\u00e9 \u00e9lev\u00e9e et durable"},"content":{"rendered":"<p style=\"text-align: justify;\">Le fard \u00e0 joues Sunkisser vous donne des joues \u00e9clatantes, radieuses et durables sans avoir besoin de vacances. Sa formule facile \u00e0 m\u00e9langer et \u00e0 \u00e9toffer se fond dans la peau pour un \u00e9clat naturel qui dure jusqu'\u00e0 12 heures. Disponible en 10 teintes polyvalentes de blush et de bronze, vous pouvez les m\u00e9langer et les assortir pour cr\u00e9er n'importe quel look, du blush naturel \u00e0 l'\u00e9clat 3D.<\/p>\n<p dir=\"ltr\" style=\"text-align: center;\">\ud83c\uddec\ud83c\udde7 Maybelline Sunkisser Multi-use Blush liquide \u00e0 estomper<br \/>\n\ud83c\uddeb\ud83c\uddf7 Blush Liquide Multi-Usage Maybelline Sunkisser<\/p>","protected":false},"excerpt":{"rendered":"<p>\u064a\u0645\u0646\u062d\u0643 \u0623\u062d\u0645\u0631 \u0627\u0644\u062e\u062f\u0648\u062f Sunkisser \u062e\u062f\u0648\u062f\u064b\u0627 \u0645\u062a\u0648\u0647\u062c\u0629 \u0648\u0645\u0634\u0631\u0642\u0629 \u062a\u062f\u0648\u0645 \u0637\u0648\u064a\u0644\u0627\u064b \u062f\u0648\u0646 \u0627\u0644\u062d\u0627\u062c\u0629 \u0625\u0644\u0649 \u0642\u0636\u0627\u0621 \u0625\u062c\u0627\u0632\u0629. \u062a\u0631\u0643\u064a\u0628\u062a\u0647 \u0633\u0647\u0644\u0629 \u0627\u0644\u062f\u0645\u062c \u0648\u0627\u0644\u0628\u0646\u0627\u0621 \u062a\u0630\u0648\u0628 \u0639\u0644\u0649 \u0627\u0644\u0628\u0634\u0631\u0629 \u0644\u062a\u0645\u0646\u062d\u0643 \u062a\u0648\u0647\u062c\u064b\u0627 \u0637\u0628\u064a\u0639\u064a\u064b\u0627 \u064a\u062f\u0648\u0645 \u062d\u062a\u0649 12 \u0633\u0627\u0639\u0629. \u0645\u062a\u0648\u0641\u0631 \u0641\u064a 10 \u0623\u0644\u0648\u0627\u0646 \u0645\u062a\u0639\u062f\u062f\u0629 \u0627\u0644\u0627\u0633\u062a\u062e\u062f\u0627\u0645\u0627\u062a \u0645\u0646 \u0623\u062d\u0645\u0631 \u0627\u0644\u062e\u062f\u0648\u062f \u0648\u0627\u0644\u0628\u0631\u0648\u0646\u0632\u061b \u064a\u0645\u0643\u0646\u0643 \u0645\u0632\u062c\u0647\u0627 \u0648\u0645\u0637\u0627\u0628\u0642\u062a\u0647\u0627 \u0644\u062e\u0644\u0642 \u0623\u064a \u0645\u0638\u0647\u0631 \u0645\u0646 \u0627\u0644\u0627\u062d\u0645\u0631\u0627\u0631 \u0627\u0644\u0637\u0628\u064a\u0639\u064a \u0625\u0644\u0649 \u0627\u0644\u062a\u0648\u0647\u062c \u062b\u0644\u0627\u062b\u064a \u0627\u0644\u0623\u0628\u0639\u0627\u062f. \ud83c\uddec\ud83c\udde7 Maybelline Sunkisser Multi-use [&hellip;]<\/p>\n","protected":false},"featured_media":16257,"template":"","meta":[],"pwb-brand":[238],"product_brand":[],"product_cat":[1169],"product_tag":[],"class_list":{"0":"post-16256","1":"product","2":"type-product","3":"status-publish","4":"has-post-thumbnail","6":"pwb-brand-maybelline-new-york","7":"product_cat-blush-makeup","9":"first","10":"instock","11":"shipping-taxable","12":"purchasable","13":"product-type-variable","14":"has-default-attributes","15":"wvs-archive-product-wrapper"},"brands":[{"id":238,"name":"Maybelline New York","slug":"maybelline-new-york"}],"_links":{"self":[{"href":"https:\/\/gopinkish.com\/fr\/wp-json\/wp\/v2\/product\/16256","targetHints":{"allow":["GET"]}}],"collection":[{"href":"https:\/\/gopinkish.com\/fr\/wp-json\/wp\/v2\/product"}],"about":[{"href":"https:\/\/gopinkish.com\/fr\/wp-json\/wp\/v2\/types\/product"}],"wp:featuredmedia":[{"embeddable":true,"href":"https:\/\/gopinkish.com\/fr\/wp-json\/wp\/v2\/media\/16257"}],"wp:attachment":[{"href":"https:\/\/gopinkish.com\/fr\/wp-json\/wp\/v2\/media?parent=16256"}],"wp:term":[{"taxonomy":"pwb-brand","embeddable":true,"href":"https:\/\/gopinkish.com\/fr\/wp-json\/wp\/v2\/pwb-brand?post=16256"},{"taxonomy":"product_brand","embeddable":true,"href":"https:\/\/gopinkish.com\/fr\/wp-json\/wp\/v2\/product_brand?post=16256"},{"taxonomy":"product_cat","embeddable":true,"href":"https:\/\/gopinkish.com\/fr\/wp-json\/wp\/v2\/product_cat?post=16256"},{"taxonomy":"product_tag","embeddable":true,"href":"https:\/\/gopinkish.com\/fr\/wp-json\/wp\/v2\/product_tag?post=16256"}],"curies":[{"name":"wp","href":"https:\/\/api.w.org\/{rel}","templated":true}]}}