{"id":16118,"date":"2024-09-20T13:30:46","date_gmt":"2024-09-20T12:30:46","guid":{"rendered":"https:\/\/gopinkish.com\/?post_type=product&#038;p=16118"},"modified":"2025-04-13T23:35:04","modified_gmt":"2025-04-13T22:35:04","slug":"3282779003131","status":"publish","type":"product","link":"https:\/\/gopinkish.com\/fr\/produit\/3282779003131\/","title":{"rendered":"Eau thermale naturelle pour r\u00e9g\u00e9n\u00e9rer les peaux sensibles et traiter les irritations et la s\u00e9cheresse"},"content":{"rendered":"<p style=\"text-align: justify;\">L'eau thermale d'Av\u00e8ne sous forme de spray est le soin r\u00e9g\u00e9n\u00e9rant par excellence. Adapt\u00e9e aux peaux sensibles, elle traite les irritations tout en apaisant et en adoucissant la peau. Dans tous les cas, elle hydrate la peau en la vaporisant directement sur la zone concern\u00e9e. Avec un effet imm\u00e9diat, cette eau \u00e9nergisante redonne souplesse et fermet\u00e9 \u00e0 la peau. Elle est recommand\u00e9e en cas de rougeurs dues \u00e0 diverses causes et prot\u00e8ge efficacement la peau du dess\u00e8chement et de la d\u00e9t\u00e9rioration comme en cas d'\u00e9pilation \u00e0 la cire ou d'\u00e9ryth\u00e8me fessier. Les personnes \u00e0 la peau hypersensible peuvent utiliser cette eau thermale aux propri\u00e9t\u00e9s revitalisantes.<\/p>\n<p style=\"text-align: justify;\">Un spray apaisant pour un soulagement imm\u00e9diat. D'un seul geste, l'Eau thermale d'Av\u00e8ne en spray cr\u00e9e une brume douce qui r\u00e9\u00e9quilibre et apaise l'inconfort.<\/p>\n<p style=\"text-align: justify;\">Plus de 150 \u00e9tudes cliniques ont prouv\u00e9 que la formule unique d'eau thermale d'Av\u00e8ne calme, apaise et adoucit la peau. Id\u00e9ale pour les peaux rouges, sensibles ou irrit\u00e9es et parfaite pour une utilisation apr\u00e8s l'exercice, les voyages, les activit\u00e9s de plein air ou pour rafra\u00eechir le maquillage.<\/p>","protected":false},"excerpt":{"rendered":"<p>\u0645\u064a\u0627\u0647 \u0623\u0641\u064a\u0646 \u0627\u0644\u062d\u0631\u0627\u0631\u064a\u0629 \u0627\u0644\u062a\u064a \u062a\u0623\u062a\u064a \u0639\u0644\u0649 \u0634\u0643\u0644 \u0631\u0630\u0627\u0630 \u0647\u064a \u0627\u0644\u0639\u0646\u0627\u064a\u0629 \u0627\u0644\u0623\u0633\u0627\u0633\u064a\u0629 \u0644\u062a\u062c\u062f\u064a\u062f \u0627\u0644\u0628\u0634\u0631\u0629. \u0648\u0647\u064a \u0645\u0646\u0627\u0633\u0628\u0629 \u0644\u0644\u0628\u0634\u0631\u0629 \u0627\u0644\u062d\u0633\u0627\u0633\u0629\u060c \u062d\u064a\u062b \u062a\u0639\u0627\u0644\u062c \u0627\u0644\u062a\u0647\u064a\u062c \u0628\u064a\u0646\u0645\u0627 \u062a\u0639\u0645\u0644 \u0639\u0644\u0649 \u062a\u0647\u062f\u0626\u062a\u0647\u0627 \u0648\u062a\u0646\u0639\u064a\u0645\u0647\u0627. \u0648\u0645\u0647\u0645\u0627 \u0643\u0627\u0646\u062a \u0627\u0644\u062d\u0627\u0644\u0629\u060c \u0641\u0625\u0646\u0647\u0627 \u062a\u0639\u0645\u0644 \u0639\u0644\u0649 \u062a\u0631\u0637\u064a\u0628 \u0627\u0644\u0628\u0634\u0631\u0629 \u0628\u0631\u0634\u0647\u0627 \u0645\u0628\u0627\u0634\u0631\u0629 \u0639\u0644\u0649 \u0627\u0644\u0645\u0646\u0637\u0642\u0629 \u0627\u0644\u0645\u0635\u0627\u0628\u0629. \u0648\u0628\u062a\u0623\u062b\u064a\u0631 \u0641\u0648\u0631\u064a\u060c \u062a\u0639\u0645\u0644 \u0647\u0630\u0647 \u0627\u0644\u0645\u064a\u0627\u0647 \u0627\u0644\u0645\u0646\u0634\u0637\u0629 \u0639\u0644\u0649 \u0627\u0633\u062a\u0639\u0627\u062f\u0629 \u0644\u064a\u0648\u0646\u0629 \u0627\u0644\u0628\u0634\u0631\u0629 \u0648\u0634\u062f\u0647\u0627. \u0648\u064a\u0648\u0635\u0649 \u0628\u0647\u0627 \u0644\u0625\u0632\u0627\u0644\u0629 \u0627\u0644\u0627\u062d\u0645\u0631\u0627\u0631 \u0627\u0644\u0646\u0627\u062a\u062c \u0639\u0646 [&hellip;]<\/p>\n","protected":false},"featured_media":16125,"template":"","meta":[],"pwb-brand":[253],"product_brand":[],"product_cat":[1137],"product_tag":[696,688,697],"class_list":{"0":"post-16118","1":"product","2":"type-product","3":"status-publish","4":"has-post-thumbnail","6":"pwb-brand-avene","7":"product_cat-body-moist","8":"product_tag-dryskin","9":"product_tag-sensitive","10":"product_tag-moisturizing","12":"first","13":"outofstock","14":"shipping-taxable","15":"product-type-variable","16":"has-default-attributes","17":"wvs-archive-product-wrapper"},"brands":[{"id":253,"name":"Av\u00e8ne","slug":"avene"}],"_links":{"self":[{"href":"https:\/\/gopinkish.com\/fr\/wp-json\/wp\/v2\/product\/16118","targetHints":{"allow":["GET"]}}],"collection":[{"href":"https:\/\/gopinkish.com\/fr\/wp-json\/wp\/v2\/product"}],"about":[{"href":"https:\/\/gopinkish.com\/fr\/wp-json\/wp\/v2\/types\/product"}],"wp:featuredmedia":[{"embeddable":true,"href":"https:\/\/gopinkish.com\/fr\/wp-json\/wp\/v2\/media\/16125"}],"wp:attachment":[{"href":"https:\/\/gopinkish.com\/fr\/wp-json\/wp\/v2\/media?parent=16118"}],"wp:term":[{"taxonomy":"pwb-brand","embeddable":true,"href":"https:\/\/gopinkish.com\/fr\/wp-json\/wp\/v2\/pwb-brand?post=16118"},{"taxonomy":"product_brand","embeddable":true,"href":"https:\/\/gopinkish.com\/fr\/wp-json\/wp\/v2\/product_brand?post=16118"},{"taxonomy":"product_cat","embeddable":true,"href":"https:\/\/gopinkish.com\/fr\/wp-json\/wp\/v2\/product_cat?post=16118"},{"taxonomy":"product_tag","embeddable":true,"href":"https:\/\/gopinkish.com\/fr\/wp-json\/wp\/v2\/product_tag?post=16118"}],"curies":[{"name":"wp","href":"https:\/\/api.w.org\/{rel}","templated":true}]}}