{"id":16027,"date":"2024-09-19T11:40:04","date_gmt":"2024-09-19T10:40:04","guid":{"rendered":"https:\/\/gopinkish.com\/?post_type=product&#038;p=16027"},"modified":"2025-12-30T20:47:02","modified_gmt":"2025-12-30T19:47:02","slug":"3600523591985","status":"publish","type":"product","link":"https:\/\/gopinkish.com\/fr\/produit\/3600523591985\/","title":{"rendered":"Mascara volumateur et volumateur waterproof"},"content":{"rendered":"<p>Un mascara waterproof qui donne l'impression que vos cils viennent d'un autre monde ! Volume harmonieux, longueur \u00e9tonnante et tenue waterproof pour des cils \u00e9pais et longs et une tenue irr\u00e9prochable tout au long de la journ\u00e9e. Un vrai plaisir \u00e0 utiliser. Un mascara qui glisse bien sur les cils et s'applique facilement avec une r\u00e9partition uniforme.<\/p>\n<p><strong>Laissez vos cils succomber \u00e0 l'extase !<\/strong><\/p>\n<p>Une formule super-textur\u00e9e et r\u00e9sistante \u00e0 l'eau, enrichie d'huile de ricin nourrissante.<\/p>\n<p>Des cils \u00e9pais et volumineux, une application facile, rapide et uniforme.<\/p>\n<p dir=\"ltr\" style=\"text-align: center;\">\ud83c\uddec\ud83c\udde7 Fond de teint L'Or\u00e9al Paris Infallible 24H Fresh Wear<br \/>\n\ud83c\uddeb\ud83c\uddf7 Fond de Teint Infaillible 24H Fresh Wear L'Or\u00e9al Paris<\/p>","protected":false},"excerpt":{"rendered":"<p>\u0627\u0644\u0645\u0627\u0633\u0643\u0627\u0631\u0627 \u0627\u0644\u0645\u0642\u0627\u0648\u0645\u0629 \u0644\u0644\u0645\u0627\u0621 \u0627\u0644\u062a\u064a \u0633\u062a\u062c\u0639\u0644 \u0631\u0645\u0648\u0634\u0643 \u062a\u0628\u062f\u0648 \u0648\u0643\u0623\u0646\u0647\u0627 \u0645\u0646 \u0639\u0627\u0644\u0645 \u0622\u062e\u0631! \u062d\u062c\u0645 \u0645\u062a\u0646\u0627\u063a\u0645 \u0648\u0637\u0648\u0644 \u0645\u0630\u0647\u0644 \u0648\u062b\u0628\u0627\u062a \u0645\u0642\u0627\u0648\u0645 \u0644\u0644\u0645\u0627\u0621 \u062a\u0645\u0646\u062d\u0643 \u0631\u0645\u0648\u0634\u064b\u0627 \u0643\u062b\u064a\u0641\u0629 \u0648\u0645\u0637\u0648\u0644\u0629 \u0648 \u062b\u0628\u0627\u062a\u064b\u0627 \u0644\u0627 \u062a\u0634\u0648\u0628\u0647 \u0634\u0627\u0626\u0628\u0629 \u0637\u0648\u0627\u0644 \u0627\u0644\u064a\u0648\u0645. \u0645\u062a\u0639\u0629 \u062d\u0642\u064a\u0642\u064a\u0629 \u0639\u0646\u062f \u0627\u0644\u0627\u0633\u062a\u062e\u062f\u0627\u0645. \u0645\u0627\u0633\u0643\u0627\u0631\u0627 \u062a\u0646\u0633\u0627\u0628 \u062c\u064a\u062f\u064b\u0627 \u0639\u0644\u0649 \u0627\u0644\u0631\u0645\u0648\u0634 \u0648 \u0633\u0647\u0644\u0629 \u0627\u0644\u0625\u0633\u062a\u062e\u062f\u0627\u0645 \u0628\u062a\u0648\u0632\u064a\u0639 \u0645\u062a\u0633\u0627\u0648\u064a. \u062f\u0639\u064a \u0631\u0645\u0648\u0634\u0643 \u062a\u0633\u062a\u0633\u0644\u0645 \u0644\u0644\u0646\u0634\u0648\u0629! \u062a\u0631\u0643\u064a\u0628\u0629 \u0641\u0627\u0626\u0642\u0629 \u0627\u0644\u0642\u0648\u0627\u0645 \u0648\u0645\u0642\u0627\u0648\u0645\u0629 \u0644\u0644\u0645\u0627\u0621 \u063a\u0646\u064a\u0629 \u0628\u0632\u064a\u062a \u0627\u0644\u062e\u0631\u0648\u0639 [&hellip;]<\/p>\n","protected":false},"featured_media":16029,"template":"","meta":[],"pwb-brand":[239],"product_brand":[],"product_cat":[1189],"product_tag":[],"class_list":{"0":"post-16027","1":"product","2":"type-product","3":"status-publish","4":"has-post-thumbnail","6":"pwb-brand-loreal","7":"product_cat-eyes-mascara","9":"first","10":"instock","11":"shipping-taxable","12":"purchasable","13":"product-type-variable","14":"has-default-attributes","15":"wvs-archive-product-wrapper"},"brands":[{"id":239,"name":"L'Or\u00e9al Paris","slug":"loreal"}],"_links":{"self":[{"href":"https:\/\/gopinkish.com\/fr\/wp-json\/wp\/v2\/product\/16027","targetHints":{"allow":["GET"]}}],"collection":[{"href":"https:\/\/gopinkish.com\/fr\/wp-json\/wp\/v2\/product"}],"about":[{"href":"https:\/\/gopinkish.com\/fr\/wp-json\/wp\/v2\/types\/product"}],"wp:featuredmedia":[{"embeddable":true,"href":"https:\/\/gopinkish.com\/fr\/wp-json\/wp\/v2\/media\/16029"}],"wp:attachment":[{"href":"https:\/\/gopinkish.com\/fr\/wp-json\/wp\/v2\/media?parent=16027"}],"wp:term":[{"taxonomy":"pwb-brand","embeddable":true,"href":"https:\/\/gopinkish.com\/fr\/wp-json\/wp\/v2\/pwb-brand?post=16027"},{"taxonomy":"product_brand","embeddable":true,"href":"https:\/\/gopinkish.com\/fr\/wp-json\/wp\/v2\/product_brand?post=16027"},{"taxonomy":"product_cat","embeddable":true,"href":"https:\/\/gopinkish.com\/fr\/wp-json\/wp\/v2\/product_cat?post=16027"},{"taxonomy":"product_tag","embeddable":true,"href":"https:\/\/gopinkish.com\/fr\/wp-json\/wp\/v2\/product_tag?post=16027"}],"curies":[{"name":"wp","href":"https:\/\/api.w.org\/{rel}","templated":true}]}}