{"id":16004,"date":"2024-09-18T21:43:08","date_gmt":"2024-09-18T20:43:08","guid":{"rendered":"https:\/\/gopinkish.com\/?post_type=product&#038;p=16004"},"modified":"2026-03-31T22:55:40","modified_gmt":"2026-03-31T21:55:40","slug":"3378872187998","status":"publish","type":"product","link":"https:\/\/gopinkish.com\/fr\/produit\/3378872187998\/","title":{"rendered":"Lait corporel hydratant \u00e0 l'huile d'argan"},"content":{"rendered":"<p style=\"text-align: justify;\"><!--StartFragment --><\/p>\n<p style=\"text-align: justify;\">Lait corporel <strong>Sephora Collection Argan - Lait Corps Hydratant<\/strong> Enrichi en huile d'argan, connue pour ses propri\u00e9t\u00e9s nourrissantes, il laisse la peau profond\u00e9ment hydrat\u00e9e et douce au toucher. Il aide \u00e0 restaurer l'\u00e9lasticit\u00e9 de la peau, prot\u00e8ge contre le dess\u00e8chement et laisse la peau douce et soyeuse, avec un parfum chaud qui dure toute la journ\u00e9e.<\/p>\n<p style=\"text-align: justify;\">Sa formule l\u00e9g\u00e8re \u00e0 absorption rapide ne laisse aucun r\u00e9sidu gras, ce qui en fait un produit id\u00e9al pour une utilisation quotidienne apr\u00e8s la douche ou \u00e0 chaque fois que la peau a besoin d'une hydratation suppl\u00e9mentaire.<\/p>\n<p style=\"text-align: justify;\"><strong>Principales caract\u00e9ristiques et avantages :<\/strong><br \/>\n- Enrichi en huile d'argan nourrissante.<br \/>\n- Hydrate la peau en profondeur et la rend plus confortable.<br \/>\n- Laisse la peau douce et soyeuse au toucher.<br \/>\n- Un parfum chaud et durable.<br \/>\n- Formule l\u00e9g\u00e8re et \u00e0 absorption rapide.<br \/>\n- Convient \u00e0 tous les types de peau.<br \/>\n- Id\u00e9al pour un usage quotidien.<\/p>\n<p dir=\"ltr\" style=\"text-align: center;\">\ud83c\uddec\ud83c\udde7 Sephora Collection Lotion corporelle \u00e0 l'argan<br \/>\n\ud83c\uddeb\ud83c\uddf7 Sephora Collection Lait Corps Hydratant Argan<\/p>","protected":false},"excerpt":{"rendered":"<p>\u0644\u0648\u0634\u0646 \u0627\u0644\u062c\u0633\u0645 Sephora Collection Argan \u2013 Lait Corps Hydratant \u064a\u0645\u0646\u062d \u0628\u0634\u0631\u062a\u0643\u0650 \u062a\u0631\u0637\u064a\u0628\u064b\u0627 \u0639\u0645\u064a\u0642\u064b\u0627 \u0648\u0645\u0644\u0645\u0633\u064b\u0627 \u0646\u0627\u0639\u0645\u064b\u0627 \u0628\u0641\u0636\u0644 \u062a\u0631\u0643\u064a\u0628\u062a\u0647 \u0627\u0644\u063a\u0646\u064a\u0629 \u0628\u0632\u064a\u062a \u0627\u0644\u0623\u0631\u062c\u0627\u0646 \u0627\u0644\u0645\u0639\u0631\u0648\u0641 \u0628\u062e\u0635\u0627\u0626\u0635\u0647 \u0627\u0644\u0645\u063a\u0630\u064a\u0629. \u064a\u0633\u0627\u0639\u062f \u0639\u0644\u0649 \u0627\u0633\u062a\u0639\u0627\u062f\u0629 \u0645\u0631\u0648\u0646\u0629 \u0627\u0644\u0628\u0634\u0631\u0629\u060c \u062d\u0645\u0627\u064a\u062a\u0647\u0627 \u0645\u0646 \u0627\u0644\u062c\u0641\u0627\u0641\u060c \u0648\u062a\u0631\u0643\u0647\u0627 \u0628\u0645\u0644\u0645\u0633 \u062d\u0631\u064a\u0631\u064a \u0648\u0639\u0637\u0631 \u062f\u0627\u0641\u0626 \u064a\u062f\u0648\u0645 \u0637\u0648\u0627\u0644 \u0627\u0644\u064a\u0648\u0645. \u062a\u0631\u0643\u064a\u0628\u062a\u0647 \u062e\u0641\u064a\u0641\u0629 \u0648\u0633\u0631\u064a\u0639\u0629 \u0627\u0644\u0627\u0645\u062a\u0635\u0627\u0635\u060c \u0644\u0627 \u062a\u062a\u0631\u0643 \u0623\u064a \u0623\u062b\u0631 \u062f\u0647\u0646\u064a\u060c \u0645\u0645\u0627 \u064a\u062c\u0639\u0644\u0647 \u0645\u062b\u0627\u0644\u064a\u064b\u0627 \u0644\u0644\u0627\u0633\u062a\u062e\u062f\u0627\u0645 \u0627\u0644\u064a\u0648\u0645\u064a \u0628\u0639\u062f \u0627\u0644\u0627\u0633\u062a\u062d\u0645\u0627\u0645 [&hellip;]<\/p>\n","protected":false},"featured_media":16005,"template":"","meta":[],"pwb-brand":[221],"product_brand":[],"product_cat":[1137],"product_tag":[697],"class_list":{"0":"post-16004","1":"product","2":"type-product","3":"status-publish","4":"has-post-thumbnail","6":"pwb-brand-sephora","7":"product_cat-body-moist","8":"product_tag-moisturizing","10":"first","11":"instock","12":"shipping-taxable","13":"purchasable","14":"product-type-variable","15":"has-default-attributes","16":"wvs-archive-product-wrapper"},"brands":[{"id":221,"name":"Sephora","slug":"sephora"}],"_links":{"self":[{"href":"https:\/\/gopinkish.com\/fr\/wp-json\/wp\/v2\/product\/16004","targetHints":{"allow":["GET"]}}],"collection":[{"href":"https:\/\/gopinkish.com\/fr\/wp-json\/wp\/v2\/product"}],"about":[{"href":"https:\/\/gopinkish.com\/fr\/wp-json\/wp\/v2\/types\/product"}],"wp:featuredmedia":[{"embeddable":true,"href":"https:\/\/gopinkish.com\/fr\/wp-json\/wp\/v2\/media\/16005"}],"wp:attachment":[{"href":"https:\/\/gopinkish.com\/fr\/wp-json\/wp\/v2\/media?parent=16004"}],"wp:term":[{"taxonomy":"pwb-brand","embeddable":true,"href":"https:\/\/gopinkish.com\/fr\/wp-json\/wp\/v2\/pwb-brand?post=16004"},{"taxonomy":"product_brand","embeddable":true,"href":"https:\/\/gopinkish.com\/fr\/wp-json\/wp\/v2\/product_brand?post=16004"},{"taxonomy":"product_cat","embeddable":true,"href":"https:\/\/gopinkish.com\/fr\/wp-json\/wp\/v2\/product_cat?post=16004"},{"taxonomy":"product_tag","embeddable":true,"href":"https:\/\/gopinkish.com\/fr\/wp-json\/wp\/v2\/product_tag?post=16004"}],"curies":[{"name":"wp","href":"https:\/\/api.w.org\/{rel}","templated":true}]}}