{"id":15957,"date":"2024-09-09T23:34:15","date_gmt":"2024-09-09T22:34:15","guid":{"rendered":"https:\/\/gopinkish.com\/?post_type=product&#038;p=15957"},"modified":"2026-03-14T22:28:05","modified_gmt":"2026-03-14T21:28:05","slug":"3600523643790","status":"publish","type":"product","link":"https:\/\/gopinkish.com\/fr\/produit\/3600523643790\/","title":{"rendered":"Rouge \u00e0 l\u00e8vres liquide mat parfum\u00e9 au chocolat"},"content":{"rendered":"<p style=\"text-align: justify;\">La formule est r\u00e9sistante \u00e0 la fonte, vous pouvez donc oublier le bavardage ou l'\u00e9talement de votre rouge \u00e0 l\u00e8vres pendant 12 heures !<\/p>\n<p style=\"text-align: justify;\">Succombez \u00e0 votre addiction au chocolat avec Les Chocolats Matte Liquid Lipsticks, une collection de rouges \u00e0 l\u00e8vres liquides mats dans des teintes inspir\u00e9es du chocolat. Avec l'irr\u00e9sistible parfum du chocolat et les teintes les plus fra\u00eeches, vous ne pourrez pas vous arr\u00eater \u00e0 un seul rouge \u00e0 l\u00e8vres.<\/p>\n<p style=\"text-align: justify;\">Voici le chocolat qui ne fond pas ! Le rouge \u00e0 l\u00e8vres liquide mat Les Chocolates a une formule qui ne fond pas, ce qui vous permet d'oublier les bavures ou les bourgeonnements de votre rouge \u00e0 l\u00e8vres pendant 12 heures. La formule l\u00e9g\u00e8re du rouge \u00e0 l\u00e8vres est agr\u00e9able \u00e0 porter et ne s'\u00e9caille pas. Enrichi de pigments ultra-satur\u00e9s pour une couleur intense.<\/p>\n<p dir=\"ltr\" style=\"text-align: center;\">\ud83c\uddec\ud83c\udde7 L'Or\u00e9al Les Chocolats Rouge \u00e0 l\u00e8vres liquide mat<br \/>\n\ud83c\uddeb\ud83c\uddf7 Rouge \u00e0 L\u00e8vres Liquide Mat Les Chocolats L'Or\u00e9al<\/p>","protected":false},"excerpt":{"rendered":"<p>\u062a\u0631\u0643\u064a\u0628\u0629 \u0645\u0642\u0627\u0648\u0645\u0629 \u0644\u0644\u0630\u0648\u0628\u0627\u0646 \u062d\u062a\u0649 \u062a\u062a\u0645\u0643\u0646\u064a \u0645\u0646 \u0646\u0633\u064a\u0627\u0646 \u062a\u0644\u0637\u064a\u062e \u0644\u0648\u0646 \u0634\u0641\u062a\u064a\u0643 \u0623\u0648 \u062a\u0632\u062d\u0632\u062d\u0647\u060c \u0644\u0645\u062f\u0629 \u062a\u0635\u0644 \u0625\u0644\u0649 12 \u0633\u0627\u0639\u0629! \u0627\u0633\u062a\u0633\u0644\u0645\u064a \u0644\u0625\u062f\u0645\u0627\u0646 \u0627\u0644\u0634\u0648\u0643\u0648\u0644\u0627\u062a\u0629 \u0645\u0639 \u0623\u062d\u0645\u0631 \u0627\u0644\u0634\u0641\u0627\u0647 \u0627\u0644\u0633\u0627\u0626\u0644 \u063a\u064a\u0631 \u0627\u0644\u0644\u0627\u0645\u0639 \u0645\u0646 Les Chocolats\u060c \u0648\u0647\u064a \u0645\u062c\u0645\u0648\u0639\u0629 \u0645\u0646 \u0623\u0644\u0648\u0627\u0646 \u0627\u0644\u0634\u0641\u0627\u0647 \u0627\u0644\u0633\u0627\u0626\u0644\u0629 \u063a\u064a\u0631 \u0627\u0644\u0644\u0627\u0645\u0639\u0629 \u0641\u064a \u0647\u0630\u0647 \u0627\u0644\u0638\u0644\u0627\u0644 \u0627\u0644\u0645\u0633\u062a\u0648\u062d\u0627\u0629 \u0645\u0646 \u0627\u0644\u0634\u0648\u0643\u0648\u0644\u0627\u062a\u0629. \u0645\u0639 \u0631\u0627\u0626\u062d\u0629 \u0627\u0644\u0634\u0648\u0643\u0648\u0644\u0627\u062a\u0629 \u0627\u0644\u062a\u064a \u0644\u0627 \u062a\u0642\u0627\u0648\u0645 \u0648\u0623\u0631\u0648\u0639 \u0638\u0644\u0627\u0644 \u0627\u0644\u0628\u0634\u0631\u0629\u060c \u0644\u0646 \u062a\u062a\u0645\u0643\u0646\u064a \u0645\u0646 [&hellip;]<\/p>\n","protected":false},"featured_media":15963,"template":"","meta":[],"pwb-brand":[239],"product_brand":[],"product_cat":[1181],"product_tag":[],"class_list":{"0":"post-15957","1":"product","2":"type-product","3":"status-publish","4":"has-post-thumbnail","6":"pwb-brand-loreal","7":"product_cat-liquid-lipstick-makeup","9":"first","10":"instock","11":"shipping-taxable","12":"purchasable","13":"product-type-variable","14":"has-default-attributes","15":"wvs-archive-product-wrapper"},"brands":[{"id":239,"name":"L'Or\u00e9al Paris","slug":"loreal"}],"_links":{"self":[{"href":"https:\/\/gopinkish.com\/fr\/wp-json\/wp\/v2\/product\/15957","targetHints":{"allow":["GET"]}}],"collection":[{"href":"https:\/\/gopinkish.com\/fr\/wp-json\/wp\/v2\/product"}],"about":[{"href":"https:\/\/gopinkish.com\/fr\/wp-json\/wp\/v2\/types\/product"}],"wp:featuredmedia":[{"embeddable":true,"href":"https:\/\/gopinkish.com\/fr\/wp-json\/wp\/v2\/media\/15963"}],"wp:attachment":[{"href":"https:\/\/gopinkish.com\/fr\/wp-json\/wp\/v2\/media?parent=15957"}],"wp:term":[{"taxonomy":"pwb-brand","embeddable":true,"href":"https:\/\/gopinkish.com\/fr\/wp-json\/wp\/v2\/pwb-brand?post=15957"},{"taxonomy":"product_brand","embeddable":true,"href":"https:\/\/gopinkish.com\/fr\/wp-json\/wp\/v2\/product_brand?post=15957"},{"taxonomy":"product_cat","embeddable":true,"href":"https:\/\/gopinkish.com\/fr\/wp-json\/wp\/v2\/product_cat?post=15957"},{"taxonomy":"product_tag","embeddable":true,"href":"https:\/\/gopinkish.com\/fr\/wp-json\/wp\/v2\/product_tag?post=15957"}],"curies":[{"name":"wp","href":"https:\/\/api.w.org\/{rel}","templated":true}]}}