{"id":15778,"date":"2024-09-01T20:33:58","date_gmt":"2024-09-01T19:33:58","guid":{"rendered":"https:\/\/gopinkish.com\/?post_type=product&#038;p=15778"},"modified":"2025-04-20T20:21:22","modified_gmt":"2025-04-20T19:21:22","slug":"3401399373237","status":"publish","type":"product","link":"https:\/\/gopinkish.com\/fr\/produit\/3401399373237\/","title":{"rendered":"Gel douche moussant pour les peaux s\u00e8ches et sensibles"},"content":{"rendered":"<p>Le gel douche Autoderm, \u00e0 la texture cr\u00e9meuse et parfum\u00e9e, est un gel douche moussant nettoyant id\u00e9al pour nettoyer les peaux s\u00e8ches et sensibles de toute la famille.<\/p>\n<p>Sans savon. La formule au pH physiologique de ce gel contient un complexe DAF naturel brevet\u00e9 qui augmente l'endurance de la peau. Gr\u00e2ce \u00e0 ses actifs hydratants, le Gel Douche Nettoyant Doux Autoderm adoucit et prot\u00e8ge la peau. Ses propri\u00e9t\u00e9s apaisantes minimisent la sensation de tiraillement.<\/p>\n<p>Sans parab\u00e8ne, sans savon et hypoallerg\u00e9nique.<\/p>\n<p><strong>Caract\u00e9ristiques : <\/strong>Nettoie et adoucit les peaux s\u00e8ches et sensibles.<\/p>\n<p><strong>Mode d'emploi :\u00a0<\/strong>Appliquer sur la peau humide. Faire mousser et rincer abondamment. S\u00e9cher en douceur. Visage et corps. Adultes, enfants et b\u00e9b\u00e9s.<\/p>","protected":false},"excerpt":{"rendered":"<p>\u062c\u0644 \u0627\u0644\u0627\u0633\u062a\u062d\u0645\u0627\u0645 \u0623\u062a\u0648\u062f\u064a\u0631\u0645\u060c \u0630\u0648 \u0627\u0644\u0645\u0644\u0645\u0633 \u0627\u0644\u0643\u0631\u064a\u0645\u064a \u0627\u0644\u0645\u0639\u0637\u0631\u060c \u0647\u0648 \u062c\u0644 \u0627\u0633\u062a\u062d\u0645\u0627\u0645 \u0631\u063a\u0648\u064a \u0645\u0646\u0638\u0641 \u0645\u062b\u0627\u0644\u064a \u0644\u0646\u0638\u0627\u0641\u0629 \u0627\u0644\u0628\u0634\u0631\u0629 \u0627\u0644\u062c\u0627\u0641\u0629 \u0648\u0627\u0644\u062d\u0633\u0627\u0633\u0629 \u0644\u062c\u0645\u064a\u0639 \u0623\u0641\u0631\u0627\u062f \u0627\u0644\u0623\u0633\u0631\u0629. \u062e\u0627\u0644\u064a \u0645\u0646 \u0627\u0644\u0635\u0627\u0628\u0648\u0646. \u062a\u062d\u062a\u0648\u064a \u062a\u0631\u0643\u064a\u0628\u0629 \u0627\u0644\u0631\u0642\u0645 \u0627\u0644\u0647\u064a\u062f\u0631\u0648\u062c\u064a\u0646\u064a \u0627\u0644\u0641\u0633\u064a\u0648\u0644\u0648\u062c\u064a\u0629 \u0644\u0647\u0630\u0627 \u0627\u0644\u062c\u0644 \u0639\u0644\u0649 \u0645\u0631\u0643\u0628 DAF \u0627\u0644\u0637\u0628\u064a\u0639\u064a \u0627\u0644\u062d\u0627\u0635\u0644 \u0639\u0644\u0649 \u0628\u0631\u0627\u0621\u0629 \u0627\u062e\u062a\u0631\u0627\u0639 \u0648\u0627\u0644\u0630\u064a \u064a\u0632\u064a\u062f \u0645\u0646 \u0642\u062f\u0631\u0629 \u0627\u0644\u062c\u0644\u062f \u0639\u0644\u0649 \u0627\u0644\u062a\u062d\u0645\u0644. \u0628\u0641\u0636\u0644 \u0645\u0643\u0648\u0646\u0627\u062a\u0647 \u0627\u0644\u0646\u0634\u0637\u0629 \u0627\u0644\u0645\u0631\u0637\u0628\u0629\u060c \u064a\u0639\u0645\u0644 \u062c\u0644 \u0627\u0644\u0627\u0633\u062a\u062d\u0645\u0627\u0645 \u0623\u062a\u0648\u062f\u064a\u0631\u0645 \u0627\u0644\u0645\u0646\u0638\u0641 \u0627\u0644\u0644\u0637\u064a\u0641 [&hellip;]<\/p>\n","protected":false},"featured_media":15779,"template":"","meta":[],"pwb-brand":[498],"product_brand":[],"product_cat":[1138],"product_tag":[696,688],"class_list":{"0":"post-15778","1":"product","2":"type-product","3":"status-publish","4":"has-post-thumbnail","6":"pwb-brand-bioderma","7":"product_cat-bath-and-shower","8":"product_tag-dryskin","9":"product_tag-sensitive","11":"first","12":"outofstock","13":"shipping-taxable","14":"product-type-variable","15":"has-default-attributes","16":"wvs-archive-product-wrapper"},"brands":[{"id":498,"name":"Bioderma","slug":"bioderma"}],"_links":{"self":[{"href":"https:\/\/gopinkish.com\/fr\/wp-json\/wp\/v2\/product\/15778","targetHints":{"allow":["GET"]}}],"collection":[{"href":"https:\/\/gopinkish.com\/fr\/wp-json\/wp\/v2\/product"}],"about":[{"href":"https:\/\/gopinkish.com\/fr\/wp-json\/wp\/v2\/types\/product"}],"wp:featuredmedia":[{"embeddable":true,"href":"https:\/\/gopinkish.com\/fr\/wp-json\/wp\/v2\/media\/15779"}],"wp:attachment":[{"href":"https:\/\/gopinkish.com\/fr\/wp-json\/wp\/v2\/media?parent=15778"}],"wp:term":[{"taxonomy":"pwb-brand","embeddable":true,"href":"https:\/\/gopinkish.com\/fr\/wp-json\/wp\/v2\/pwb-brand?post=15778"},{"taxonomy":"product_brand","embeddable":true,"href":"https:\/\/gopinkish.com\/fr\/wp-json\/wp\/v2\/product_brand?post=15778"},{"taxonomy":"product_cat","embeddable":true,"href":"https:\/\/gopinkish.com\/fr\/wp-json\/wp\/v2\/product_cat?post=15778"},{"taxonomy":"product_tag","embeddable":true,"href":"https:\/\/gopinkish.com\/fr\/wp-json\/wp\/v2\/product_tag?post=15778"}],"curies":[{"name":"wp","href":"https:\/\/api.w.org\/{rel}","templated":true}]}}