{"id":13849,"date":"2024-06-28T15:40:32","date_gmt":"2024-06-28T14:40:32","guid":{"rendered":"https:\/\/gopinkish.com\/?post_type=product&#038;p=13849"},"modified":"2025-07-20T13:31:04","modified_gmt":"2025-07-20T12:31:04","slug":"6959886709900","status":"publish","type":"product","link":"https:\/\/gopinkish.com\/fr\/produit\/6959886709900\/","title":{"rendered":"Rouge \u00e0 l\u00e8vres et crayon \u00e0 l\u00e8vres 2-en-1"},"content":{"rendered":"<p style=\"text-align: justify;\">Pr\u00e9parez-vous pour le duo rouge \u00e0 l\u00e8vres et crayon Glam 101, con\u00e7u pour ramener la beaut\u00e9 \u00e0 l'essentiel. Il se compose d'un rouge \u00e0 l\u00e8vres mat tr\u00e8s pigment\u00e9 et d'un crayon \u00e0 l\u00e8vres doux dans une teinte assortie, pour un glamour facile \u00e0 chaque fois !<\/p>","protected":false},"excerpt":{"rendered":"<p>Pr\u00e9parez-vous pour le duo rouge \u00e0 l\u00e8vres et crayon Glam 101, con\u00e7u pour ramener la beaut\u00e9 \u00e0 l'essentiel. Il se compose d'un rouge \u00e0 l\u00e8vres mat tr\u00e8s pigment\u00e9 et d'un crayon \u00e0 l\u00e8vres doux dans une teinte assortie, pour un glamour facile \u00e0 chaque fois !<\/p>","protected":false},"featured_media":14201,"template":"","meta":[],"pwb-brand":[709],"product_brand":[],"product_cat":[1182,1179],"product_tag":[],"class_list":{"0":"post-13849","1":"product","2":"type-product","3":"status-publish","4":"has-post-thumbnail","6":"pwb-brand-sheglam","7":"product_cat-lipstick-makeup","8":"product_cat-lips-liner-makeup","9":"pa_-994","10":"pa_-997","11":"pa_-995","12":"pa_-996","14":"first","15":"outofstock","16":"product-type-variable","17":"has-default-attributes","18":"wvs-archive-product-wrapper"},"brands":[{"id":709,"name":"Sheglam","slug":"sheglam"}],"_links":{"self":[{"href":"https:\/\/gopinkish.com\/fr\/wp-json\/wp\/v2\/product\/13849","targetHints":{"allow":["GET"]}}],"collection":[{"href":"https:\/\/gopinkish.com\/fr\/wp-json\/wp\/v2\/product"}],"about":[{"href":"https:\/\/gopinkish.com\/fr\/wp-json\/wp\/v2\/types\/product"}],"wp:featuredmedia":[{"embeddable":true,"href":"https:\/\/gopinkish.com\/fr\/wp-json\/wp\/v2\/media\/14201"}],"wp:attachment":[{"href":"https:\/\/gopinkish.com\/fr\/wp-json\/wp\/v2\/media?parent=13849"}],"wp:term":[{"taxonomy":"pwb-brand","embeddable":true,"href":"https:\/\/gopinkish.com\/fr\/wp-json\/wp\/v2\/pwb-brand?post=13849"},{"taxonomy":"product_brand","embeddable":true,"href":"https:\/\/gopinkish.com\/fr\/wp-json\/wp\/v2\/product_brand?post=13849"},{"taxonomy":"product_cat","embeddable":true,"href":"https:\/\/gopinkish.com\/fr\/wp-json\/wp\/v2\/product_cat?post=13849"},{"taxonomy":"product_tag","embeddable":true,"href":"https:\/\/gopinkish.com\/fr\/wp-json\/wp\/v2\/product_tag?post=13849"}],"curies":[{"name":"wp","href":"https:\/\/api.w.org\/{rel}","templated":true}]}}