{"id":13837,"date":"2024-06-28T15:40:32","date_gmt":"2024-06-28T14:40:32","guid":{"rendered":"https:\/\/gopinkish.com\/?post_type=product&#038;p=13837"},"modified":"2025-08-04T17:14:08","modified_gmt":"2025-08-04T16:14:08","slug":"071249355893","status":"publish","type":"product","link":"https:\/\/gopinkish.com\/fr\/produit\/071249355893\/","title":{"rendered":"Rouge \u00e0 l\u00e8vres richement color\u00e9, hydratant et brillant"},"content":{"rendered":"<p>Formul\u00e9 avec des huiles 60% et un faible volume de cire, le rouge \u00e0 l\u00e8vres Colour Riche Shine de L'Or\u00e9al Paris hydrate les l\u00e8vres et leur apporte une brillance longue dur\u00e9e.<\/p>\n<p dir=\"ltr\" style=\"text-align: center;\">\ud83c\uddec\ud83c\udde7 Rouge \u00e0 l\u00e8vres L'Or\u00e9al Paris Colour Riche Shine<br \/>\n\ud83c\uddeb\ud83c\uddf7 Rouge \u00e0 L\u00e8vres Brillant Colour Riche L'Or\u00e9al Paris<\/p>","protected":false},"excerpt":{"rendered":"<p>\u0623\u062d\u0645\u0631 \u0627\u0644\u0634\u0641\u0627\u0647 \u0643\u0648\u0644\u0648\u0631 \u0631\u064a\u0634 \u0634\u0627\u064a\u0646 \u0645\u0646 \u0644\u0648\u0631\u064a\u0627\u0644 \u0628\u0627\u0631\u064a\u0633 \u0645\u0631\u0643\u0628 \u0645\u0646 60% \u0632\u064a\u0648\u062a \u0648\u062d\u062c\u0645 \u0634\u0645\u0639\u064a \u0645\u0646\u062e\u0641\u0636\u060c \u064a\u0631\u0637\u0628 \u0627\u0644\u0634\u0641\u0627\u0647 \u0648\u064a\u0645\u0646\u062d\u0647\u0627 \u0644\u0645\u0639\u0627\u0646\u064b\u0627 \u064a\u062f\u0648\u0645 \u0637\u0648\u064a\u0644\u064b\u0627. \ud83c\uddec\ud83c\udde7 L&#8217;Or\u00e9al Paris Colour Riche Shine Lipstick \ud83c\uddeb\ud83c\uddf7 Rouge \u00e0 L\u00e8vres Brillant Colour Riche L&#8217;Or\u00e9al Paris<\/p>","protected":false},"featured_media":14632,"template":"","meta":[],"pwb-brand":[239],"product_brand":[],"product_cat":[1182],"product_tag":[],"class_list":{"0":"post-13837","1":"product","2":"type-product","3":"status-publish","4":"has-post-thumbnail","6":"pwb-brand-loreal","7":"product_cat-lipstick-makeup","8":"pa_-823","10":"first","11":"instock","12":"purchasable","13":"product-type-variable","14":"has-default-attributes","15":"wvs-archive-product-wrapper"},"brands":[{"id":239,"name":"L'Or\u00e9al Paris","slug":"loreal"}],"_links":{"self":[{"href":"https:\/\/gopinkish.com\/fr\/wp-json\/wp\/v2\/product\/13837","targetHints":{"allow":["GET"]}}],"collection":[{"href":"https:\/\/gopinkish.com\/fr\/wp-json\/wp\/v2\/product"}],"about":[{"href":"https:\/\/gopinkish.com\/fr\/wp-json\/wp\/v2\/types\/product"}],"wp:featuredmedia":[{"embeddable":true,"href":"https:\/\/gopinkish.com\/fr\/wp-json\/wp\/v2\/media\/14632"}],"wp:attachment":[{"href":"https:\/\/gopinkish.com\/fr\/wp-json\/wp\/v2\/media?parent=13837"}],"wp:term":[{"taxonomy":"pwb-brand","embeddable":true,"href":"https:\/\/gopinkish.com\/fr\/wp-json\/wp\/v2\/pwb-brand?post=13837"},{"taxonomy":"product_brand","embeddable":true,"href":"https:\/\/gopinkish.com\/fr\/wp-json\/wp\/v2\/product_brand?post=13837"},{"taxonomy":"product_cat","embeddable":true,"href":"https:\/\/gopinkish.com\/fr\/wp-json\/wp\/v2\/product_cat?post=13837"},{"taxonomy":"product_tag","embeddable":true,"href":"https:\/\/gopinkish.com\/fr\/wp-json\/wp\/v2\/product_tag?post=13837"}],"curies":[{"name":"wp","href":"https:\/\/api.w.org\/{rel}","templated":true}]}}