{"id":13821,"date":"2024-06-28T15:40:32","date_gmt":"2024-06-28T14:40:32","guid":{"rendered":"https:\/\/gopinkish.com\/?post_type=product&#038;p=13821"},"modified":"2026-05-10T12:54:54","modified_gmt":"2026-05-10T11:54:54","slug":"3614224495299","status":"publish","type":"product","link":"https:\/\/gopinkish.com\/fr\/produit\/3614224495299\/","title":{"rendered":"Primaire anti-fatigue aux vitamines C, A et B5"},"content":{"rendered":"<p style=\"text-align: justify;\">Le Healthy Mix Primer de Bourjois permet d'obtenir facilement un teint frais et \u00e9clatant gr\u00e2ce \u00e0 sa remarquable formule enrichie en vitamines C, A et B5. Ce primer l\u00e9ger dissimule efficacement les signes de fatigue en couvrant les rougeurs et les cernes. De plus, gr\u00e2ce \u00e0 la technologie de correction des pigments, il unifie la couleur et couvre les imperfections de la peau. Le Healthy Mix Primer lisse \u00e9galement les ridules et minimise l'apparence des pores. Sa formule fondante ne colle pas, n'est pas grasse et d\u00e9gage un \u00e9tonnant parfum fruit\u00e9 et frais ! De plus, gr\u00e2ce \u00e0 sa couleur universelle qui convient \u00e0 toutes les carnations, le Healthy Mix Primer de Bourjois convient parfaitement \u00e0 toutes les femmes. Bourjois Healthy Mix Blurring Primer - une v\u00e9ritable \u0153uvre d'art cosm\u00e9tique !<\/p>","protected":false},"excerpt":{"rendered":"<p>\u064a\u0633\u0645\u062d \u0644\u0643 \u0628\u0631\u0627\u064a\u0645\u0631 \u0628\u0648\u0631\u062c\u0648\u0627 \u0647\u064a\u0644\u062b\u064a \u0645\u064a\u0643\u0633 \u0628\u0627\u0644\u062d\u0635\u0648\u0644 \u0639\u0644\u0649 \u0628\u0634\u0631\u0629 \u0646\u0636\u0631\u0629 \u0648\u0645\u0634\u0631\u0642\u0629 \u0628\u0633\u0647\u0648\u0644\u0629 \u0628\u0641\u0636\u0644 \u062a\u0631\u0643\u064a\u0628\u062a\u0647 \u0627\u0644\u0631\u0627\u0626\u0639\u0629 \u0627\u0644\u0645\u0639\u0632\u0632\u0629 \u0628\u0641\u064a\u062a\u0627\u0645\u064a\u0646\u0627\u062a \u0633\u064a \u0648\u0623 \u0648\u0628\u064a 5. \u064a\u062e\u0641\u064a \u0647\u0630\u0627 \u0627\u0644\u0628\u0631\u0627\u064a\u0645\u0631 \u0627\u0644\u062e\u0641\u064a\u0641 \u0627\u0644\u0648\u0632\u0646 \u0639\u0644\u0627\u0645\u0627\u062a \u0627\u0644\u062a\u0639\u0628 \u0628\u0641\u0639\u0627\u0644\u064a\u0629 \u0645\u0646 \u062e\u0644\u0627\u0644 \u062a\u063a\u0637\u064a\u0629 \u0627\u0644\u0627\u062d\u0645\u0631\u0627\u0631 \u0648\u0627\u0644\u0647\u0627\u0644\u0627\u062a \u0627\u0644\u0633\u0648\u062f\u0627\u0621. \u0639\u0644\u0627\u0648\u0629 \u0639\u0644\u0649 \u0630\u0644\u0643\u060c \u0628\u0645\u0633\u0627\u0639\u062f\u0629 \u062a\u0642\u0646\u064a\u0629 \u062a\u0635\u062d\u064a\u062d \u0627\u0644\u0635\u0628\u063a\u0629\u060c \u064a\u0639\u0645\u0644 \u0639\u0644\u0649 \u062a\u0648\u062d\u064a\u062f \u0627\u0644\u0644\u0648\u0646 \u0648\u062a\u063a\u0637\u064a\u0629 \u062a\u0634\u0648\u0647\u0627\u062a \u0627\u0644\u062c\u0644\u062f. \u0643\u0645\u0627 \u064a\u0639\u0645\u0644 \u0628\u0631\u0627\u064a\u0645\u0631 \u0647\u064a\u0644\u062b\u064a \u0645\u064a\u0643\u0633 \u0639\u0644\u0649 [&hellip;]<\/p>\n","protected":false},"featured_media":14629,"template":"","meta":[],"pwb-brand":[261],"product_brand":[],"product_cat":[1174],"product_tag":[],"class_list":{"0":"post-13821","1":"product","2":"type-product","3":"status-publish","4":"has-post-thumbnail","6":"pwb-brand-bourjois","7":"product_cat-base-primer-makeup","8":"pa_-20-","10":"first","11":"instock","12":"purchasable","13":"product-type-variable","14":"has-default-attributes","15":"wvs-archive-product-wrapper"},"brands":[{"id":261,"name":"Bourgeois","slug":"bourjois"}],"_links":{"self":[{"href":"https:\/\/gopinkish.com\/fr\/wp-json\/wp\/v2\/product\/13821","targetHints":{"allow":["GET"]}}],"collection":[{"href":"https:\/\/gopinkish.com\/fr\/wp-json\/wp\/v2\/product"}],"about":[{"href":"https:\/\/gopinkish.com\/fr\/wp-json\/wp\/v2\/types\/product"}],"wp:featuredmedia":[{"embeddable":true,"href":"https:\/\/gopinkish.com\/fr\/wp-json\/wp\/v2\/media\/14629"}],"wp:attachment":[{"href":"https:\/\/gopinkish.com\/fr\/wp-json\/wp\/v2\/media?parent=13821"}],"wp:term":[{"taxonomy":"pwb-brand","embeddable":true,"href":"https:\/\/gopinkish.com\/fr\/wp-json\/wp\/v2\/pwb-brand?post=13821"},{"taxonomy":"product_brand","embeddable":true,"href":"https:\/\/gopinkish.com\/fr\/wp-json\/wp\/v2\/product_brand?post=13821"},{"taxonomy":"product_cat","embeddable":true,"href":"https:\/\/gopinkish.com\/fr\/wp-json\/wp\/v2\/product_cat?post=13821"},{"taxonomy":"product_tag","embeddable":true,"href":"https:\/\/gopinkish.com\/fr\/wp-json\/wp\/v2\/product_tag?post=13821"}],"curies":[{"name":"wp","href":"https:\/\/api.w.org\/{rel}","templated":true}]}}