{"id":13815,"date":"2024-06-28T15:40:32","date_gmt":"2024-06-28T14:40:32","guid":{"rendered":"https:\/\/gopinkish.com\/?post_type=product&#038;p=13815"},"modified":"2026-04-23T13:18:45","modified_gmt":"2026-04-23T12:18:45","slug":"3614273014762","status":"publish","type":"product","link":"https:\/\/gopinkish.com\/fr\/produit\/3614273014762\/","title":{"rendered":"Rouge \u00e0 l\u00e8vres hydratant de luxe"},"content":{"rendered":"<p style=\"text-align: justify;\">L'embl\u00e9matique cr\u00e8me \u00e0 l\u00e8vres L'Absolu Rouge a \u00e9t\u00e9 reformul\u00e9e en une formule de soin enrichie d'ingr\u00e9dients hydratants et repulpants pour prendre soin de vos l\u00e8vres en profondeur.<\/p>\n<p style=\"text-align: justify;\"><strong>Confort maximal pour les l\u00e8vres<\/strong><br \/>\nLa cr\u00e8me L'Absolu Rouge assure une hydratation longue dur\u00e9e et jusqu'\u00e0 18 heures de confort pour les l\u00e8vres. Formul\u00e9e \u00e0 partir du baume hydratant \u00e0 la rose 30%, elle est enrichie en acide hyaluronique repulpant et infus\u00e9e de trois extraits de rose antioxydants. Les l\u00e8vres sont ainsi prot\u00e9g\u00e9es des agressions ext\u00e9rieures et hydrat\u00e9es tout au long de la journ\u00e9e. Sa texture cr\u00e9meuse glisse en douceur sur les l\u00e8vres pour un fini soyeux et lumineux et un confort longue dur\u00e9e.<\/p>\n<p style=\"text-align: justify;\">Avantages<br \/>\n- Hydratation longue dur\u00e9e.<br \/>\n- Jusqu'\u00e0 18 heures de confort absolu.<br \/>\n- Ingr\u00e9dients de soins hydratants et repulpants.<br \/>\n- Enrichi en baume de rose hydratant 30%, en extrait de grande rose antioxydant et en acide hyaluronique intensif.<br \/>\n- Finition satin\u00e9e brillante, texture cr\u00e9meuse, teintes universelles et application facile.<\/p>\n<p dir=\"ltr\" style=\"text-align: center;\">\ud83c\uddec\ud83c\udde7 Rouge \u00e0 l\u00e8vres cr\u00e8me L'Absolu Rouge de Lanc\u00f4me<br \/>\n\ud83c\uddeb\ud83c\uddf7 Rouge \u00e0 L\u00e8vres Cr\u00e8me Lanc\u00f4me L'Absolu Rouge<\/p>","protected":false},"excerpt":{"rendered":"<p>\u062a\u0645 \u0625\u0639\u0627\u062f\u0629 \u062a\u0631\u0643\u064a\u0628 \u0643\u0631\u064a\u0645 \u0627\u0644\u0634\u0641\u0627\u0647 L\u2019Absolu Rouge \u0627\u0644\u0634\u0647\u064a\u0631 \u0641\u064a \u062a\u0631\u0643\u064a\u0628\u0629 \u0639\u0646\u0627\u064a\u0629 \u063a\u0646\u064a\u0629 \u0628\u0645\u0643\u0648\u0646\u0627\u062a \u0645\u0631\u0637\u0628\u0629 \u0648\u0645\u0645\u062a\u0644\u0626\u0629 \u0644\u0644\u0639\u0646\u0627\u064a\u0629 \u0628\u0634\u0641\u062a\u064a\u0643 \u0628\u0639\u0645\u0642. \u0627\u0644\u0631\u0627\u062d\u0629 \u0627\u0644\u0642\u0635\u0648\u0649 \u0644\u0634\u0641\u062a\u064a\u0643 \u064a\u0636\u0645\u0646 \u0643\u0631\u064a\u0645 \u0644\u0627\u0628\u0633\u0648\u0644\u0648 \u0631\u0648\u062c \u062a\u0631\u0637\u064a\u0628\u064b\u0627 \u0637\u0648\u064a\u0644 \u0627\u0644\u0623\u0645\u062f \u0648\u0631\u0627\u062d\u0629 \u062a\u0635\u0644 \u0625\u0644\u0649 18 \u0633\u0627\u0639\u0629 \u0644\u0644\u0634\u0641\u0627\u0647. \u062a\u062a\u0643\u0648\u0646 \u062a\u0631\u0643\u064a\u0628\u062a\u0647 \u0645\u0646 \u0628\u0644\u0633\u0645 \u0627\u0644\u0648\u0631\u062f \u0627\u0644\u0645\u0631\u0637\u0628 \u0628\u0646\u0633\u0628\u0629 30%\u060c \u0648\u063a\u0646\u064a \u0628\u062d\u0645\u0636 \u0627\u0644\u0647\u064a\u0627\u0644\u0648\u0631\u0648\u0646\u064a\u0643 \u0627\u0644\u0645\u0645\u062a\u0644\u0626 \u0648\u0645\u0645\u0644\u0648\u0621 \u0628\u062b\u0644\u0627\u062b\u0629 \u0645\u0633\u062a\u062e\u0644\u0635\u0627\u062a \u0648\u0631\u062f\u064a\u0629 \u0645\u0636\u0627\u062f\u0629 \u0644\u0644\u0623\u0643\u0633\u062f\u0629. \u0648\u0628\u0627\u0644\u062a\u0627\u0644\u064a \u064a\u062a\u0645 \u062d\u0645\u0627\u064a\u0629 [&hellip;]<\/p>\n","protected":false},"featured_media":13875,"template":"","meta":[],"pwb-brand":[240],"product_brand":[],"product_cat":[1182],"product_tag":[],"class_list":{"0":"post-13815","1":"product","2":"type-product","3":"status-publish","4":"has-post-thumbnail","6":"pwb-brand-lancome","7":"product_cat-lipstick-makeup","9":"first","10":"instock","11":"featured","12":"purchasable","13":"product-type-variable","14":"has-default-attributes","15":"wvs-archive-product-wrapper"},"brands":[{"id":240,"name":"Lancome","slug":"lancome"}],"_links":{"self":[{"href":"https:\/\/gopinkish.com\/fr\/wp-json\/wp\/v2\/product\/13815","targetHints":{"allow":["GET"]}}],"collection":[{"href":"https:\/\/gopinkish.com\/fr\/wp-json\/wp\/v2\/product"}],"about":[{"href":"https:\/\/gopinkish.com\/fr\/wp-json\/wp\/v2\/types\/product"}],"wp:featuredmedia":[{"embeddable":true,"href":"https:\/\/gopinkish.com\/fr\/wp-json\/wp\/v2\/media\/13875"}],"wp:attachment":[{"href":"https:\/\/gopinkish.com\/fr\/wp-json\/wp\/v2\/media?parent=13815"}],"wp:term":[{"taxonomy":"pwb-brand","embeddable":true,"href":"https:\/\/gopinkish.com\/fr\/wp-json\/wp\/v2\/pwb-brand?post=13815"},{"taxonomy":"product_brand","embeddable":true,"href":"https:\/\/gopinkish.com\/fr\/wp-json\/wp\/v2\/product_brand?post=13815"},{"taxonomy":"product_cat","embeddable":true,"href":"https:\/\/gopinkish.com\/fr\/wp-json\/wp\/v2\/product_cat?post=13815"},{"taxonomy":"product_tag","embeddable":true,"href":"https:\/\/gopinkish.com\/fr\/wp-json\/wp\/v2\/product_tag?post=13815"}],"curies":[{"name":"wp","href":"https:\/\/api.w.org\/{rel}","templated":true}]}}