{"id":13813,"date":"2024-06-28T15:40:32","date_gmt":"2024-06-28T14:40:32","guid":{"rendered":"https:\/\/gopinkish.com\/?post_type=product&#038;p=13813"},"modified":"2025-04-13T22:08:15","modified_gmt":"2025-04-13T21:08:15","slug":"3274872443044","status":"publish","type":"product","link":"https:\/\/gopinkish.com\/fr\/produit\/3274872443044\/","title":{"rendered":"Rouge \u00e0 l\u00e8vres luxueux et soyeux au fini lumineux"},"content":{"rendered":"<p style=\"text-align: justify;\">Pr\u00e9sent\u00e9 dans un \u00e9tui en cuir rechargeable, le Rouge Interdit Intense Silk Lipstick est un produit \u00e9l\u00e9gant et intemporel. Sa texture moderne glisse comme de la soie et offre un fini lumineux et semi-mat. Enrichi en sph\u00e8res d'acide hyaluronique et en extrait d'Acmella Oleracea, il adoucit instantan\u00e9ment les l\u00e8vres et retient l'eau interne jusqu'\u00e0 24 heures pour un confort ultime. La couleur intense est d'une long\u00e9vit\u00e9 impressionnante et reste \u00e9clatante jusqu'\u00e0 12 heures.<\/p>\n<p style=\"text-align: justify;\">Le Rouge Interdit Intense Silk combine une couche ultra-fine, des couleurs plus vibrantes et un confort maximal, red\u00e9finissant les r\u00e8gles du rouge \u00e0 l\u00e8vres.<\/p>\n<div id=\"gtx-trans\" style=\"position: absolute; left: 778px; top: 208.818px;\">\n<div class=\"gtx-trans-icon\" style=\"text-align: justify;\"><\/div>\n<\/div>","protected":false},"excerpt":{"rendered":"<p>\u064a\u0623\u062a\u064a \u0623\u062d\u0645\u0631 \u0634\u0641\u0627\u0647 Le Rouge Interdit Intense Silk \u0641\u064a \u0639\u0644\u0628\u0629 \u062c\u0644\u062f\u064a\u0629 \u0642\u0627\u0628\u0644\u0629 \u0644\u0625\u0639\u0627\u062f\u0629 \u0627\u0644\u062a\u0639\u0628\u0626\u0629\u060c \u0648\u0647\u0648 \u0645\u0646\u062a\u062c \u0623\u0646\u064a\u0642 \u0648\u062e\u0627\u0644\u062f. \u064a\u0646\u0633\u0627\u0628 \u0642\u0648\u0627\u0645\u0647 \u0627\u0644\u0639\u0635\u0631\u064a \u0628\u0633\u0647\u0648\u0644\u0629 \u0639\u0644\u0649 \u0627\u0644\u0634\u0641\u0627\u0647 \u0643\u0627\u0644\u062d\u0631\u064a\u0631\u060c \u0648 \u064a\u0645\u0646\u062d\u0643 \u0644\u0645\u0633\u0629 \u0646\u0647\u0627\u0626\u064a\u0629 \u0645\u0636\u064a\u0626\u0629 \u0648\u0634\u0628\u0647 \u0644\u0627\u0645\u0639\u0629. \u0648\u0628\u0641\u0636\u0644 \u062a\u0631\u0643\u064a\u0628\u062a\u0647 \u0627\u0644\u063a\u0646\u064a\u0629 \u0628\u0643\u0631\u064a\u0627\u062a \u062d\u0645\u0636 \u0627\u0644\u0647\u064a\u0627\u0644\u0648\u0631\u0648\u0646\u064a\u0643 \u0648\u0645\u0633\u062a\u062e\u0644\u0635 Acmella Oleracea\u060c \u062a\u0635\u0628\u062d \u0627\u0644\u0634\u0641\u0627\u0647 \u0646\u0627\u0639\u0645\u0629 \u0639\u0644\u0649 \u0627\u0644\u0641\u0648\u0631 \u0648\u062a\u062d\u0628\u0633 \u0627\u0644\u0645\u064a\u0627\u0647 \u0627\u0644\u062f\u0627\u062e\u0644\u064a\u0629 \u0644\u0645\u062f\u0629 \u062a\u0635\u0644 \u0625\u0644\u0649 24 \u0633\u0627\u0639\u0629 \u0645\u0646 [&hellip;]<\/p>\n","protected":false},"featured_media":20450,"template":"","meta":[],"pwb-brand":[263],"product_brand":[],"product_cat":[1182],"product_tag":[],"class_list":{"0":"post-13813","1":"product","2":"type-product","3":"status-publish","4":"has-post-thumbnail","6":"pwb-brand-givenchy","7":"product_cat-lipstick-makeup","9":"first","10":"outofstock","11":"product-type-variable","12":"has-default-attributes","13":"wvs-archive-product-wrapper"},"brands":[{"id":263,"name":"Givenchy","slug":"givenchy"}],"_links":{"self":[{"href":"https:\/\/gopinkish.com\/fr\/wp-json\/wp\/v2\/product\/13813","targetHints":{"allow":["GET"]}}],"collection":[{"href":"https:\/\/gopinkish.com\/fr\/wp-json\/wp\/v2\/product"}],"about":[{"href":"https:\/\/gopinkish.com\/fr\/wp-json\/wp\/v2\/types\/product"}],"wp:featuredmedia":[{"embeddable":true,"href":"https:\/\/gopinkish.com\/fr\/wp-json\/wp\/v2\/media\/20450"}],"wp:attachment":[{"href":"https:\/\/gopinkish.com\/fr\/wp-json\/wp\/v2\/media?parent=13813"}],"wp:term":[{"taxonomy":"pwb-brand","embeddable":true,"href":"https:\/\/gopinkish.com\/fr\/wp-json\/wp\/v2\/pwb-brand?post=13813"},{"taxonomy":"product_brand","embeddable":true,"href":"https:\/\/gopinkish.com\/fr\/wp-json\/wp\/v2\/product_brand?post=13813"},{"taxonomy":"product_cat","embeddable":true,"href":"https:\/\/gopinkish.com\/fr\/wp-json\/wp\/v2\/product_cat?post=13813"},{"taxonomy":"product_tag","embeddable":true,"href":"https:\/\/gopinkish.com\/fr\/wp-json\/wp\/v2\/product_tag?post=13813"}],"curies":[{"name":"wp","href":"https:\/\/api.w.org\/{rel}","templated":true}]}}