{"id":13811,"date":"2024-06-28T15:40:23","date_gmt":"2024-06-28T14:40:23","guid":{"rendered":"https:\/\/gopinkish.com\/?post_type=product&#038;p=13811"},"modified":"2026-04-23T13:23:10","modified_gmt":"2026-04-23T12:23:10","slug":"6973474681867","status":"publish","type":"product","link":"https:\/\/gopinkish.com\/fr\/produit\/6973474681867\/","title":{"rendered":"Brillant \u00e0 l\u00e8vres bouffant"},"content":{"rendered":"<p style=\"text-align: justify;\">Ce brillant \u00e0 l\u00e8vres vous donnera envie d'en mettre plein la vue ! Ce brillant \u00e0 l\u00e8vres ultra-hydratant est enrichi d'ingr\u00e9dients qui aiment les l\u00e8vres pour un look naturel instantan\u00e9 ! A la fin de la journ\u00e9e, les l\u00e8vres sont plus pulpeuses et le fini est plus brillant.<\/p>\n<p dir=\"ltr\" style=\"text-align: center;\">\ud83c\uddec\ud83c\udde7 SHEGLAM Hot Juice Lip Plumping Gloss<br \/>\n\ud83c\uddeb\ud83c\uddf7 Gloss Repulpant SHEGLAM Hot Juice<\/p>","protected":false},"excerpt":{"rendered":"<p><span style=\"color: #ff0000;\"><strong>Date d'expiration du produit 19 juin 2026<\/strong><\/span><\/p>","protected":false},"featured_media":14647,"template":"","meta":[],"pwb-brand":[709],"product_brand":[],"product_cat":[1225,1180,1178],"product_tag":[],"class_list":{"0":"post-13811","1":"product","2":"type-product","3":"status-publish","4":"has-post-thumbnail","6":"pwb-brand-sheglam","7":"product_cat-sale","8":"product_cat-lips-gloss-makeup","9":"product_cat-lips-plump-makeup","11":"first","12":"instock","13":"sale","14":"purchasable","15":"product-type-variable","16":"has-default-attributes","17":"wvs-archive-product-wrapper"},"brands":[{"id":709,"name":"Sheglam","slug":"sheglam"}],"_links":{"self":[{"href":"https:\/\/gopinkish.com\/fr\/wp-json\/wp\/v2\/product\/13811","targetHints":{"allow":["GET"]}}],"collection":[{"href":"https:\/\/gopinkish.com\/fr\/wp-json\/wp\/v2\/product"}],"about":[{"href":"https:\/\/gopinkish.com\/fr\/wp-json\/wp\/v2\/types\/product"}],"wp:featuredmedia":[{"embeddable":true,"href":"https:\/\/gopinkish.com\/fr\/wp-json\/wp\/v2\/media\/14647"}],"wp:attachment":[{"href":"https:\/\/gopinkish.com\/fr\/wp-json\/wp\/v2\/media?parent=13811"}],"wp:term":[{"taxonomy":"pwb-brand","embeddable":true,"href":"https:\/\/gopinkish.com\/fr\/wp-json\/wp\/v2\/pwb-brand?post=13811"},{"taxonomy":"product_brand","embeddable":true,"href":"https:\/\/gopinkish.com\/fr\/wp-json\/wp\/v2\/product_brand?post=13811"},{"taxonomy":"product_cat","embeddable":true,"href":"https:\/\/gopinkish.com\/fr\/wp-json\/wp\/v2\/product_cat?post=13811"},{"taxonomy":"product_tag","embeddable":true,"href":"https:\/\/gopinkish.com\/fr\/wp-json\/wp\/v2\/product_tag?post=13811"}],"curies":[{"name":"wp","href":"https:\/\/api.w.org\/{rel}","templated":true}]}}