{"id":13786,"date":"2024-06-28T15:40:23","date_gmt":"2024-06-28T14:40:23","guid":{"rendered":"https:\/\/gopinkish.com\/?post_type=product&#038;p=13786"},"modified":"2026-04-20T14:28:51","modified_gmt":"2026-04-20T13:28:51","slug":"3400931922827","status":"publish","type":"product","link":"https:\/\/gopinkish.com\/fr\/produit\/3400931922827\/","title":{"rendered":"Emulsion de biafine pour le traitement des br\u00fblures et des plaies superficielles"},"content":{"rendered":"<p style=\"text-align: justify;\">Gr\u00e2ce \u00e0 sa formule \u00e0 base de trolamine, l'\u00e9mulsion BIAFINE\u00ae pour la peau :<\/p>\n<p style=\"text-align: justify;\">Apaise et traite les br\u00fblures superficielles et l\u00e9g\u00e8res telles que les coups de soleil, les br\u00fblures domestiques ou apr\u00e8s des proc\u00e9dures au laser.<br \/>\nFavorise la cicatrisation des petites plaies cutan\u00e9es superficielles et non infect\u00e9es telles que les coupures, les \u00e9gratignures, les ulc\u00e8res non infect\u00e9s ou m\u00eame apr\u00e8s un tatouage.<br \/>\nR\u00e9duit le degr\u00e9 d'\u00e9ryth\u00e8me secondaire \u00e0 la radioth\u00e9rapie.<br \/>\nEn cas d'\u00e9ryth\u00e8me secondaire \u00e0 une radioth\u00e9rapie ou de br\u00fblures au second degr\u00e9, il est indispensable de consulter un m\u00e9decin.<\/p>\n<p style=\"text-align: justify;\">Comment utiliser BIAFINE\u00ae, \u00e9mulsion pour application cutan\u00e9e ?<br \/>\nUtilisez toujours ce m\u00e9dicament en suivant les instructions de cette notice ou les indications de votre m\u00e9decin ou de votre pharmacien. En cas de doute, consultez votre m\u00e9decin ou votre pharmacien.<\/p>\n<p style=\"text-align: justify;\">Eryth\u00e8me secondaire \u00e0 la radioth\u00e9rapie : Suivez les recommandations de votre m\u00e9decin. En g\u00e9n\u00e9ral, 2 \u00e0 3 applications par jour, \u00e0 intervalles \u00e9gaux, avec un l\u00e9ger massage.<\/p>\n<p style=\"text-align: justify;\">Br\u00fblures au deuxi\u00e8me degr\u00e9 et autres plaies cutan\u00e9es : Il est indispensable de consulter votre m\u00e9decin. Apr\u00e8s avoir nettoy\u00e9 la plaie, appliquer une couche \u00e9paisse d\u00e9passant la surface de la l\u00e9sion et r\u00e9p\u00e9ter les applications afin de toujours garder un exc\u00e8s d'\u00e9mulsion sur la l\u00e9sion. Recouvrir si n\u00e9cessaire d'une compresse humide et compl\u00e9ter le pansement. Ne pas utiliser de pansements secs absorbants.<\/p>\n<p style=\"text-align: justify;\">Br\u00fblures au premier degr\u00e9 : En cas de br\u00fblures \u00e9tendues, il est n\u00e9cessaire de consulter un m\u00e9decin. Appliquer en couche \u00e9paisse jusqu'\u00e0 ce que la peau rejette. Appliquer en massant l\u00e9g\u00e8rement. R\u00e9p\u00e9ter 2 \u00e0 4 fois par jour.<\/p>\n<p style=\"text-align: justify;\">Mode d'administration : Percutan\u00e9e.<br \/>\nSi vous avez d'autres questions sur l'utilisation de ce m\u00e9dicament, demandez \u00e0 votre m\u00e9decin ou \u00e0 votre pharmacien.<\/p>\n<p dir=\"ltr\" style=\"text-align: center;\">\ud83c\uddec\ud83c\udde7 Biafine Cr\u00e8me \u00e9mulsion<br \/>\n\ud83c\uddeb\ud83c\uddf7 Cr\u00e8me \u00c9mulsion Biafine<\/p>","protected":false},"excerpt":{"rendered":"<p><img loading=\"lazy\" decoding=\"async\" class=\"alignnone wp-image-14245\" src=\"https:\/\/gopinkish.com\/wp-content\/uploads\/2024\/06\/1.4.1_biafinedrapeautricolore785px-copy-400x400.webp\" alt=\"\" width=\"80\" height=\"80\" srcset=\"https:\/\/gopinkish.com\/wp-content\/uploads\/2024\/06\/1.4.1_biafinedrapeautricolore785px-copy-400x400.webp 400w, https:\/\/gopinkish.com\/wp-content\/uploads\/2024\/06\/1.4.1_biafinedrapeautricolore785px-copy-595x595.webp 595w, https:\/\/gopinkish.com\/wp-content\/uploads\/2024\/06\/1.4.1_biafinedrapeautricolore785px-copy-100x100.webp 100w, https:\/\/gopinkish.com\/wp-content\/uploads\/2024\/06\/1.4.1_biafinedrapeautricolore785px-copy-768x768.webp 768w, https:\/\/gopinkish.com\/wp-content\/uploads\/2024\/06\/1.4.1_biafinedrapeautricolore785px-copy-1536x1536.webp 1536w, https:\/\/gopinkish.com\/wp-content\/uploads\/2024\/06\/1.4.1_biafinedrapeautricolore785px-copy-380x380.webp 380w, https:\/\/gopinkish.com\/wp-content\/uploads\/2024\/06\/1.4.1_biafinedrapeautricolore785px-copy-450x450.webp 450w, https:\/\/gopinkish.com\/wp-content\/uploads\/2024\/06\/1.4.1_biafinedrapeautricolore785px-copy-32x32.webp 32w, https:\/\/gopinkish.com\/wp-content\/uploads\/2024\/06\/1.4.1_biafinedrapeautricolore785px-copy-90x90.webp 90w, https:\/\/gopinkish.com\/wp-content\/uploads\/2024\/06\/1.4.1_biafinedrapeautricolore785px-copy.webp 1816w\" sizes=\"auto, (max-width: 80px) 100vw, 80px\" \/><\/p>","protected":false},"featured_media":14244,"template":"","meta":[],"pwb-brand":[1015],"product_brand":[],"product_cat":[16],"product_tag":[],"class_list":{"0":"post-13786","1":"product","2":"type-product","3":"status-publish","4":"has-post-thumbnail","6":"pwb-brand-biafine","7":"product_cat-other","9":"first","10":"instock","11":"purchasable","12":"product-type-variable","13":"has-default-attributes","14":"wvs-archive-product-wrapper"},"brands":[{"id":1015,"name":"Biafine","slug":"biafine"}],"_links":{"self":[{"href":"https:\/\/gopinkish.com\/fr\/wp-json\/wp\/v2\/product\/13786","targetHints":{"allow":["GET"]}}],"collection":[{"href":"https:\/\/gopinkish.com\/fr\/wp-json\/wp\/v2\/product"}],"about":[{"href":"https:\/\/gopinkish.com\/fr\/wp-json\/wp\/v2\/types\/product"}],"wp:featuredmedia":[{"embeddable":true,"href":"https:\/\/gopinkish.com\/fr\/wp-json\/wp\/v2\/media\/14244"}],"wp:attachment":[{"href":"https:\/\/gopinkish.com\/fr\/wp-json\/wp\/v2\/media?parent=13786"}],"wp:term":[{"taxonomy":"pwb-brand","embeddable":true,"href":"https:\/\/gopinkish.com\/fr\/wp-json\/wp\/v2\/pwb-brand?post=13786"},{"taxonomy":"product_brand","embeddable":true,"href":"https:\/\/gopinkish.com\/fr\/wp-json\/wp\/v2\/product_brand?post=13786"},{"taxonomy":"product_cat","embeddable":true,"href":"https:\/\/gopinkish.com\/fr\/wp-json\/wp\/v2\/product_cat?post=13786"},{"taxonomy":"product_tag","embeddable":true,"href":"https:\/\/gopinkish.com\/fr\/wp-json\/wp\/v2\/product_tag?post=13786"}],"curies":[{"name":"wp","href":"https:\/\/api.w.org\/{rel}","templated":true}]}}