{"id":13780,"date":"2026-04-30T15:40:23","date_gmt":"2026-04-30T14:40:23","guid":{"rendered":"https:\/\/gopinkish.com\/?post_type=product&#038;p=13780"},"modified":"2026-05-10T15:52:25","modified_gmt":"2026-05-10T14:52:25","slug":"4005800210617","status":"publish","type":"product","link":"https:\/\/gopinkish.com\/fr\/produit\/4005800210617\/","title":{"rendered":"S\u00e9rum doublement hydratant aux propri\u00e9t\u00e9s anti-taches et anti-pigmentation"},"content":{"rendered":"<p style=\"text-align: justify;\">La m\u00e9lanine est un pigment naturel qui donne sa couleur \u00e0 la peau. L'exposition au soleil, les influences hormonales et le vieillissement peuvent entra\u00eener une augmentation de la production de m\u00e9lanine et une hyperpigmentation. L'hyperpigmentation se manifeste par des taches sombres et des taches de vieillesse (\u00e9galement appel\u00e9es taches de soleil) qui donnent \u00e0 la peau un aspect in\u00e9gal.<\/p>\n<p style=\"text-align: justify;\">Eucerin ANTI-PIGMENT Serum Duo combine deux s\u00e9rums qui agissent de mani\u00e8re diff\u00e9rente : - Thiamidol : Un ingr\u00e9dient actif brevet\u00e9 qui agit \u00e0 la source de l'hyperpigmentation et qui a \u00e9t\u00e9 cliniquement prouv\u00e9 pour r\u00e9duire l'hyperpigmentation en emp\u00eachant sa r\u00e9apparition gr\u00e2ce \u00e0 une utilisation r\u00e9guli\u00e8re. - Acide hyaluronique concentr\u00e9 : L'un des hydratants les plus efficaces pour aider la peau \u00e0 capter et \u00e0 retenir l'eau. L'\u00e9mulsion l\u00e9g\u00e8re est cliniquement et dermatologiquement prouv\u00e9e pour r\u00e9duire les taches et pr\u00e9venir leur r\u00e9apparition tout en am\u00e9liorant l'apparence de la peau. Les premiers r\u00e9sultats sont visibles apr\u00e8s deux semaines et s'am\u00e9liorent continuellement avec une utilisation r\u00e9guli\u00e8re. La peau est liss\u00e9e et semble renouvel\u00e9e, devenant uniforme, brillante et lumineuse.<\/p>\n<p dir=\"ltr\" style=\"text-align: center;\">\ud83c\uddec\ud83c\udde7 Eucerin Anti-Pigment Dual Serum<br \/>\n\ud83c\uddeb\ud83c\uddf7 S\u00e9rum Duo Anti-Pigment Eucerin<\/p>\n<div id=\"gtx-trans\" style=\"position: absolute; left: 876px; top: 0.18182px;\">\n<div class=\"gtx-trans-icon\" style=\"text-align: justify;\"><\/div>\n<\/div>","protected":false},"excerpt":{"rendered":"<p>\u0627\u0644\u0645\u064a\u0644\u0627\u0646\u064a\u0646 \u0647\u0648 \u0635\u0628\u063a\u0629 \u0637\u0628\u064a\u0639\u064a\u0629 \u062a\u0639\u0637\u064a \u0627\u0644\u0644\u0648\u0646 \u0644\u0644\u0628\u0634\u0631\u0629. \u0627\u0644\u062a\u0639\u0631\u0636 \u0644\u0623\u0634\u0639\u0629 \u0627\u0644\u0634\u0645\u0633 \u0648\u0627\u0644\u062a\u0623\u062b\u064a\u0631\u0627\u062a \u0627\u0644\u0647\u0631\u0645\u0648\u0646\u064a\u0629 \u0648\u0627\u0644\u0634\u064a\u062e\u0648\u062e\u0629 \u064a\u0645\u0643\u0646 \u0623\u0646 \u064a\u0624\u062f\u064a \u0625\u0644\u0649 \u0632\u064a\u0627\u062f\u0629 \u0625\u0646\u062a\u0627\u062c \u0627\u0644\u0645\u064a\u0644\u0627\u0646\u064a\u0646 \u0648\u064a\u0624\u062f\u064a \u0625\u0644\u0649 \u0641\u0631\u0637 \u0627\u0644\u062a\u0635\u0628\u063a. \u064a\u0638\u0647\u0631 \u0641\u0631\u0637 \u0627\u0644\u062a\u0635\u0628\u063a \u0639\u0644\u0649 \u0634\u0643\u0644 \u0628\u0642\u0639 \u062f\u0627\u0643\u0646\u0629 \u0648\u0628\u0642\u0639 \u062a\u0642\u062f\u0645 \u0627\u0644\u0633\u0646 (\u0648\u062a\u0633\u0645\u0649 \u0623\u064a\u0636\u064b\u0627 \u0628\u0642\u0639 \u0627\u0644\u0634\u0645\u0633) \u0645\u0645\u0627 \u064a\u0645\u0646\u062d \u0627\u0644\u062c\u0644\u062f \u0645\u0638\u0647\u0631\u064b\u0627 \u063a\u064a\u0631 \u0645\u062a\u0633\u0627\u0648\u064d. \u064a\u062c\u0645\u0639 Eucerin ANTI-PIGMENT Serum Duo \u0628\u064a\u0646 \u0645\u0635\u0644\u064a\u0646 \u064a\u0639\u0645\u0644\u0627\u0646 \u0628\u0637\u0631\u0642 \u0645\u062e\u062a\u0644\u0641\u0629: &#8211; [&hellip;]<\/p>\n","protected":false},"featured_media":13937,"template":"","meta":[],"pwb-brand":[439],"product_brand":[],"product_cat":[1123,1230],"product_tag":[697,671],"class_list":{"0":"post-13780","1":"product","2":"type-product","3":"status-publish","4":"has-post-thumbnail","6":"pwb-brand-eucerin","7":"product_cat-face-bright","8":"product_cat-face-serum","9":"product_tag-moisturizing","10":"product_tag-pigmentation","12":"first","13":"instock","14":"featured","15":"purchasable","16":"product-type-variable","17":"has-default-attributes","18":"wvs-archive-product-wrapper"},"brands":[{"id":439,"name":"Eucerin","slug":"eucerin"}],"_links":{"self":[{"href":"https:\/\/gopinkish.com\/fr\/wp-json\/wp\/v2\/product\/13780","targetHints":{"allow":["GET"]}}],"collection":[{"href":"https:\/\/gopinkish.com\/fr\/wp-json\/wp\/v2\/product"}],"about":[{"href":"https:\/\/gopinkish.com\/fr\/wp-json\/wp\/v2\/types\/product"}],"wp:featuredmedia":[{"embeddable":true,"href":"https:\/\/gopinkish.com\/fr\/wp-json\/wp\/v2\/media\/13937"}],"wp:attachment":[{"href":"https:\/\/gopinkish.com\/fr\/wp-json\/wp\/v2\/media?parent=13780"}],"wp:term":[{"taxonomy":"pwb-brand","embeddable":true,"href":"https:\/\/gopinkish.com\/fr\/wp-json\/wp\/v2\/pwb-brand?post=13780"},{"taxonomy":"product_brand","embeddable":true,"href":"https:\/\/gopinkish.com\/fr\/wp-json\/wp\/v2\/product_brand?post=13780"},{"taxonomy":"product_cat","embeddable":true,"href":"https:\/\/gopinkish.com\/fr\/wp-json\/wp\/v2\/product_cat?post=13780"},{"taxonomy":"product_tag","embeddable":true,"href":"https:\/\/gopinkish.com\/fr\/wp-json\/wp\/v2\/product_tag?post=13780"}],"curies":[{"name":"wp","href":"https:\/\/api.w.org\/{rel}","templated":true}]}}