{"id":13645,"date":"2024-06-28T15:39:41","date_gmt":"2024-06-28T14:39:41","guid":{"rendered":"https:\/\/gopinkish.com\/?post_type=product&#038;p=13645"},"modified":"2025-12-27T12:15:58","modified_gmt":"2025-12-27T11:15:58","slug":"3350900001322","status":"publish","type":"product","link":"https:\/\/gopinkish.com\/fr\/produit\/3350900001322\/","title":{"rendered":"S\u00e9rum ultra-hydratant et revitalisant"},"content":{"rendered":"<p style=\"text-align: justify;\">Enrichi en actifs ultra-hydratants, Hydra-Serum revitalise instantan\u00e9ment la peau. Il contient un complexe actif unique qui optimise les m\u00e9canismes naturels d'hydratation de la peau.<\/p>\n<p style=\"text-align: justify;\"><strong>Quel est le secret de sa formule ?<\/strong><\/p>\n<p style=\"text-align: justify;\">L'eau de lys blanc, aux remarquables propri\u00e9t\u00e9s hydratantes et r\u00e9g\u00e9n\u00e9rantes, est associ\u00e9e \u00e0 l'acide hyaluronique, qui retient l'eau dans la peau et am\u00e9liore la fonction barri\u00e8re. Elle hydrate instantan\u00e9ment et durablement la peau, m\u00eame s\u00e8che.<\/p>\n<p style=\"text-align: justify;\">Gr\u00e2ce \u00e0 cette cr\u00e8me hydratante intensive, le visage est plus rebondi, le grain est plus lisse, la peau est plus douce et plus \u00e9lastique. Jour apr\u00e8s jour, la peau devient plus belle et plus lumineuse. Sa texture aqueuse et rafra\u00eechissante p\u00e9n\u00e8tre instantan\u00e9ment dans la peau. Elle p\u00e9n\u00e8tre rapidement et offre un fini soyeux et velout\u00e9, tout en \u00e9tant confortable \u00e0 utiliser.<\/p>\n<p dir=\"ltr\" style=\"text-align: center;\">\ud83c\uddec\ud83c\udde7 Embryolisse Hydra-Serum<br \/>\n\ud83c\uddeb\ud83c\uddf7 S\u00e9rum Hydra Embryolisse<\/p>","protected":false},"excerpt":{"rendered":"<p>\u064a\u062d\u062a\u0648\u064a Hydra-Serum \u0639\u0644\u0649 \u0645\u0643\u0648\u0646\u0627\u062a \u0646\u0634\u0637\u0629 \u0641\u0627\u0626\u0642\u0629 \u0627\u0644\u062a\u0631\u0637\u064a\u0628\u060c \u0648\u064a\u0639\u0645\u0644 \u0639\u0644\u0649 \u062a\u0646\u0634\u064a\u0637 \u0627\u0644\u0628\u0634\u0631\u0629 \u0639\u0644\u0649 \u0627\u0644\u0641\u0648\u0631. \u0643\u0645\u0627 \u064a\u062d\u062a\u0648\u064a \u0639\u0644\u0649 \u0645\u0631\u0643\u0628 \u0646\u0634\u0637 \u0641\u0631\u064a\u062f \u0645\u0646 \u0646\u0648\u0639\u0647 \u064a\u0639\u0645\u0644 \u0639\u0644\u0649 \u062a\u062d\u0633\u064a\u0646 \u0622\u0644\u064a\u0627\u062a \u0627\u0644\u062a\u0631\u0637\u064a\u0628 \u0627\u0644\u0637\u0628\u064a\u0639\u064a\u0629 \u0644\u0644\u0628\u0634\u0631\u0629. \u0645\u0627 \u0633\u0631 \u062a\u0631\u0643\u064a\u0628\u062a\u0647\u061f \u064a\u062a\u062d\u062f \u0645\u0627\u0621 \u0627\u0644\u0632\u0646\u0628\u0642 \u0627\u0644\u0623\u0628\u064a\u0636\u060c \u0630\u0648 \u0627\u0644\u062e\u0635\u0627\u0626\u0635 \u0627\u0644\u0645\u0631\u0637\u0628\u0629 \u0648\u0627\u0644\u0645\u062a\u062c\u062f\u062f\u0629 \u0627\u0644\u0631\u0627\u0626\u0639\u0629\u060c \u0645\u0639 \u062d\u0645\u0636 \u0627\u0644\u0647\u064a\u0627\u0644\u0648\u0631\u0648\u0646\u064a\u0643\u060c \u0627\u0644\u0630\u064a \u064a\u062d\u062a\u0641\u0638 \u0628\u0627\u0644\u0645\u0627\u0621 \u0641\u064a \u0627\u0644\u0628\u0634\u0631\u0629 \u0648\u064a\u062d\u0633\u0646 \u0648\u0638\u064a\u0641\u0629 \u0627\u0644\u062d\u0627\u062c\u0632. \u064a\u0631\u0637\u0628 \u0627\u0644\u0628\u0634\u0631\u0629\u060c \u062d\u062a\u0649 \u0644\u0648 [&hellip;]<\/p>\n","protected":false},"featured_media":14808,"template":"","meta":[],"pwb-brand":[1032],"product_brand":[],"product_cat":[1121,1230],"product_tag":[696,697,680],"class_list":{"0":"post-13645","1":"product","2":"type-product","3":"status-publish","4":"has-post-thumbnail","6":"pwb-brand-embryolisse","7":"product_cat-face-moist","8":"product_cat-face-serum","9":"product_tag-dryskin","10":"product_tag-moisturizing","11":"product_tag-dryness","13":"first","14":"instock","15":"purchasable","16":"product-type-variable","17":"has-default-attributes","18":"wvs-archive-product-wrapper"},"brands":[{"id":1032,"name":"Embryolisse","slug":"embryolisse"}],"_links":{"self":[{"href":"https:\/\/gopinkish.com\/fr\/wp-json\/wp\/v2\/product\/13645","targetHints":{"allow":["GET"]}}],"collection":[{"href":"https:\/\/gopinkish.com\/fr\/wp-json\/wp\/v2\/product"}],"about":[{"href":"https:\/\/gopinkish.com\/fr\/wp-json\/wp\/v2\/types\/product"}],"wp:featuredmedia":[{"embeddable":true,"href":"https:\/\/gopinkish.com\/fr\/wp-json\/wp\/v2\/media\/14808"}],"wp:attachment":[{"href":"https:\/\/gopinkish.com\/fr\/wp-json\/wp\/v2\/media?parent=13645"}],"wp:term":[{"taxonomy":"pwb-brand","embeddable":true,"href":"https:\/\/gopinkish.com\/fr\/wp-json\/wp\/v2\/pwb-brand?post=13645"},{"taxonomy":"product_brand","embeddable":true,"href":"https:\/\/gopinkish.com\/fr\/wp-json\/wp\/v2\/product_brand?post=13645"},{"taxonomy":"product_cat","embeddable":true,"href":"https:\/\/gopinkish.com\/fr\/wp-json\/wp\/v2\/product_cat?post=13645"},{"taxonomy":"product_tag","embeddable":true,"href":"https:\/\/gopinkish.com\/fr\/wp-json\/wp\/v2\/product_tag?post=13645"}],"curies":[{"name":"wp","href":"https:\/\/api.w.org\/{rel}","templated":true}]}}