{"id":13641,"date":"2024-06-28T15:39:41","date_gmt":"2024-06-28T14:39:41","guid":{"rendered":"https:\/\/gopinkish.com\/?post_type=product&#038;p=13641"},"modified":"2026-05-01T20:37:21","modified_gmt":"2026-05-01T19:37:21","slug":"3701129800096","status":"publish","type":"product","link":"https:\/\/gopinkish.com\/fr\/produit\/3701129800096\/","title":{"rendered":"Cr\u00e8me blanchissante intime"},"content":{"rendered":"<p style=\"text-align: justify;\">La cr\u00e8me pour zones sensibles de Pigmentbio a pour objectif d'\u00e9claircir et d'unifier le teint dans les zones o\u00f9 le frottement, l'\u00e9pilation ou le contact avec les v\u00eatements entra\u00eenent une d\u00e9coloration et l'apparition progressive de zones sombres (genoux, cou, aisselles, cuisses, pubis).<\/p>\n<p style=\"text-align: justify;\">Pigmentbio Sensitive Area Cream minimise efficacement l'apparence des taches avec une tr\u00e8s bonne tol\u00e9rance, ce qui permet de l'utiliser sur les zones les plus sensibles.<\/p>\n<p style=\"text-align: justify;\">Sa texture riche p\u00e9n\u00e8tre facilement, apaise instantan\u00e9ment la peau et la laisse s\u00e8che et douce. Jour apr\u00e8s jour, il hydrate et apaise la peau, \u00e9claircit les zones sombres et r\u00e9\u00e9quilibre durablement la peau.<\/p>\n<p style=\"text-align: justify;\">Unifie et \u00e9claircit la peau, m\u00eame dans les zones les plus sensibles.<\/p>\n<p style=\"text-align: justify;\">","protected":false},"excerpt":{"rendered":"<p>\u064a\u0647\u062f\u0641 \u0643\u0631\u064a\u0645 \u0627\u0644\u0645\u0646\u0627\u0637\u0642 \u0627\u0644\u062d\u0633\u0627\u0633\u0629 \u0645\u0646 Pigmentbio \u0625\u0644\u0649 \u062a\u0641\u062a\u064a\u062d \u0627\u0644\u0628\u0634\u0631\u0629 \u0648\u062a\u0648\u062d\u064a\u062f \u0644\u0648\u0646\u0647\u0627 \u0641\u064a \u0627\u0644\u0645\u0646\u0627\u0637\u0642 \u0627\u0644\u062a\u064a \u064a\u0624\u062f\u064a \u0641\u064a\u0647\u0627 \u0627\u0644\u0627\u062d\u062a\u0643\u0627\u0643 \u0623\u0648 \u0625\u0632\u0627\u0644\u0629 \u0627\u0644\u0634\u0639\u0631 \u0623\u0648 \u0645\u0644\u0627\u0645\u0633\u0629 \u0627\u0644\u0645\u0644\u0627\u0628\u0633 \u0625\u0644\u0649 \u062a\u063a\u064a\u0631 \u0627\u0644\u0644\u0648\u0646 \u0648\u0627\u0644\u0638\u0647\u0648\u0631 \u0627\u0644\u062a\u062f\u0631\u064a\u062c\u064a \u0644\u0644\u0645\u0646\u0627\u0637\u0642 \u0627\u0644\u062f\u0627\u0643\u0646\u0629 (\u0627\u0644\u0631\u0643\u0628\u062a\u064a\u0646 \u0648\u0627\u0644\u0631\u0642\u0628\u0629 \u0648\u0627\u0644\u0625\u0628\u0637\u064a\u0646 \u0648\u0627\u0644\u0641\u062e\u0630\u064a\u0646 \u0648\u0627\u0644\u0639\u0627\u0646\u0629). \u064a\u0639\u0645\u0644 \u0643\u0631\u064a\u0645 \u0627\u0644\u0645\u0646\u0627\u0637\u0642 \u0627\u0644\u062d\u0633\u0627\u0633\u0629 Pigmentbio \u0639\u0644\u0649 \u062a\u0642\u0644\u064a\u0644 \u0638\u0647\u0648\u0631 \u0627\u0644\u0628\u0642\u0639 \u0628\u0634\u0643\u0644 \u0641\u0639\u0627\u0644 \u0645\u0639 \u0642\u062f\u0631\u0629 \u062a\u062d\u0645\u0644 \u062c\u064a\u062f\u0629 \u062c\u062f\u064b\u0627\u060c \u0645\u0645\u0627 \u064a\u0633\u0645\u062d \u0628\u0627\u0633\u062a\u062e\u062f\u0627\u0645\u0647\u0627 \u0639\u0644\u0649 [&hellip;]<\/p>\n","protected":false},"featured_media":14140,"template":"","meta":[],"pwb-brand":[498],"product_brand":[],"product_cat":[1141],"product_tag":[685],"class_list":{"0":"post-13641","1":"product","2":"type-product","3":"status-publish","4":"has-post-thumbnail","6":"pwb-brand-bioderma","7":"product_cat-sensitive-areas","8":"product_tag-brightening","9":"pa_-75-","11":"first","12":"instock","13":"purchasable","14":"product-type-variable","15":"has-default-attributes","16":"wvs-archive-product-wrapper"},"brands":[{"id":498,"name":"Bioderma","slug":"bioderma"}],"_links":{"self":[{"href":"https:\/\/gopinkish.com\/fr\/wp-json\/wp\/v2\/product\/13641","targetHints":{"allow":["GET"]}}],"collection":[{"href":"https:\/\/gopinkish.com\/fr\/wp-json\/wp\/v2\/product"}],"about":[{"href":"https:\/\/gopinkish.com\/fr\/wp-json\/wp\/v2\/types\/product"}],"wp:featuredmedia":[{"embeddable":true,"href":"https:\/\/gopinkish.com\/fr\/wp-json\/wp\/v2\/media\/14140"}],"wp:attachment":[{"href":"https:\/\/gopinkish.com\/fr\/wp-json\/wp\/v2\/media?parent=13641"}],"wp:term":[{"taxonomy":"pwb-brand","embeddable":true,"href":"https:\/\/gopinkish.com\/fr\/wp-json\/wp\/v2\/pwb-brand?post=13641"},{"taxonomy":"product_brand","embeddable":true,"href":"https:\/\/gopinkish.com\/fr\/wp-json\/wp\/v2\/product_brand?post=13641"},{"taxonomy":"product_cat","embeddable":true,"href":"https:\/\/gopinkish.com\/fr\/wp-json\/wp\/v2\/product_cat?post=13641"},{"taxonomy":"product_tag","embeddable":true,"href":"https:\/\/gopinkish.com\/fr\/wp-json\/wp\/v2\/product_tag?post=13641"}],"curies":[{"name":"wp","href":"https:\/\/api.w.org\/{rel}","templated":true}]}}