{"id":13625,"date":"2024-06-28T15:39:41","date_gmt":"2024-06-28T14:39:41","guid":{"rendered":"https:\/\/gopinkish.com\/?post_type=product&#038;p=13625"},"modified":"2026-03-16T22:31:25","modified_gmt":"2026-03-16T21:31:25","slug":"8809598454781","status":"publish","type":"product","link":"https:\/\/gopinkish.com\/fr\/produit\/8809598454781\/","title":{"rendered":"Cr\u00e8me anti-\u00e2ge, anti-rides et anti-rides au r\u00e9tinol"},"content":{"rendered":"<p style=\"text-align: justify;\">Le r\u00e9tinol contribue \u00e0 att\u00e9nuer les signes du vieillissement, tels que les rides et ridules, pour une peau plus lisse, plus ferme et d'apparence plus jeune. Il aide \u00e0 r\u00e9g\u00e9n\u00e9rer et \u00e0 reconstituer la peau, laissant le visage \u00e9clatant et radieux.<\/p>\n<p style=\"text-align: justify;\">Principaux avantages : Bas\u00e9e sur les r\u00e9sultats r\u00e9els des auto-\u00e9valuations des consommateurs, la cr\u00e8me au r\u00e9tinol 0.1% aide \u00e0 r\u00e9duire les rides et les ridules tout en augmentant l'\u00e9lasticit\u00e9 de la peau, en pr\u00e9venant l'acn\u00e9 et en \u00e9liminant les cicatrices.<\/p>\n<p style=\"text-align: justify;\">Ingr\u00e9dients dermatologiques : Le r\u00e9tinol est une forme de vitamine A pure et active qui contribue \u00e0 att\u00e9nuer les rides et \u00e0 resserrer la peau. Le panth\u00e9nol avec 1% aide \u00e0 prot\u00e9ger et \u00e0 hydrater la peau. La super vitamine E (tocotri\u00e9nol) aide \u00e0 lutter contre les signes du vieillissement. L'ad\u00e9nosine resserre la peau et estompe les ridules.<\/p>\n<p style=\"text-align: justify;\">Mode d'emploi : Appliquer une quantit\u00e9 de la taille d'un petit pois comme derni\u00e8re \u00e9tape du soin de la peau. Pour une utilisation de jour, suivre d'un \u00e9cran solaire SPF 30+. Effectuer un test \u00e9picutan\u00e9 sur le corps avant de l'utiliser sur le visage.<\/p>\n<p dir=\"ltr\" style=\"text-align: center;\">\ud83c\uddec\ud83c\udde7 COSRX The Retinol 0.1 Cream<br \/>\n\ud83c\uddeb\ud83c\uddf7 Cr\u00e8me COSRX au R\u00e9tinol 0.1<\/p>","protected":false},"excerpt":{"rendered":"<p><span style=\"color: #ff0000;\"><strong>Date de p\u00e9remption du produit : juillet 2026<\/strong><\/span><\/p>","protected":false},"featured_media":14778,"template":"","meta":[],"pwb-brand":[722],"product_brand":[],"product_cat":[1227,1225],"product_tag":[672,676,1013,763],"class_list":{"0":"post-13625","1":"product","2":"type-product","3":"status-publish","4":"has-post-thumbnail","6":"pwb-brand-cosrx","7":"product_cat-face-renew","8":"product_cat-sale","9":"product_tag-wrinkles","10":"product_tag-lift","11":"product_tag-1013","12":"product_tag-korean-product-2","14":"first","15":"instock","16":"sale","17":"purchasable","18":"product-type-variable","19":"has-default-attributes","20":"wvs-archive-product-wrapper"},"brands":[{"id":722,"name":"Cosrx","slug":"cosrx"}],"_links":{"self":[{"href":"https:\/\/gopinkish.com\/fr\/wp-json\/wp\/v2\/product\/13625","targetHints":{"allow":["GET"]}}],"collection":[{"href":"https:\/\/gopinkish.com\/fr\/wp-json\/wp\/v2\/product"}],"about":[{"href":"https:\/\/gopinkish.com\/fr\/wp-json\/wp\/v2\/types\/product"}],"wp:featuredmedia":[{"embeddable":true,"href":"https:\/\/gopinkish.com\/fr\/wp-json\/wp\/v2\/media\/14778"}],"wp:attachment":[{"href":"https:\/\/gopinkish.com\/fr\/wp-json\/wp\/v2\/media?parent=13625"}],"wp:term":[{"taxonomy":"pwb-brand","embeddable":true,"href":"https:\/\/gopinkish.com\/fr\/wp-json\/wp\/v2\/pwb-brand?post=13625"},{"taxonomy":"product_brand","embeddable":true,"href":"https:\/\/gopinkish.com\/fr\/wp-json\/wp\/v2\/product_brand?post=13625"},{"taxonomy":"product_cat","embeddable":true,"href":"https:\/\/gopinkish.com\/fr\/wp-json\/wp\/v2\/product_cat?post=13625"},{"taxonomy":"product_tag","embeddable":true,"href":"https:\/\/gopinkish.com\/fr\/wp-json\/wp\/v2\/product_tag?post=13625"}],"curies":[{"name":"wp","href":"https:\/\/api.w.org\/{rel}","templated":true}]}}