{"id":13615,"date":"2024-06-28T15:39:30","date_gmt":"2024-06-28T14:39:30","guid":{"rendered":"https:\/\/gopinkish.com\/?post_type=product&#038;p=13615"},"modified":"2025-12-17T13:05:21","modified_gmt":"2025-12-17T12:05:21","slug":"30158719","status":"publish","type":"product","link":"https:\/\/gopinkish.com\/fr\/produit\/30158719\/","title":{"rendered":"Gloss pour les l\u00e8vres au piment"},"content":{"rendered":"<p style=\"text-align: justify;\"><div  class=\"section-element\"><div class=\"row\"><div class=\"large-12 nasa-col columns\"><div class=\"wpb_text_column wpb_content_element\" ><p>Le gloss repulpant Lifter Plump Chilli &amp; Maxi-Lip\u2122 procure une sensation de chaleur intense et un effet repulpant instantan\u00e9ment et sur la dur\u00e9e. Ce gloss repulpant est disponible en 8 teintes chaudes, notamment Blush Blaze, Pink Sting, Red Flag, Peach Fever, Hot Chili, Cocoa Zing et plus encore.<\/p>\n<p style=\"text-align: justify;\">Formul\u00e9 avec du piment et Maxi-Lip\u2122. Procure une puissante sensation de chaleur, en lissant les lignes des l\u00e8vres et en leur donnant de l'ampleur. Son applicateur large soul\u00e8ve les l\u00e8vres avec une couleur chaude et brillante - transformant les l\u00e8vres en un seul passage. Appliquez le produit pour obtenir des l\u00e8vres pulpeuses et brillantes.<\/p>\n<\/div><\/div><\/div><\/div><div  class=\"section-element\"><div class=\"row\"><div class=\"large-12 nasa-col columns\"><div class=\"vc_empty_space\"   style=\"height: 32px\"><span class=\"vc_empty_space_inner\"><\/span><\/div><div class=\"nasa-compare-images-wrap\"><div class=\"nasa-compare-images\"><div class=\"hidden-tag\"><div class=\"nasa-img-compare-item before-img\" data-src=\"https:\/\/gopinkish.com\/wp-content\/uploads\/2024\/06\/maybelline-lifter-plump-slider-before-1320x742-copy.webp\" data-width=\"1320\" data-height=\"742\" data-alt=\"\"><\/div><\/div><div class=\"hidden-tag\"><div class=\"nasa-img-compare-item after-img\" data-src=\"https:\/\/gopinkish.com\/wp-content\/uploads\/2024\/06\/maybelline-lifter-plump-slider-after-1320x742-copy.webp\" data-width=\"1320\" data-height=\"742\" data-alt=\"\"><\/div><\/div><\/div><\/div><\/div><\/div><\/div>\n<p dir=\"ltr\" style=\"text-align: center;\">\ud83c\uddec\ud83c\udde7 Maybelline Lifter Plump Lip Gloss<br \/>\n\ud83c\uddeb\ud83c\uddf7 Gloss Repulpant Maybelline Lifter Plump<\/p>","protected":false},"excerpt":{"rendered":"<p>\ud83c\uddec\ud83c\udde7 Maybelline Lifter Plump Lip Gloss \ud83c\uddeb\ud83c\uddf7 Gloss Repulpant Maybelline Lifter Plump<\/p>","protected":false},"featured_media":15001,"template":"","meta":[],"pwb-brand":[238],"product_brand":[],"product_cat":[1180,1178],"product_tag":[],"class_list":{"0":"post-13615","1":"product","2":"type-product","3":"status-publish","4":"has-post-thumbnail","6":"pwb-brand-maybelline-new-york","7":"product_cat-lips-gloss-makeup","8":"product_cat-lips-plump-makeup","10":"first","11":"instock","12":"purchasable","13":"product-type-variable","14":"has-default-attributes","15":"wvs-archive-product-wrapper"},"brands":[{"id":238,"name":"Maybelline New York","slug":"maybelline-new-york"}],"_links":{"self":[{"href":"https:\/\/gopinkish.com\/fr\/wp-json\/wp\/v2\/product\/13615","targetHints":{"allow":["GET"]}}],"collection":[{"href":"https:\/\/gopinkish.com\/fr\/wp-json\/wp\/v2\/product"}],"about":[{"href":"https:\/\/gopinkish.com\/fr\/wp-json\/wp\/v2\/types\/product"}],"wp:featuredmedia":[{"embeddable":true,"href":"https:\/\/gopinkish.com\/fr\/wp-json\/wp\/v2\/media\/15001"}],"wp:attachment":[{"href":"https:\/\/gopinkish.com\/fr\/wp-json\/wp\/v2\/media?parent=13615"}],"wp:term":[{"taxonomy":"pwb-brand","embeddable":true,"href":"https:\/\/gopinkish.com\/fr\/wp-json\/wp\/v2\/pwb-brand?post=13615"},{"taxonomy":"product_brand","embeddable":true,"href":"https:\/\/gopinkish.com\/fr\/wp-json\/wp\/v2\/product_brand?post=13615"},{"taxonomy":"product_cat","embeddable":true,"href":"https:\/\/gopinkish.com\/fr\/wp-json\/wp\/v2\/product_cat?post=13615"},{"taxonomy":"product_tag","embeddable":true,"href":"https:\/\/gopinkish.com\/fr\/wp-json\/wp\/v2\/product_tag?post=13615"}],"curies":[{"name":"wp","href":"https:\/\/api.w.org\/{rel}","templated":true}]}}