{"id":13611,"date":"2024-06-28T15:39:30","date_gmt":"2024-06-28T14:39:30","guid":{"rendered":"https:\/\/gopinkish.com\/?post_type=product&#038;p=13611"},"modified":"2026-04-20T12:20:39","modified_gmt":"2026-04-20T11:20:39","slug":"5057566227957","status":"publish","type":"product","link":"https:\/\/gopinkish.com\/fr\/produit\/5057566227957\/","title":{"rendered":"Rouge \u00e0 l\u00e8vres mat et satin\u00e9"},"content":{"rendered":"<p style=\"text-align: justify;\">Un rouge \u00e0 l\u00e8vres soyeux aux propri\u00e9t\u00e9s hydratantes douces qui aide \u00e0 garder les l\u00e8vres douces et lisses tout au long de la journ\u00e9e. Il est pr\u00e9sent\u00e9 dans un clip m\u00e9tallique \u00e0 fermeture souple pour une touche de luxe et dans un magnifique emballage d'inspiration orientale.<\/p>","protected":false},"excerpt":{"rendered":"<p>Un rouge \u00e0 l\u00e8vres soyeux aux propri\u00e9t\u00e9s hydratantes douces qui aide \u00e0 garder les l\u00e8vres douces et lisses tout au long de la journ\u00e9e. Il est pr\u00e9sent\u00e9 dans un clip m\u00e9tallique \u00e0 fermeture souple pour une touche de luxe et dans un magnifique emballage d'inspiration orientale.<\/p>","protected":false},"featured_media":14874,"template":"","meta":[],"pwb-brand":[754],"product_brand":[],"product_cat":[1182],"product_tag":[],"class_list":{"0":"post-13611","1":"product","2":"type-product","3":"status-publish","4":"has-post-thumbnail","6":"pwb-brand-revolution","7":"product_cat-lipstick-makeup","9":"first","10":"instock","11":"purchasable","12":"product-type-simple"},"brands":[{"id":754,"name":"Revolution","slug":"revolution"}],"_links":{"self":[{"href":"https:\/\/gopinkish.com\/fr\/wp-json\/wp\/v2\/product\/13611","targetHints":{"allow":["GET"]}}],"collection":[{"href":"https:\/\/gopinkish.com\/fr\/wp-json\/wp\/v2\/product"}],"about":[{"href":"https:\/\/gopinkish.com\/fr\/wp-json\/wp\/v2\/types\/product"}],"wp:featuredmedia":[{"embeddable":true,"href":"https:\/\/gopinkish.com\/fr\/wp-json\/wp\/v2\/media\/14874"}],"wp:attachment":[{"href":"https:\/\/gopinkish.com\/fr\/wp-json\/wp\/v2\/media?parent=13611"}],"wp:term":[{"taxonomy":"pwb-brand","embeddable":true,"href":"https:\/\/gopinkish.com\/fr\/wp-json\/wp\/v2\/pwb-brand?post=13611"},{"taxonomy":"product_brand","embeddable":true,"href":"https:\/\/gopinkish.com\/fr\/wp-json\/wp\/v2\/product_brand?post=13611"},{"taxonomy":"product_cat","embeddable":true,"href":"https:\/\/gopinkish.com\/fr\/wp-json\/wp\/v2\/product_cat?post=13611"},{"taxonomy":"product_tag","embeddable":true,"href":"https:\/\/gopinkish.com\/fr\/wp-json\/wp\/v2\/product_tag?post=13611"}],"curies":[{"name":"wp","href":"https:\/\/api.w.org\/{rel}","templated":true}]}}