{"id":13595,"date":"2024-06-28T15:39:30","date_gmt":"2024-06-28T14:39:30","guid":{"rendered":"https:\/\/gopinkish.com\/?post_type=product&#038;p=13595"},"modified":"2026-04-21T18:59:04","modified_gmt":"2026-04-21T17:59:04","slug":"8059385000305","status":"publish","type":"product","link":"https:\/\/gopinkish.com\/fr\/produit\/8059385000305\/","title":{"rendered":"Baume \u00e0 l\u00e8vres s\u00e9rum"},"content":{"rendered":"<p style=\"text-align: justify;\">Un baume \u00e0 l\u00e8vres teint\u00e9 au fini lumineux. Parfait pour donner aux l\u00e8vres une touche de couleur vive, les laissant douces et velout\u00e9es en un seul geste.<\/p>\n<p style=\"text-align: justify;\">Sa formule botanique est enrichie en huile de graines de caf\u00e9 aux propri\u00e9t\u00e9s \u00e9nergisantes. Sa texture teint\u00e9e au parfum de vanille glisse d\u00e9licatement sur les l\u00e8vres pour une hydratation instantan\u00e9e et un effet lissant, tandis que ses particules r\u00e9flectrices de lumi\u00e8re cr\u00e9ent un effet brillant multidimensionnel. Il peut \u00eatre utilis\u00e9 plusieurs fois dans la journ\u00e9e.<\/p>","protected":false},"excerpt":{"rendered":"<p>\u0645\u0631\u0637\u0628 \u0634\u0641\u0627\u0647 \u0645\u0644\u0648\u0646 \u0628\u0644\u0645\u0633\u0629 \u0646\u0647\u0627\u0626\u064a\u0629 \u0645\u0634\u0631\u0642\u0629. \u0645\u062b\u0627\u0644\u064a \u0644\u0645\u0646\u062d \u0627\u0644\u0634\u0641\u0627\u0647 \u0644\u0645\u0633\u0629 \u0645\u0646 \u0627\u0644\u0644\u0648\u0646 \u0627\u0644\u0645\u0634\u0631\u0642\u060c \u0645\u0645\u0627 \u064a\u062c\u0639\u0644\u0647\u0627 \u0646\u0627\u0639\u0645\u0629 \u0648\u0645\u062e\u0645\u0644\u064a\u0629 \u0641\u064a \u062e\u0637\u0648\u0629 \u0648\u0627\u062d\u062f\u0629 \u0641\u0642\u0637. \u062a\u0631\u0643\u064a\u0628\u062a\u0647 \u0627\u0644\u0646\u0628\u0627\u062a\u064a\u0629 \u063a\u0646\u064a\u0629 \u0628\u0632\u064a\u062a \u0628\u0630\u0648\u0631 \u0627\u0644\u0642\u0647\u0648\u0629 \u0628\u062e\u0635\u0627\u0626\u0635 \u0645\u0646\u0634\u0637\u0629. \u064a\u0646\u0633\u0627\u0628 \u0642\u0648\u0627\u0645\u0647 \u0627\u0644\u0645\u0644\u0648\u0646 \u0628\u0631\u0627\u0626\u062d\u0629 \u0627\u0644\u0641\u0627\u0646\u064a\u0644\u064a\u0627 \u0628\u0634\u0643\u0644 \u0644\u0637\u064a\u0641 \u0639\u0644\u0649 \u0627\u0644\u0634\u0641\u0627\u0647 \u0648\u064a\u0645\u0646\u062d\u0647\u0627 \u062a\u0631\u0637\u064a\u0628\u064b\u0627 \u0641\u0648\u0631\u064a\u064b\u0627 \u0648\u062a\u0623\u062b\u064a\u0631\u064b\u0627 \u0646\u0627\u0639\u0645\u064b\u0627 \u0643\u0645\u0627 \u062a\u062e\u0644\u0642 \u062c\u0632\u064a\u0626\u0627\u062a\u0647 \u0627\u0644\u0639\u0627\u0643\u0633\u0629 \u0644\u0644\u0636\u0648\u0621 \u062a\u0623\u062b\u064a\u0631\u064b\u0627 \u0644\u0627\u0645\u0639\u064b\u0627 \u0645\u062a\u0639\u062f\u062f \u0627\u0644\u0623\u0628\u0639\u0627\u062f. \u064a\u0645\u0643\u0646 \u0627\u0633\u062a\u062e\u062f\u0627\u0645\u0647 \u0639\u062f\u0629 [&hellip;]<\/p>\n","protected":false},"featured_media":14857,"template":"","meta":[],"pwb-brand":[220],"product_brand":[],"product_cat":[1177],"product_tag":[],"class_list":{"0":"post-13595","1":"product","2":"type-product","3":"status-publish","4":"has-post-thumbnail","6":"pwb-brand-kiko","7":"product_cat-lips-balm-makeup","8":"pa_-882","9":"pa_-867","11":"first","12":"instock","13":"purchasable","14":"product-type-variable","15":"has-default-attributes","16":"wvs-archive-product-wrapper"},"brands":[{"id":220,"name":"Kiko Milano","slug":"kiko"}],"_links":{"self":[{"href":"https:\/\/gopinkish.com\/fr\/wp-json\/wp\/v2\/product\/13595","targetHints":{"allow":["GET"]}}],"collection":[{"href":"https:\/\/gopinkish.com\/fr\/wp-json\/wp\/v2\/product"}],"about":[{"href":"https:\/\/gopinkish.com\/fr\/wp-json\/wp\/v2\/types\/product"}],"wp:featuredmedia":[{"embeddable":true,"href":"https:\/\/gopinkish.com\/fr\/wp-json\/wp\/v2\/media\/14857"}],"wp:attachment":[{"href":"https:\/\/gopinkish.com\/fr\/wp-json\/wp\/v2\/media?parent=13595"}],"wp:term":[{"taxonomy":"pwb-brand","embeddable":true,"href":"https:\/\/gopinkish.com\/fr\/wp-json\/wp\/v2\/pwb-brand?post=13595"},{"taxonomy":"product_brand","embeddable":true,"href":"https:\/\/gopinkish.com\/fr\/wp-json\/wp\/v2\/product_brand?post=13595"},{"taxonomy":"product_cat","embeddable":true,"href":"https:\/\/gopinkish.com\/fr\/wp-json\/wp\/v2\/product_cat?post=13595"},{"taxonomy":"product_tag","embeddable":true,"href":"https:\/\/gopinkish.com\/fr\/wp-json\/wp\/v2\/product_tag?post=13595"}],"curies":[{"name":"wp","href":"https:\/\/api.w.org\/{rel}","templated":true}]}}