{"id":13593,"date":"2024-06-28T15:39:30","date_gmt":"2024-06-28T14:39:30","guid":{"rendered":"https:\/\/gopinkish.com\/?post_type=product&#038;p=13593"},"modified":"2025-09-11T12:28:35","modified_gmt":"2025-09-11T11:28:35","slug":"6959886719046","status":"publish","type":"product","link":"https:\/\/gopinkish.com\/fr\/produit\/6959886719046\/","title":{"rendered":"Baume \u00e0 l\u00e8vres nourrissant"},"content":{"rendered":"<p style=\"text-align: justify;\">Ne n\u00e9gligez plus vos l\u00e8vres lors de vos soins et ajoutez ce baume \u00e0 votre routine ! Ce baume pr\u00e9sente une formule ultra-nourrissante \u00e0 base de vitamine E, d'huile de graines de jojoba et d'autres ingr\u00e9dients magiques ! Il a un magnifique fini cristallin color\u00e9 qui est clairement visible sur les l\u00e8vres. Emportez-le partout et n'importe o\u00f9 pour avoir des l\u00e8vres douces et hydrat\u00e9es tout au long de la journ\u00e9e !<\/p>","protected":false},"excerpt":{"rendered":"<p>Ne n\u00e9gligez plus vos l\u00e8vres lors de vos soins et ajoutez ce baume \u00e0 votre routine ! Ce baume pr\u00e9sente une formule ultra-nourrissante \u00e0 base de vitamine E, d'huile de graines de jojoba et d'autres ingr\u00e9dients magiques ! Il a un magnifique fini cristallin color\u00e9 qui est clairement visible sur les l\u00e8vres. Emportez-le partout et n'importe o\u00f9 pour avoir des l\u00e8vres douces et hydrat\u00e9es tout au long de la journ\u00e9e !<\/p>","protected":false},"featured_media":14834,"template":"","meta":[],"pwb-brand":[709],"product_brand":[],"product_cat":[1177],"product_tag":[],"class_list":{"0":"post-13593","1":"product","2":"type-product","3":"status-publish","4":"has-post-thumbnail","6":"pwb-brand-sheglam","7":"product_cat-lips-balm-makeup","9":"first","10":"instock","11":"purchasable","12":"product-type-variable","13":"has-default-attributes","14":"wvs-archive-product-wrapper"},"brands":[{"id":709,"name":"Sheglam","slug":"sheglam"}],"_links":{"self":[{"href":"https:\/\/gopinkish.com\/fr\/wp-json\/wp\/v2\/product\/13593","targetHints":{"allow":["GET"]}}],"collection":[{"href":"https:\/\/gopinkish.com\/fr\/wp-json\/wp\/v2\/product"}],"about":[{"href":"https:\/\/gopinkish.com\/fr\/wp-json\/wp\/v2\/types\/product"}],"wp:featuredmedia":[{"embeddable":true,"href":"https:\/\/gopinkish.com\/fr\/wp-json\/wp\/v2\/media\/14834"}],"wp:attachment":[{"href":"https:\/\/gopinkish.com\/fr\/wp-json\/wp\/v2\/media?parent=13593"}],"wp:term":[{"taxonomy":"pwb-brand","embeddable":true,"href":"https:\/\/gopinkish.com\/fr\/wp-json\/wp\/v2\/pwb-brand?post=13593"},{"taxonomy":"product_brand","embeddable":true,"href":"https:\/\/gopinkish.com\/fr\/wp-json\/wp\/v2\/product_brand?post=13593"},{"taxonomy":"product_cat","embeddable":true,"href":"https:\/\/gopinkish.com\/fr\/wp-json\/wp\/v2\/product_cat?post=13593"},{"taxonomy":"product_tag","embeddable":true,"href":"https:\/\/gopinkish.com\/fr\/wp-json\/wp\/v2\/product_tag?post=13593"}],"curies":[{"name":"wp","href":"https:\/\/api.w.org\/{rel}","templated":true}]}}