{"id":13573,"date":"2024-06-28T15:39:19","date_gmt":"2024-06-28T14:39:19","guid":{"rendered":"https:\/\/gopinkish.com\/?post_type=product&#038;p=13573"},"modified":"2026-04-21T18:54:42","modified_gmt":"2026-04-21T17:54:42","slug":"8059385006505","status":"publish","type":"product","link":"https:\/\/gopinkish.com\/fr\/produit\/8059385006505\/","title":{"rendered":"Un rouge \u00e0 l\u00e8vres liquide mat qui r\u00e9agit au pH"},"content":{"rendered":"<p style=\"text-align: justify;\">Le rouge \u00e0 l\u00e8vres liquide Beauty Roar Matte-finish de Kiko Milano contient des ingr\u00e9dients r\u00e9actifs au pH, parfaits pour un maquillage personnalis\u00e9 des l\u00e8vres.<\/p>\n<p style=\"text-align: justify;\"><strong>Caract\u00e9ristiques :<\/strong><\/p>\n<p style=\"text-align: justify;\">Enrichi en extrait de cynorrhodon.<br \/>\nIl r\u00e9agit au pH de la peau et ses pigments donnent aux l\u00e8vres du porteur une couleur personnalis\u00e9e.<br \/>\nDisponible en diff\u00e9rentes teintes pour un r\u00e9sultat intense.<br \/>\nLa texture cr\u00e9meuse glisse merveilleusement sur les l\u00e8vres, offrant un confort ultime.<br \/>\nGr\u00e2ce \u00e0 son outil d'application pratique, il est facile \u00e0 appliquer.<br \/>\nParfum\u00e9e avec des notes fra\u00eeches d'agrumes.<br \/>\nLes l\u00e8vres sont renouvel\u00e9es par une couleur aussi unique que vous.<\/p>","protected":false},"excerpt":{"rendered":"<p>\u0623\u062d\u0645\u0631 \u0627\u0644\u0634\u0641\u0627\u0647 \u0627\u0644\u0633\u0627\u0626\u0644 Beauty Roar Matte-finish \u0645\u0646 Kiko Milano \u0628\u0645\u0643\u0648\u0646\u0627\u062a \u062a\u0641\u0627\u0639\u0644\u064a\u0629 \u0645\u0639 \u062f\u0631\u062c\u0629 \u0627\u0644\u062d\u0645\u0648\u0636\u0629\u060c \u0645\u062b\u0627\u0644\u064a \u0644\u0637\u0644\u0627\u0621 \u0627\u0644\u0634\u0641\u0627\u0647 \u0628\u0644\u0648\u0646 \u0645\u062e\u0635\u0635. \u0627\u0644\u0645\u0645\u064a\u0632\u0627\u062a: \u062a\u0631\u0643\u064a\u0628\u062a\u0647 \u063a\u0646\u064a\u0629 \u0628\u0645\u0633\u062a\u062e\u0644\u0635 \u062b\u0645\u0631 \u0627\u0644\u0648\u0631\u062f. \u064a\u062a\u0641\u0627\u0639\u0644 \u0645\u0639 \u0645\u0633\u062a\u0648\u064a\u0627\u062a \u062f\u0631\u062c\u0629 \u0627\u0644\u062d\u0645\u0648\u0636\u0629 \u0641\u064a \u0627\u0644\u062c\u0644\u062f \u0648\u062a\u0645\u0646\u062d \u0623\u0635\u0628\u0627\u063a\u0647 \u0634\u0641\u0627\u0647 \u0645\u0646 \u062a\u0631\u062a\u062f\u064a\u0647 \u0644\u0648\u0646\u064b\u0627 \u0645\u062e\u0635\u0635\u064b\u0627. \u0645\u062a\u0648\u0641\u0631 \u0628\u062f\u0631\u062c\u0627\u062a \u0623\u0644\u0648\u0627\u0646 \u0645\u062e\u062a\u0644\u0641\u0629 \u0645\u0639 \u0646\u062a\u064a\u062c\u0629 \u0645\u0643\u062b\u0641\u0629. \u064a\u0646\u0633\u0627\u0628 \u0642\u0648\u0627\u0645\u0647 \u0627\u0644\u0643\u0631\u064a\u0645\u064a \u0628\u0634\u0643\u0644 \u062c\u0645\u064a\u0644 \u0639\u0644\u0649 \u0627\u0644\u0634\u0641\u0627\u0647\u060c \u0645\u0645\u0627 \u064a\u0648\u0641\u0631 [&hellip;]<\/p>\n","protected":false},"featured_media":14982,"template":"","meta":[],"pwb-brand":[220],"product_brand":[],"product_cat":[1181],"product_tag":[],"class_list":{"0":"post-13573","1":"product","2":"type-product","3":"status-publish","4":"has-post-thumbnail","6":"pwb-brand-kiko","7":"product_cat-liquid-lipstick-makeup","9":"first","10":"instock","11":"purchasable","12":"product-type-variable","13":"has-default-attributes","14":"wvs-archive-product-wrapper"},"brands":[{"id":220,"name":"Kiko Milano","slug":"kiko"}],"_links":{"self":[{"href":"https:\/\/gopinkish.com\/fr\/wp-json\/wp\/v2\/product\/13573","targetHints":{"allow":["GET"]}}],"collection":[{"href":"https:\/\/gopinkish.com\/fr\/wp-json\/wp\/v2\/product"}],"about":[{"href":"https:\/\/gopinkish.com\/fr\/wp-json\/wp\/v2\/types\/product"}],"wp:featuredmedia":[{"embeddable":true,"href":"https:\/\/gopinkish.com\/fr\/wp-json\/wp\/v2\/media\/14982"}],"wp:attachment":[{"href":"https:\/\/gopinkish.com\/fr\/wp-json\/wp\/v2\/media?parent=13573"}],"wp:term":[{"taxonomy":"pwb-brand","embeddable":true,"href":"https:\/\/gopinkish.com\/fr\/wp-json\/wp\/v2\/pwb-brand?post=13573"},{"taxonomy":"product_brand","embeddable":true,"href":"https:\/\/gopinkish.com\/fr\/wp-json\/wp\/v2\/product_brand?post=13573"},{"taxonomy":"product_cat","embeddable":true,"href":"https:\/\/gopinkish.com\/fr\/wp-json\/wp\/v2\/product_cat?post=13573"},{"taxonomy":"product_tag","embeddable":true,"href":"https:\/\/gopinkish.com\/fr\/wp-json\/wp\/v2\/product_tag?post=13573"}],"curies":[{"name":"wp","href":"https:\/\/api.w.org\/{rel}","templated":true}]}}