{"id":13559,"date":"2024-06-28T15:39:19","date_gmt":"2024-06-28T14:39:19","guid":{"rendered":"https:\/\/gopinkish.com\/?post_type=product&#038;p=13559"},"modified":"2026-04-21T18:40:20","modified_gmt":"2026-04-21T17:40:20","slug":"8025272978866","status":"publish","type":"product","link":"https:\/\/gopinkish.com\/fr\/produit\/8025272978866\/","title":{"rendered":"Correcteur de teint \u00e9clatant aux extraits de raisin, de citron et de pomme"},"content":{"rendered":"<p>Charming Escape Luminous Cushion Concealer de Kiko Milano vous donne un \u00e9clat naturel en un seul geste. La formule cr\u00e9meuse et d\u00e9licate est enrichie d'extraits de raisin, de citron et de pomme. Sa texture douce et velout\u00e9e enveloppe instantan\u00e9ment votre peau d'une agr\u00e9able sensation de confort.<\/p>","protected":false},"excerpt":{"rendered":"<p>Charming Escape Luminous Cushion Concealer de Kiko Milano vous donne un \u00e9clat naturel en un seul geste. La formule cr\u00e9meuse et d\u00e9licate est enrichie d'extraits de raisin, de citron et de pomme. Sa texture douce et velout\u00e9e enveloppe instantan\u00e9ment votre peau d'une agr\u00e9able sensation de confort.<\/p>","protected":false},"featured_media":14879,"template":"","meta":[],"pwb-brand":[220],"product_brand":[],"product_cat":[1173],"product_tag":[],"class_list":{"0":"post-13559","1":"product","2":"type-product","3":"status-publish","4":"has-post-thumbnail","6":"pwb-brand-kiko","7":"product_cat-concealer-makeup","9":"first","10":"instock","11":"purchasable","12":"product-type-variable","13":"has-default-attributes","14":"wvs-archive-product-wrapper"},"brands":[{"id":220,"name":"Kiko Milano","slug":"kiko"}],"_links":{"self":[{"href":"https:\/\/gopinkish.com\/fr\/wp-json\/wp\/v2\/product\/13559","targetHints":{"allow":["GET"]}}],"collection":[{"href":"https:\/\/gopinkish.com\/fr\/wp-json\/wp\/v2\/product"}],"about":[{"href":"https:\/\/gopinkish.com\/fr\/wp-json\/wp\/v2\/types\/product"}],"wp:featuredmedia":[{"embeddable":true,"href":"https:\/\/gopinkish.com\/fr\/wp-json\/wp\/v2\/media\/14879"}],"wp:attachment":[{"href":"https:\/\/gopinkish.com\/fr\/wp-json\/wp\/v2\/media?parent=13559"}],"wp:term":[{"taxonomy":"pwb-brand","embeddable":true,"href":"https:\/\/gopinkish.com\/fr\/wp-json\/wp\/v2\/pwb-brand?post=13559"},{"taxonomy":"product_brand","embeddable":true,"href":"https:\/\/gopinkish.com\/fr\/wp-json\/wp\/v2\/product_brand?post=13559"},{"taxonomy":"product_cat","embeddable":true,"href":"https:\/\/gopinkish.com\/fr\/wp-json\/wp\/v2\/product_cat?post=13559"},{"taxonomy":"product_tag","embeddable":true,"href":"https:\/\/gopinkish.com\/fr\/wp-json\/wp\/v2\/product_tag?post=13559"}],"curies":[{"name":"wp","href":"https:\/\/api.w.org\/{rel}","templated":true}]}}