{"id":13545,"date":"2024-06-28T15:39:19","date_gmt":"2024-06-28T14:39:19","guid":{"rendered":"https:\/\/gopinkish.com\/?post_type=product&#038;p=13545"},"modified":"2026-04-23T12:24:46","modified_gmt":"2026-04-23T11:24:46","slug":"800897004057","status":"publish","type":"product","link":"https:\/\/gopinkish.com\/fr\/produit\/800897004057\/","title":{"rendered":"Rouge \u00e0 l\u00e8vres liquide mat"},"content":{"rendered":"<p style=\"text-align: justify;\">Voici le premier corset \u00e0 l\u00e8vres liquide qui vous donne un look mat et lisse pendant 16 heures. Il ne craque pas, ne s'estompe pas et ne dispara\u00eet pas. Disponible en 31 teintes satur\u00e9es de couleurs, des tons de peau doux aux rouges \u00e0 l\u00e8vres liquides noirs audacieux, le rouge \u00e0 l\u00e8vres liquide mat XXL Lip Lingerie est indispensable pour une couleur mate tout au long de la journ\u00e9e.<\/p>\n<p style=\"text-align: justify;\"><strong>Caract\u00e9ristiques :<\/strong><br \/>\nLe rouge \u00e0 l\u00e8vres liquide mat offre jusqu'\u00e0 16 heures de tenue<br \/>\nProcure un fini mat doux et lisse<br \/>\nFormule r\u00e9sistante \u00e0 la d\u00e9coloration, \u00e0 la fissuration et au transfert<br \/>\nFourni avec un applicateur de pr\u00e9cision pour modeler et remplir vos l\u00e8vres<br \/>\nDisponible en 31 teintes satur\u00e9es<\/p>\n<p>&nbsp;<\/p>\n<p style=\"text-align: center;\">NYX Lingerie XXL<\/p>","protected":false},"excerpt":{"rendered":"<p>\u062a\u0639\u0631\u0641\u064a \u0639\u0644\u0649 \u0623\u0648\u0644 \u0645\u0634\u062f \u0633\u0627\u0626\u0644 \u0644\u0634\u0641\u062a\u064a\u0643 \u064a\u0645\u0646\u062d\u0643 \u0645\u0638\u0647\u0631\u064b\u0627 \u063a\u064a\u0631 \u0644\u0627\u0645\u0639 \u0648\u0646\u0627\u0639\u0645\u064b\u0627 \u0644\u0645\u062f\u0629 \u062a\u0635\u0644 \u0625\u0644\u0649 16 \u0633\u0627\u0639\u0629. \u0644\u0627 \u064a\u062a\u0634\u0642\u0642 \u0648\u0644\u0627 \u064a\u062a\u0644\u0627\u0634\u0649 \u0648\u0644\u0627 \u064a\u062a\u0644\u0627\u0634\u0649. \u0645\u062a\u0648\u0641\u0631 \u0628\u0640 31 \u0644\u0648\u0646\u064b\u0627 \u0645\u0634\u0628\u0639\u064b\u0627 \u0628\u0627\u0644\u0623\u0644\u0648\u0627\u0646\u060c \u0645\u0646 \u0644\u0648\u0646 \u0627\u0644\u0628\u0634\u0631\u0629 \u0627\u0644\u0646\u0627\u0639\u0645 \u0625\u0644\u0649 \u0644\u0648\u0646 \u0623\u062d\u0645\u0631 \u0627\u0644\u0634\u0641\u0627\u0647 \u0627\u0644\u0633\u0627\u0626\u0644 \u0627\u0644\u0623\u0633\u0648\u062f \u0627\u0644\u062c\u0631\u064a\u0621\u060c \u0623\u062d\u0645\u0631 \u0627\u0644\u0634\u0641\u0627\u0647 \u0627\u0644\u0633\u0627\u0626\u0644 \u063a\u064a\u0631 \u0627\u0644\u0644\u0627\u0645\u0639 Lip Lingerie XXL \u0647\u0648 \u0636\u0631\u0648\u0631\u064a \u0644\u0644\u062d\u0635\u0648\u0644 \u0639\u0644\u0649 \u0644\u0648\u0646 \u063a\u064a\u0631 \u0644\u0627\u0645\u0639 \u0637\u0648\u0627\u0644 [&hellip;]<\/p>\n","protected":false},"featured_media":14895,"template":"","meta":[],"pwb-brand":[767],"product_brand":[],"product_cat":[1181],"product_tag":[],"class_list":{"0":"post-13545","1":"product","2":"type-product","3":"status-publish","4":"has-post-thumbnail","6":"pwb-brand-nyx","7":"product_cat-liquid-lipstick-makeup","8":"pa_-1067","9":"pa_-1064","10":"pa_-918","11":"pa_-901","12":"pa_-1066","13":"pa_-1065","14":"pa_-1391","15":"pa_-919","16":"pa_-1409","17":"pa_-1408","18":"pa_-920","19":"pa_-865","21":"first","22":"instock","23":"purchasable","24":"product-type-variable","25":"has-default-attributes","26":"wvs-archive-product-wrapper"},"brands":[{"id":767,"name":"Nyx","slug":"nyx"}],"_links":{"self":[{"href":"https:\/\/gopinkish.com\/fr\/wp-json\/wp\/v2\/product\/13545","targetHints":{"allow":["GET"]}}],"collection":[{"href":"https:\/\/gopinkish.com\/fr\/wp-json\/wp\/v2\/product"}],"about":[{"href":"https:\/\/gopinkish.com\/fr\/wp-json\/wp\/v2\/types\/product"}],"wp:featuredmedia":[{"embeddable":true,"href":"https:\/\/gopinkish.com\/fr\/wp-json\/wp\/v2\/media\/14895"}],"wp:attachment":[{"href":"https:\/\/gopinkish.com\/fr\/wp-json\/wp\/v2\/media?parent=13545"}],"wp:term":[{"taxonomy":"pwb-brand","embeddable":true,"href":"https:\/\/gopinkish.com\/fr\/wp-json\/wp\/v2\/pwb-brand?post=13545"},{"taxonomy":"product_brand","embeddable":true,"href":"https:\/\/gopinkish.com\/fr\/wp-json\/wp\/v2\/product_brand?post=13545"},{"taxonomy":"product_cat","embeddable":true,"href":"https:\/\/gopinkish.com\/fr\/wp-json\/wp\/v2\/product_cat?post=13545"},{"taxonomy":"product_tag","embeddable":true,"href":"https:\/\/gopinkish.com\/fr\/wp-json\/wp\/v2\/product_tag?post=13545"}],"curies":[{"name":"wp","href":"https:\/\/api.w.org\/{rel}","templated":true}]}}