{"id":13507,"date":"2024-06-28T15:39:08","date_gmt":"2024-06-28T14:39:08","guid":{"rendered":"https:\/\/gopinkish.com\/?post_type=product&#038;p=13507"},"modified":"2025-11-17T10:49:36","modified_gmt":"2025-11-17T09:49:36","slug":"6971479468223","status":"publish","type":"product","link":"https:\/\/gopinkish.com\/fr\/produit\/6971479468223\/","title":{"rendered":"Primaire sans huile et sans silicone"},"content":{"rendered":"<p style=\"text-align: justify;\">Le dernier primer sans huile ni silicone de Shiglam a une texture gel rafra\u00eechissante qui laisse votre peau douce, lisse, saine et hydrat\u00e9e. De plus, il p\u00e9n\u00e8tre rapidement et maintient le maquillage en place pendant des heures.<\/p>\n<p dir=\"ltr\" style=\"text-align: center;\">\ud83c\uddec\ud83c\udde7 Sheglam Good Grip Hydrating Primer (Primer hydratant)<br \/>\n\ud83c\uddeb\ud83c\uddf7 Base Hydratante Good Grip Sheglam<\/p>","protected":false},"excerpt":{"rendered":"<p>\u064a\u062a\u0645\u064a\u0632 \u0623\u062d\u062f\u062b \u0628\u0631\u0627\u064a\u0645\u0631 \u0645\u0646 \u0634\u064a\u063a\u0644\u0627\u0645 \u0648 \u0627\u0644\u062e\u0627\u0644\u064a \u0645\u0646 \u0627\u0644\u0632\u064a\u0648\u062a \u0648\u0627\u0644\u0633\u064a\u0644\u064a\u0643\u0648\u0646 \u0628\u0642\u0648\u0627\u0645 \u062c\u0644 \u0645\u0646\u0639\u0634 \u064a\u062c\u0639\u0644 \u0628\u0634\u0631\u062a\u0643 \u0646\u0627\u0639\u0645\u0629 \u0648\u0633\u0644\u0633\u0629 \u0648\u0635\u062d\u064a\u0629 \u0648\u0631\u0637\u0628\u0629. \u0628\u0627\u0644\u0625\u0636\u0627\u0641\u0629 \u0625\u0644\u0649 \u0630\u0644\u0643\u060c \u062a\u0645\u062a\u0635\u0647 \u0628\u0634\u0631\u062a\u0643 \u0628\u0633\u0631\u0639\u0629 \u0648\u064a\u062d\u0627\u0641\u0638 \u0639\u0644\u0649 \u062b\u0628\u0627\u062a \u0645\u0643\u064a\u0627\u062c\u0643 \u0644\u0633\u0627\u0639\u0627\u062a \u0645\u062a\u0648\u0627\u0635\u0644\u0629. \ud83c\uddec\ud83c\udde7 Sheglam Good Grip Hydrating Primer \ud83c\uddeb\ud83c\uddf7 Base Hydratante Good Grip Sheglam<\/p>","protected":false},"featured_media":15067,"template":"","meta":[],"pwb-brand":[709],"product_brand":[],"product_cat":[1174],"product_tag":[],"class_list":{"0":"post-13507","1":"product","2":"type-product","3":"status-publish","4":"has-post-thumbnail","6":"pwb-brand-sheglam","7":"product_cat-base-primer-makeup","8":"pa_-45-","10":"first","11":"instock","12":"purchasable","13":"product-type-variable","14":"has-default-attributes","15":"wvs-archive-product-wrapper"},"brands":[{"id":709,"name":"Sheglam","slug":"sheglam"}],"_links":{"self":[{"href":"https:\/\/gopinkish.com\/fr\/wp-json\/wp\/v2\/product\/13507","targetHints":{"allow":["GET"]}}],"collection":[{"href":"https:\/\/gopinkish.com\/fr\/wp-json\/wp\/v2\/product"}],"about":[{"href":"https:\/\/gopinkish.com\/fr\/wp-json\/wp\/v2\/types\/product"}],"wp:featuredmedia":[{"embeddable":true,"href":"https:\/\/gopinkish.com\/fr\/wp-json\/wp\/v2\/media\/15067"}],"wp:attachment":[{"href":"https:\/\/gopinkish.com\/fr\/wp-json\/wp\/v2\/media?parent=13507"}],"wp:term":[{"taxonomy":"pwb-brand","embeddable":true,"href":"https:\/\/gopinkish.com\/fr\/wp-json\/wp\/v2\/pwb-brand?post=13507"},{"taxonomy":"product_brand","embeddable":true,"href":"https:\/\/gopinkish.com\/fr\/wp-json\/wp\/v2\/product_brand?post=13507"},{"taxonomy":"product_cat","embeddable":true,"href":"https:\/\/gopinkish.com\/fr\/wp-json\/wp\/v2\/product_cat?post=13507"},{"taxonomy":"product_tag","embeddable":true,"href":"https:\/\/gopinkish.com\/fr\/wp-json\/wp\/v2\/product_tag?post=13507"}],"curies":[{"name":"wp","href":"https:\/\/api.w.org\/{rel}","templated":true}]}}