{"id":13479,"date":"2024-06-28T15:38:58","date_gmt":"2024-06-28T14:38:58","guid":{"rendered":"https:\/\/gopinkish.com\/?post_type=product&#038;p=13479"},"modified":"2026-04-27T07:59:28","modified_gmt":"2026-04-27T06:59:28","slug":"3052503635101","status":"publish","type":"product","link":"https:\/\/gopinkish.com\/fr\/produit\/3052503635101\/","title":{"rendered":"Fond de teint 3 en 1"},"content":{"rendered":"<p style=\"text-align: justify;\">Fond de teint con\u00e7u pour corriger le teint gr\u00e2ce \u00e0 la technologie corrective \u00e0 3 pigments :<br \/>\n- Des pigments jaunes pour att\u00e9nuer les cernes<br \/>\n- Des pigments violets pour \u00e9claircir<br \/>\n- Des pigments verts pour att\u00e9nuer les rougeurs<\/p>\n<p>L\u00e9ger et confortable sur la peau, il offre une couvrance modulable avec un fini d'apparence naturelle qui dure jusqu'\u00e0 16 heures. Id\u00e9al pour les peaux normales et mixtes, il donne un look unifi\u00e9 et sans d\u00e9faut.<\/p>\n<p><strong>Principaux ingr\u00e9dients et caract\u00e9ristiques<\/strong><br \/>\n- Technique des 3 pigments pour la correction de la couleur de la peau<br \/>\n- Couvrance moyenne modulable<br \/>\n- Une formule l\u00e9g\u00e8re qui permet \u00e0 la peau de respirer<br \/>\n- Dur\u00e9e de vie jusqu'\u00e0 16 heures<br \/>\n- Finition mate naturelle<\/p>\n<p><strong>Principales caract\u00e9ristiques et avantages<\/strong><br \/>\n- Uniformise le teint et att\u00e9nue les rougeurs<br \/>\n- Dissimule les cernes et \u00e9claircit les yeux<br \/>\n- Laisse la peau lisse et sans brillance<br \/>\n- Convient \u00e0 un usage quotidien<br \/>\n- Id\u00e9al pour les peaux normales et mixtes<\/p>\n<p dir=\"ltr\" style=\"text-align: center;\">\n\ud83c\uddec\ud83c\udde7 Bourjois Paris 123 Perfect Foundation - Correcteur de couleur Couvrance<br \/>\n\ud83c\uddeb\ud83c\uddf7 Bourjois Paris 123 Perfect - Fond de Teint Correcteur de Teint<\/p>","protected":false},"excerpt":{"rendered":"<p>\u0641\u0627\u0648\u0646\u062f\u064a\u0634\u0646 \u0645\u0635\u0645\u0645 \u0644\u062a\u0635\u062d\u064a\u062d \u0644\u0648\u0646 \u0627\u0644\u0628\u0634\u0631\u0629 \u0628\u0641\u0636\u0644 \u062a\u0642\u0646\u064a\u0629 3 \u0623\u0635\u0628\u0627\u063a \u0645\u0635\u062d\u0651\u062d\u0629: \u2022 \u0623\u0635\u0628\u0627\u063a \u0635\u0641\u0631\u0627\u0621 \u0644\u062a\u0642\u0644\u064a\u0644 \u0627\u0644\u0647\u0627\u0644\u0627\u062a \u0627\u0644\u062f\u0627\u0643\u0646\u0629 \u2022 \u0623\u0635\u0628\u0627\u063a \u0628\u0646\u0641\u0633\u062c\u064a\u0629 \u0644\u0625\u0636\u0641\u0627\u0621 \u0625\u0634\u0631\u0627\u0642\u0629 \u2022 \u0623\u0635\u0628\u0627\u063a \u062e\u0636\u0631\u0627\u0621 \u0644\u062a\u062e\u0641\u064a\u0641 \u0627\u0644\u0627\u062d\u0645\u0631\u0627\u0631 \u062a\u0631\u0643\u064a\u0628\u062a\u0647 \u062e\u0641\u064a\u0641\u0629 \u0648\u0645\u0631\u064a\u062d\u0629 \u0639\u0644\u0649 \u0627\u0644\u0628\u0634\u0631\u0629\u060c \u062a\u0645\u0646\u062d \u062a\u063a\u0637\u064a\u0629 \u0642\u0627\u0628\u0644\u0629 \u0644\u0644\u0628\u0646\u0627\u0621 \u0645\u0639 \u0644\u0645\u0633\u0629 \u0637\u0628\u064a\u0639\u064a\u0629 \u062a\u062f\u0648\u0645 \u062d\u062a\u0649 16 \u0633\u0627\u0639\u0629. \u0645\u062b\u0627\u0644\u064a \u0644\u0644\u0628\u0634\u0631\u0629 \u0627\u0644\u0645\u062e\u062a\u0644\u0637\u0629 \u0648\u0627\u0644\u0639\u0627\u062f\u064a\u0629\u060c \u0648\u064a\u0648\u0641\u0631 \u0645\u0638\u0647\u0631\u064b\u0627 \u0645\u0648\u062d\u0651\u062f\u064b\u0627 \u062e\u0627\u0644\u064a\u064b\u0627 \u0645\u0646 \u0627\u0644\u0634\u0648\u0627\u0626\u0628. \u0627\u0644\u0645\u0643\u0648\u0646\u0627\u062a \u0648\u0627\u0644\u062e\u0635\u0627\u0626\u0635 \u0627\u0644\u0631\u0626\u064a\u0633\u064a\u0629 [&hellip;]<\/p>\n","protected":false},"featured_media":15086,"template":"","meta":[],"pwb-brand":[261],"product_brand":[],"product_cat":[1175],"product_tag":[],"class_list":{"0":"post-13479","1":"product","2":"type-product","3":"status-publish","4":"has-post-thumbnail","6":"pwb-brand-bourjois","7":"product_cat-foundation-makeup","9":"first","10":"instock","11":"purchasable","12":"product-type-variable","13":"has-default-attributes","14":"wvs-archive-product-wrapper"},"brands":[{"id":261,"name":"Bourgeois","slug":"bourjois"}],"_links":{"self":[{"href":"https:\/\/gopinkish.com\/fr\/wp-json\/wp\/v2\/product\/13479","targetHints":{"allow":["GET"]}}],"collection":[{"href":"https:\/\/gopinkish.com\/fr\/wp-json\/wp\/v2\/product"}],"about":[{"href":"https:\/\/gopinkish.com\/fr\/wp-json\/wp\/v2\/types\/product"}],"wp:featuredmedia":[{"embeddable":true,"href":"https:\/\/gopinkish.com\/fr\/wp-json\/wp\/v2\/media\/15086"}],"wp:attachment":[{"href":"https:\/\/gopinkish.com\/fr\/wp-json\/wp\/v2\/media?parent=13479"}],"wp:term":[{"taxonomy":"pwb-brand","embeddable":true,"href":"https:\/\/gopinkish.com\/fr\/wp-json\/wp\/v2\/pwb-brand?post=13479"},{"taxonomy":"product_brand","embeddable":true,"href":"https:\/\/gopinkish.com\/fr\/wp-json\/wp\/v2\/product_brand?post=13479"},{"taxonomy":"product_cat","embeddable":true,"href":"https:\/\/gopinkish.com\/fr\/wp-json\/wp\/v2\/product_cat?post=13479"},{"taxonomy":"product_tag","embeddable":true,"href":"https:\/\/gopinkish.com\/fr\/wp-json\/wp\/v2\/product_tag?post=13479"}],"curies":[{"name":"wp","href":"https:\/\/api.w.org\/{rel}","templated":true}]}}