{"id":13428,"date":"2024-06-28T15:38:47","date_gmt":"2024-06-28T14:38:47","guid":{"rendered":"https:\/\/gopinkish.com\/?post_type=product&#038;p=13428"},"modified":"2025-07-21T12:08:30","modified_gmt":"2025-07-21T11:08:30","slug":"6973474683786","status":"publish","type":"product","link":"https:\/\/gopinkish.com\/fr\/produit\/6973474683786\/","title":{"rendered":"Brillant \u00e0 l\u00e8vres hydratant et brillant"},"content":{"rendered":"<p style=\"text-align: justify;\">Le dernier brillant \u00e0 l\u00e8vres de Chiglam donne \u00e0 vos l\u00e8vres une brillance miroir gr\u00e2ce \u00e0 un distributeur unique \u00e0 embout \u00e9ponge. De plus, il procure une hydratation et une pl\u00e9nitude maximales gr\u00e2ce \u00e0 des ingr\u00e9dients respectueux de la peau tels que l'huile de graines de jojoba, le beurre de graines de cacao et le hyaluronate de sodium.<\/p>","protected":false},"excerpt":{"rendered":"<p>Le dernier brillant \u00e0 l\u00e8vres de Chiglam donne \u00e0 vos l\u00e8vres une brillance miroir gr\u00e2ce \u00e0 un distributeur unique \u00e0 embout \u00e9ponge. De plus, il procure une hydratation et une pl\u00e9nitude maximales gr\u00e2ce \u00e0 des ingr\u00e9dients respectueux de la peau tels que l'huile de graines de jojoba, le beurre de graines de cacao et le hyaluronate de sodium.<\/p>","protected":false},"featured_media":14360,"template":"","meta":[],"pwb-brand":[709],"product_brand":[],"product_cat":[1177,1180],"product_tag":[],"class_list":{"0":"post-13428","1":"product","2":"type-product","3":"status-publish","4":"has-post-thumbnail","6":"pwb-brand-sheglam","7":"product_cat-lips-balm-makeup","8":"product_cat-lips-gloss-makeup","10":"first","11":"instock","12":"purchasable","13":"product-type-variable","14":"has-default-attributes","15":"wvs-archive-product-wrapper"},"brands":[{"id":709,"name":"Sheglam","slug":"sheglam"}],"_links":{"self":[{"href":"https:\/\/gopinkish.com\/fr\/wp-json\/wp\/v2\/product\/13428","targetHints":{"allow":["GET"]}}],"collection":[{"href":"https:\/\/gopinkish.com\/fr\/wp-json\/wp\/v2\/product"}],"about":[{"href":"https:\/\/gopinkish.com\/fr\/wp-json\/wp\/v2\/types\/product"}],"wp:featuredmedia":[{"embeddable":true,"href":"https:\/\/gopinkish.com\/fr\/wp-json\/wp\/v2\/media\/14360"}],"wp:attachment":[{"href":"https:\/\/gopinkish.com\/fr\/wp-json\/wp\/v2\/media?parent=13428"}],"wp:term":[{"taxonomy":"pwb-brand","embeddable":true,"href":"https:\/\/gopinkish.com\/fr\/wp-json\/wp\/v2\/pwb-brand?post=13428"},{"taxonomy":"product_brand","embeddable":true,"href":"https:\/\/gopinkish.com\/fr\/wp-json\/wp\/v2\/product_brand?post=13428"},{"taxonomy":"product_cat","embeddable":true,"href":"https:\/\/gopinkish.com\/fr\/wp-json\/wp\/v2\/product_cat?post=13428"},{"taxonomy":"product_tag","embeddable":true,"href":"https:\/\/gopinkish.com\/fr\/wp-json\/wp\/v2\/product_tag?post=13428"}],"curies":[{"name":"wp","href":"https:\/\/api.w.org\/{rel}","templated":true}]}}