{"id":13412,"date":"2025-06-10T15:38:37","date_gmt":"2025-06-10T14:38:37","guid":{"rendered":"https:\/\/gopinkish.com\/?post_type=product&#038;p=13412"},"modified":"2026-04-24T18:34:27","modified_gmt":"2026-04-24T17:34:27","slug":"6973474683014","status":"publish","type":"product","link":"https:\/\/gopinkish.com\/fr\/produit\/6973474683014\/","title":{"rendered":"Rouge \u00e0 l\u00e8vres multicouche - 4 en 1"},"content":{"rendered":"<p style=\"text-align: justify;\">Vos l\u00e8vres sont pr\u00eates pour une m\u00e9ga transformation ! D\u00e9couvrez les nouvelles trousses \u00e0 l\u00e8vres SHEGLAM Mega, qui comprennent quatre rouges \u00e0 l\u00e8vres mats dans un emballage compact et \u00e9l\u00e9gant. Suffisamment petits pour \u00eatre emport\u00e9s partout, \u00e0 tout moment, vous pouvez changer l'apparence de vos l\u00e8vres en un clin d'\u0153il. Avec une texture lisse et cr\u00e9meuse et un fini non dess\u00e9chant, ces rouges \u00e0 l\u00e8vres s'appliquent de fa\u00e7on soyeuse et lisse \u00e0 chaque fois.<\/p>\n<p style=\"text-align: justify;\">Kit de rouge \u00e0 l\u00e8vres 4 en 1 - fini mat - hydratant et non dess\u00e9chant.<\/p>\n<p dir=\"ltr\" style=\"text-align: center;\">SHEGLAM Mega Lip Stacks<\/p>","protected":false},"excerpt":{"rendered":"<p>\u0634\u0641\u062a\u064a\u0643 \u062c\u0627\u0647\u0632\u0629 \u0644\u0644\u062a\u062d\u0648\u0644 \u0627\u0644\u0636\u062e\u0645! \u0627\u0643\u062a\u0634\u0641\u064a \u0645\u062c\u0645\u0648\u0639\u0627\u062a \u0627\u0644\u0634\u0641\u0627\u0647 SHEGLAM Mega \u0627\u0644\u062c\u062f\u064a\u062f\u0629\u060c \u0648\u0627\u0644\u062a\u064a \u062a\u062a\u0645\u064a\u0632 \u0628\u0623\u0631\u0628\u0639\u0629 \u0623\u062d\u0645\u0631 \u0634\u0641\u0627\u0647 \u063a\u064a\u0631 \u0644\u0627\u0645\u0639\u0629 \u0641\u064a \u0639\u0628\u0648\u0629 \u0648\u0627\u062d\u062f\u0629 \u0623\u0646\u064a\u0642\u0629 \u0648\u0635\u063a\u064a\u0631\u0629 \u0627\u0644\u062d\u062c\u0645. \u0635\u063a\u064a\u0631 \u0628\u0645\u0627 \u064a\u0643\u0641\u064a \u0644\u0623\u062e\u0630\u0647 \u0645\u0639\u0643 \u0641\u064a \u0643\u0644 \u0645\u0643\u0627\u0646 \u0648\u0641\u064a \u0623\u064a \u0648\u0642\u062a\u060c \u0641\u0644\u0627 \u062a\u062a\u0631\u062f\u062f\u064a \u0641\u064a \u062a\u063a\u064a\u064a\u0631 \u0645\u0638\u0647\u0631 \u0634\u0641\u062a\u064a\u0643 \u0641\u064a \u0644\u0645\u062d \u0627\u0644\u0628\u0635\u0631. \u0645\u0639 \u0645\u0644\u0645\u0633 \u0643\u0631\u064a\u0645\u064a \u0646\u0627\u0639\u0645 \u0648\u0644\u0645\u0633\u0629 \u0646\u0647\u0627\u0626\u064a\u0629 \u063a\u064a\u0631 \u062c\u0627\u0641\u0629\u060c \u064a\u0645\u0643\u0646 \u0648\u0636\u0639 \u0647\u0630\u0647 \u0627\u0644\u0634\u0641\u0627\u0647 [&hellip;]<\/p>\n","protected":false},"featured_media":14334,"template":"","meta":[],"pwb-brand":[709],"product_brand":[],"product_cat":[1182],"product_tag":[],"class_list":{"0":"post-13412","1":"product","2":"type-product","3":"status-publish","4":"has-post-thumbnail","6":"pwb-brand-sheglam","7":"product_cat-lipstick-makeup","9":"first","10":"instock","11":"purchasable","12":"product-type-variable","13":"has-default-attributes","14":"wvs-archive-product-wrapper"},"brands":[{"id":709,"name":"Sheglam","slug":"sheglam"}],"_links":{"self":[{"href":"https:\/\/gopinkish.com\/fr\/wp-json\/wp\/v2\/product\/13412","targetHints":{"allow":["GET"]}}],"collection":[{"href":"https:\/\/gopinkish.com\/fr\/wp-json\/wp\/v2\/product"}],"about":[{"href":"https:\/\/gopinkish.com\/fr\/wp-json\/wp\/v2\/types\/product"}],"wp:featuredmedia":[{"embeddable":true,"href":"https:\/\/gopinkish.com\/fr\/wp-json\/wp\/v2\/media\/14334"}],"wp:attachment":[{"href":"https:\/\/gopinkish.com\/fr\/wp-json\/wp\/v2\/media?parent=13412"}],"wp:term":[{"taxonomy":"pwb-brand","embeddable":true,"href":"https:\/\/gopinkish.com\/fr\/wp-json\/wp\/v2\/pwb-brand?post=13412"},{"taxonomy":"product_brand","embeddable":true,"href":"https:\/\/gopinkish.com\/fr\/wp-json\/wp\/v2\/product_brand?post=13412"},{"taxonomy":"product_cat","embeddable":true,"href":"https:\/\/gopinkish.com\/fr\/wp-json\/wp\/v2\/product_cat?post=13412"},{"taxonomy":"product_tag","embeddable":true,"href":"https:\/\/gopinkish.com\/fr\/wp-json\/wp\/v2\/product_tag?post=13412"}],"curies":[{"name":"wp","href":"https:\/\/api.w.org\/{rel}","templated":true}]}}