{"id":13194,"date":"2024-06-28T15:37:49","date_gmt":"2024-06-28T14:37:49","guid":{"rendered":"https:\/\/gopinkish.com\/?post_type=product&#038;p=13194"},"modified":"2025-12-27T17:38:27","modified_gmt":"2025-12-27T16:38:27","slug":"5280270035499","status":"publish","type":"product","link":"https:\/\/gopinkish.com\/fr\/produit\/5280270035499\/","title":{"rendered":"Extrait liquide de racine de r\u00e9glisse"},"content":{"rendered":"<p style=\"text-align: justify;\"><strong>Qualit\u00e9 luxueuse :<\/strong> Les extraits sans alcool de Nature's Answer sont produits \u00e0 partir d'alcool, d'eau et d'extraits naturels. La racine de r\u00e9glisse est consid\u00e9r\u00e9e comme un excellent d\u00e9toxifiant en Chine. C'est l'une des herbes chinoises les plus couramment utilis\u00e9es dans l'armoire de chaque herboriste, ce qui la rend indispensable dans de nombreuses formules \u00e0 base de plantes.<br \/>\n<strong>Caract\u00e9ristiques exceptionnelles :<\/strong> Test\u00e9, v\u00e9rifi\u00e9 et valid\u00e9. Super concentr\u00e9 - 1000mg par dose de 1ml. Cette plante poss\u00e8de de nombreuses propri\u00e9t\u00e9s qui la rendent sp\u00e9ciale, mais la principale raison de son utilisation est sa capacit\u00e9 \u00e0 cr\u00e9er une synergie avec d'autres plantes. La racine de r\u00e9glisse stabilise la formule, en la liant pour qu'elle soit d\u00e9livr\u00e9e le plus efficacement possible \u00e0 l'organisme.<br \/>\n<strong>Le choix id\u00e9al :<\/strong> La racine de r\u00e9glisse est id\u00e9ale pour d\u00e9toxifier l'organisme, car elle peut \u00e9liminer plus de 1 200 toxines. La racine est incluse dans de nombreuses formules \u00e0 base de plantes chinoises en raison de sa capacit\u00e9 \u00e0 renforcer les effets d'autres plantes tout en minimisant les effets secondaires n\u00e9gatifs. Il est recommand\u00e9 de prendre la racine de r\u00e9glisse dans le cadre d'une formule \u00e0 base de plantes appropri\u00e9e afin de garantir une utilisation ad\u00e9quate.<br \/>\n<strong>L'utilisation finale :<\/strong> Renforcez votre sant\u00e9 digestive gr\u00e2ce \u00e0 la racine de r\u00e9glisse. L'utilisation r\u00e9guli\u00e8re de la racine de r\u00e9glisse est connue pour renforcer l'immunit\u00e9, gr\u00e2ce aux enzymes pr\u00e9sentes dans la racine. Cette plante unique est tr\u00e8s populaire au sein de la communaut\u00e9 m\u00e9dicale chinoise. Elle cible de nombreux \u00e9l\u00e9ments essentiels \u00e0 l'\u00e9quilibre de notre organisme.<br \/>\nDepuis 1972, Nature's Answer continue de combiner le meilleur des rem\u00e8des traditionnels \u00e0 base de plantes, de vitamines et de min\u00e9raux avec des techniques scientifiques innovantes et la fabrication de produits pharmaceutiques botaniques afin de fournir des suppl\u00e9ments de la meilleure qualit\u00e9 et du meilleur rapport qualit\u00e9-prix pour toute la famille.<\/p>","protected":false},"excerpt":{"rendered":"<p>\u062c\u0648\u062f\u0629 \u0641\u0627\u062e\u0631\u0629: \u064a\u062a\u0645 \u0625\u0646\u062a\u0627\u062c \u0645\u0633\u062a\u062e\u0644\u0635\u0627\u062a Nature&#8217;s Answer \u0627\u0644\u062e\u0627\u0644\u064a\u0629 \u0645\u0646 \u0627\u0644\u0643\u062d\u0648\u0644 \u0628\u0627\u0633\u062a\u062e\u062f\u0627\u0645 \u0627\u0644\u0643\u062d\u0648\u0644 \u0648\u0627\u0644\u0645\u0627\u0621 \u0648\u0627\u0644\u0645\u0633\u062a\u062e\u0644\u0635\u0627\u062a \u0627\u0644\u0637\u0628\u064a\u0639\u064a\u0629. \u064a\u0639\u062a\u0628\u0631 \u062c\u0630\u0631 \u0639\u0631\u0642 \u0627\u0644\u0633\u0648\u0633 \u0645\u0632\u064a\u0644\u064b\u0627 \u0631\u0627\u0626\u0639\u064b\u0627 \u0644\u0644\u0633\u0645\u0648\u0645 \u0641\u064a \u0627\u0644\u0635\u064a\u0646. \u0625\u0646\u0647\u0627 \u0648\u0627\u062d\u062f\u0629 \u0645\u0646 \u0627\u0644\u0623\u0639\u0634\u0627\u0628 \u0627\u0644\u0635\u064a\u0646\u064a\u0629 \u0627\u0644\u0623\u0643\u062b\u0631 \u0627\u0633\u062a\u062e\u062f\u0627\u0645\u064b\u0627 \u0641\u064a \u062e\u0632\u0627\u0646\u0629 \u0643\u0644 \u0637\u0628\u064a\u0628 \u0623\u0639\u0634\u0627\u0628 \u0645\u0645\u0627 \u064a\u062c\u0639\u0644\u0647\u0627 \u0644\u0627 \u063a\u0646\u0649 \u0639\u0646\u0647\u0627 \u0641\u064a \u0627\u0644\u0639\u062f\u064a\u062f \u0645\u0646 \u0627\u0644\u062a\u0631\u0643\u064a\u0628\u0627\u062a \u0627\u0644\u0639\u0634\u0628\u064a\u0629. \u0645\u064a\u0632\u0627\u062a \u0627\u0633\u062a\u062b\u0646\u0627\u0626\u064a\u0629: \u062a\u0645 \u0627\u062e\u062a\u0628\u0627\u0631\u0647\u0627 \u0648\u0627\u0644\u062a\u062d\u0642\u0642 \u0645\u0646\u0647\u0627 \u0648\u062a\u062d\u062f\u064a\u062f \u0635\u062d\u062a\u0647\u0627. \u0641\u0627\u0626\u0642 [&hellip;]<\/p>\n","protected":false},"featured_media":14487,"template":"","meta":[],"pwb-brand":[],"product_brand":[],"product_cat":[16],"product_tag":[],"class_list":{"0":"post-13194","1":"product","2":"type-product","3":"status-publish","4":"has-post-thumbnail","6":"product_cat-other","8":"first","9":"outofstock","10":"product-type-variable","11":"has-default-attributes","12":"wvs-archive-product-wrapper"},"brands":[],"_links":{"self":[{"href":"https:\/\/gopinkish.com\/fr\/wp-json\/wp\/v2\/product\/13194","targetHints":{"allow":["GET"]}}],"collection":[{"href":"https:\/\/gopinkish.com\/fr\/wp-json\/wp\/v2\/product"}],"about":[{"href":"https:\/\/gopinkish.com\/fr\/wp-json\/wp\/v2\/types\/product"}],"wp:featuredmedia":[{"embeddable":true,"href":"https:\/\/gopinkish.com\/fr\/wp-json\/wp\/v2\/media\/14487"}],"wp:attachment":[{"href":"https:\/\/gopinkish.com\/fr\/wp-json\/wp\/v2\/media?parent=13194"}],"wp:term":[{"taxonomy":"pwb-brand","embeddable":true,"href":"https:\/\/gopinkish.com\/fr\/wp-json\/wp\/v2\/pwb-brand?post=13194"},{"taxonomy":"product_brand","embeddable":true,"href":"https:\/\/gopinkish.com\/fr\/wp-json\/wp\/v2\/product_brand?post=13194"},{"taxonomy":"product_cat","embeddable":true,"href":"https:\/\/gopinkish.com\/fr\/wp-json\/wp\/v2\/product_cat?post=13194"},{"taxonomy":"product_tag","embeddable":true,"href":"https:\/\/gopinkish.com\/fr\/wp-json\/wp\/v2\/product_tag?post=13194"}],"curies":[{"name":"wp","href":"https:\/\/api.w.org\/{rel}","templated":true}]}}