{"id":13088,"date":"2024-06-28T15:37:21","date_gmt":"2024-06-28T14:37:21","guid":{"rendered":"https:\/\/gopinkish.com\/?post_type=product&#038;p=13088"},"modified":"2024-10-31T13:56:48","modified_gmt":"2024-10-31T12:56:48","slug":"3474637153526","status":"publish","type":"product","link":"https:\/\/gopinkish.com\/fr\/produit\/3474637153526\/","title":{"rendered":"Shampooing professionnel pour r\u00e9parer et reconstruire les cheveux cass\u00e9s"},"content":{"rendered":"<p>Lorsque le cheveu est ab\u00eem\u00e9, sa structure mol\u00e9culaire compos\u00e9e de peptides est endommag\u00e9e, le cheveu se casse, devient \u00e9lastique et perd sa mobilit\u00e9. La plupart des peptides sont trop gros pour \u00eatre r\u00e9inject\u00e9s dans la fibre capillaire, ce qui rend les dommages pratiquement irr\u00e9parables.<\/p>\n<p>Gr\u00e2ce \u00e0 la perc\u00e9e scientifique Absolut Repair Molecular, ce shampooing professionnel r\u00e9pare deux ans de dommages en une seule utilisation. Pour la premi\u00e8re fois, la Recherche Avanc\u00e9e de L'Or\u00e9al a d\u00e9compos\u00e9 les peptides pour injecter leurs composants s\u00e9par\u00e9ment dans la fibre capillaire. Une fois \u00e0 l'int\u00e9rieur, ces ingr\u00e9dients se reconstituent et reconstruisent la structure mol\u00e9culaire du cheveu.<\/p>","protected":false},"excerpt":{"rendered":"<p>\u0639\u0646\u062f\u0645\u0627 \u064a\u062a\u0636\u0631\u0631 \u0627\u0644\u0634\u0639\u0631 \u062a\u062a\u0636\u0631\u0631 \u0628\u0646\u064a\u062a\u0647 \u0627\u0644\u062c\u0632\u064a\u0626\u064a\u0629 \u0627\u0644\u0645\u0643\u0648\u0646\u0629 \u0645\u0646 \u0627\u0644\u0628\u0628\u062a\u064a\u062f\u0627\u062a\u060c \u0641\u064a\u062a\u0643\u0633\u0631 \u0627\u0644\u0634\u0639\u0631 \u0648\u064a\u0635\u0628\u062d \u0645\u0631\u0646\u064b\u0627 \u0648\u064a\u0641\u0642\u062f \u062d\u0631\u0643\u062a\u0647. \u0645\u0639\u0638\u0645 \u0627\u0644\u0628\u0628\u062a\u064a\u062f\u0627\u062a \u0643\u0628\u064a\u0631\u0629 \u062c\u062f\u064b\u0627 \u0628\u062d\u064a\u062b \u0644\u0627 \u064a\u0645\u0643\u0646 \u0625\u0639\u0627\u062f\u0629 \u062d\u0642\u0646\u0647\u0627 \u0641\u064a \u0623\u0644\u064a\u0627\u0641 \u0627\u0644\u0634\u0639\u0631 \u0645\u0645\u0627 \u064a\u062c\u0639\u0644 \u0627\u0644\u0636\u0631\u0631 \u063a\u064a\u0631 \u0642\u0627\u0628\u0644 \u0644\u0644\u0625\u0635\u0644\u0627\u062d \u062a\u0642\u0631\u064a\u0628\u064b\u0627. \u0645\u0639 \u0647\u0630\u0627 \u0627\u0644\u0627\u0643\u062a\u0634\u0627\u0641 \u0627\u0644\u0639\u0644\u0645\u064a Absolut Repair Molecular \u064a\u0642\u0648\u0645 \u0647\u0630\u0627 \u0627\u0644\u0634\u0627\u0645\u0628\u0648 \u0627\u0644\u0625\u062d\u062a\u0631\u0627\u0641\u064a \u0628\u0625\u0635\u0644\u0627\u062d \u0639\u0627\u0645\u064a\u0646 \u0645\u0646 \u0627\u0644\u062a\u0644\u0641 \u0641\u064a \u0627\u0633\u062a\u062e\u062f\u0627\u0645 \u0648\u0627\u062d\u062f \u0641\u0642\u0637. \u0644\u0623\u0648\u0644 \u0645\u0631\u0629\u060c [&hellip;]<\/p>\n","protected":false},"featured_media":15294,"template":"","meta":[],"pwb-brand":[239],"product_brand":[],"product_cat":[1148],"product_tag":[677,1035],"class_list":{"0":"post-13088","1":"product","2":"type-product","3":"status-publish","4":"has-post-thumbnail","6":"pwb-brand-loreal","7":"product_cat-hair-shampoo","8":"product_tag-brokenhair","9":"product_tag-1035","10":"pa_-300-","12":"first","13":"outofstock","14":"product-type-variable","15":"has-default-attributes","16":"wvs-archive-product-wrapper"},"brands":[{"id":239,"name":"L'Or\u00e9al Paris","slug":"loreal"}],"_links":{"self":[{"href":"https:\/\/gopinkish.com\/fr\/wp-json\/wp\/v2\/product\/13088","targetHints":{"allow":["GET"]}}],"collection":[{"href":"https:\/\/gopinkish.com\/fr\/wp-json\/wp\/v2\/product"}],"about":[{"href":"https:\/\/gopinkish.com\/fr\/wp-json\/wp\/v2\/types\/product"}],"wp:featuredmedia":[{"embeddable":true,"href":"https:\/\/gopinkish.com\/fr\/wp-json\/wp\/v2\/media\/15294"}],"wp:attachment":[{"href":"https:\/\/gopinkish.com\/fr\/wp-json\/wp\/v2\/media?parent=13088"}],"wp:term":[{"taxonomy":"pwb-brand","embeddable":true,"href":"https:\/\/gopinkish.com\/fr\/wp-json\/wp\/v2\/pwb-brand?post=13088"},{"taxonomy":"product_brand","embeddable":true,"href":"https:\/\/gopinkish.com\/fr\/wp-json\/wp\/v2\/product_brand?post=13088"},{"taxonomy":"product_cat","embeddable":true,"href":"https:\/\/gopinkish.com\/fr\/wp-json\/wp\/v2\/product_cat?post=13088"},{"taxonomy":"product_tag","embeddable":true,"href":"https:\/\/gopinkish.com\/fr\/wp-json\/wp\/v2\/product_tag?post=13088"}],"curies":[{"name":"wp","href":"https:\/\/api.w.org\/{rel}","templated":true}]}}