{"id":13072,"date":"2024-06-28T15:37:21","date_gmt":"2024-06-28T14:37:21","guid":{"rendered":"https:\/\/gopinkish.com\/?post_type=product&#038;p=13072"},"modified":"2025-07-19T00:49:18","modified_gmt":"2025-07-18T23:49:18","slug":"3474637069230","status":"publish","type":"product","link":"https:\/\/gopinkish.com\/fr\/produit\/3474637069230\/","title":{"rendered":"Masque hydratant intensif pour cheveux fris\u00e9s et boucl\u00e9s"},"content":{"rendered":"<p style=\"text-align: justify;\"><strong>Traitez vos boucles comme une pro :<\/strong> Curl Expression Intensive Moisture Mask hydrate en profondeur les fibres tout en apportant brillance et contr\u00f4le des frisottis, de mani\u00e8re professionnelle. Pour des cheveux avec du mouvement et un contr\u00f4le des frisottis.<\/p>\n<p style=\"text-align: justify;\"><strong>Substances actives hautement concentr\u00e9es :<\/strong> Avec de la glyc\u00e9rine v\u00e9g\u00e9tale 3%, de l'ur\u00e9e H et des graines d'hibiscus. La glyc\u00e9rine est un humectant d'origine v\u00e9g\u00e9tale qui se lie \u00e0 l'eau pour une hydratation durable des fibres les plus s\u00e8ches. L'ur\u00e9e H, naturellement pr\u00e9sente dans la peau, a le double effet de retenir l'humidit\u00e9 et de renforcer la barri\u00e8re hydro-lipidique. Les graines d'hibiscus, extraites du c\u0153ur de la fleur d'hibiscus, sont une riche source d'acides amin\u00e9s et de vitamines de haute qualit\u00e9.<\/p>\n<p style=\"text-align: justify;\"><strong>Une exp\u00e9rience unique :<\/strong> Cette formule sans parab\u00e8ne fond et s'absorbe dans les boucles pour les hydrater.<\/p>\n<p style=\"text-align: justify;\"><strong>Parfum addictif :<\/strong> Une composition florale inoubliable de jasmin \u00e9toil\u00e9, d'orchid\u00e9e et de freesia en notes hautes, envelopp\u00e9e d'une brise fra\u00eeche avec une overdose de bois de c\u00e8dre.<\/p>\n<p style=\"text-align: justify;\"><strong>D\u00e9velopp\u00e9 en collaboration avec des experts en curling :<\/strong> Avec 4 experts internationaux en mati\u00e8re de boucles et d'ondulations : Titus Majida d'Afrique du Sud (@call.me.titus), Vivi Siqueira du Br\u00e9sil (@vivi_siqueira), Derek Monroe des \u00c9tats-Unis (@derickmonroe) et Elodie Euston de France (@elodieeuston).<\/p>\n<p style=\"text-align: justify;\"><strong>Comment l'utiliser ?<\/strong> \u00c0 chaque lavage, nettoyez vos cheveux avec cette cr\u00e8me nettoyante pour les hydrater sans les alourdir et les pr\u00e9parer \u00e0 recevoir des traitements.<\/p>","protected":false},"excerpt":{"rendered":"<p>\u0639\u0627\u0644\u062c\u064a \u062a\u062c\u0639\u064a\u062f\u0627\u062a \u0634\u0639\u0631\u0643 \u0628\u0637\u0631\u064a\u0642\u0629 \u0627\u062d\u062a\u0631\u0627\u0641\u064a\u0629: \u0642\u0646\u0627\u0639 \u0627\u0644\u062a\u0631\u0637\u064a\u0628 \u0627\u0644\u0645\u0643\u062b\u0641 Curl Expression \u064a\u0631\u0637\u0628 \u0627\u0644\u0623\u0644\u064a\u0627\u0641 \u0628\u0639\u0645\u0642 \u0645\u0639 \u062a\u0648\u0641\u064a\u0631 \u0627\u0644\u0644\u0645\u0639\u0627\u0646 \u0648\u0627\u0644\u062a\u062d\u0643\u0645 \u0641\u064a \u0627\u0644\u062a\u062c\u0639\u062f\u060c \u0628\u0637\u0631\u064a\u0642\u0629 \u0627\u062d\u062a\u0631\u0627\u0641\u064a\u0629. \u0644\u0634\u0639\u0631 \u064a\u062a\u0645\u062a\u0639 \u0628\u0627\u0644\u062d\u0631\u0643\u0629 \u0648\u0627\u0644\u062a\u062d\u0643\u0645 \u0641\u064a \u0627\u0644\u062a\u062c\u0639\u062f. \u0645\u0648\u0627\u062f \u0641\u0639\u0627\u0644\u0629 \u0639\u0627\u0644\u064a\u0629 \u0627\u0644\u062a\u0631\u0643\u064a\u0632: \u0645\u0639 \u0627\u0644\u062c\u0644\u0633\u0631\u064a\u0646 \u0627\u0644\u0646\u0628\u0627\u062a\u064a \u0628\u062a\u0631\u0643\u064a\u0632 3%\u060c \u0648\u0627\u0644\u064a\u0648\u0631\u064a\u0627 H \u0648\u0628\u0630\u0648\u0631 \u0627\u0644\u0643\u0631\u0643\u062f\u064a\u0647. \u0627\u0644\u062c\u0644\u0633\u0631\u064a\u0646 \u0647\u0648 \u0645\u0631\u0637\u0628 \u0646\u0628\u0627\u062a\u064a \u064a\u0631\u062a\u0628\u0637 \u0628\u0627\u0644\u0645\u0627\u0621 \u0644\u062a\u0631\u0637\u064a\u0628 \u064a\u062f\u0648\u0645 \u0637\u0648\u064a\u0644\u0627\u064b \u0641\u064a \u0627\u0644\u0623\u0644\u064a\u0627\u0641 \u0627\u0644\u0623\u0643\u062b\u0631 \u062c\u0641\u0627\u0641\u064b\u0627. \u0627\u0644\u064a\u0648\u0631\u064a\u0627 H\u060c [&hellip;]<\/p>\n","protected":false},"featured_media":15204,"template":"","meta":[],"pwb-brand":[239],"product_brand":[],"product_cat":[1151],"product_tag":[1020,755],"class_list":{"0":"post-13072","1":"product","2":"type-product","3":"status-publish","4":"has-post-thumbnail","6":"pwb-brand-loreal","7":"product_cat-hair-mask","8":"product_tag-1020","9":"product_tag-755","10":"pa_-250-","12":"first","13":"instock","14":"purchasable","15":"product-type-variable","16":"has-default-attributes","17":"wvs-archive-product-wrapper"},"brands":[{"id":239,"name":"L'Or\u00e9al Paris","slug":"loreal"}],"_links":{"self":[{"href":"https:\/\/gopinkish.com\/fr\/wp-json\/wp\/v2\/product\/13072","targetHints":{"allow":["GET"]}}],"collection":[{"href":"https:\/\/gopinkish.com\/fr\/wp-json\/wp\/v2\/product"}],"about":[{"href":"https:\/\/gopinkish.com\/fr\/wp-json\/wp\/v2\/types\/product"}],"wp:featuredmedia":[{"embeddable":true,"href":"https:\/\/gopinkish.com\/fr\/wp-json\/wp\/v2\/media\/15204"}],"wp:attachment":[{"href":"https:\/\/gopinkish.com\/fr\/wp-json\/wp\/v2\/media?parent=13072"}],"wp:term":[{"taxonomy":"pwb-brand","embeddable":true,"href":"https:\/\/gopinkish.com\/fr\/wp-json\/wp\/v2\/pwb-brand?post=13072"},{"taxonomy":"product_brand","embeddable":true,"href":"https:\/\/gopinkish.com\/fr\/wp-json\/wp\/v2\/product_brand?post=13072"},{"taxonomy":"product_cat","embeddable":true,"href":"https:\/\/gopinkish.com\/fr\/wp-json\/wp\/v2\/product_cat?post=13072"},{"taxonomy":"product_tag","embeddable":true,"href":"https:\/\/gopinkish.com\/fr\/wp-json\/wp\/v2\/product_tag?post=13072"}],"curies":[{"name":"wp","href":"https:\/\/api.w.org\/{rel}","templated":true}]}}