{"id":13020,"date":"2024-06-28T15:37:00","date_gmt":"2024-06-28T14:37:00","guid":{"rendered":"https:\/\/gopinkish.com\/?post_type=product&#038;p=13020"},"modified":"2026-03-09T22:10:54","modified_gmt":"2026-03-09T21:10:54","slug":"3282770141252","status":"publish","type":"product","link":"https:\/\/gopinkish.com\/fr\/produit\/3282770141252\/","title":{"rendered":"Shampooing \u00e0 la quinine et \u00e0 l'edelweiss bio pour renforcer les cheveux"},"content":{"rendered":"<p style=\"text-align: justify;\">Ce shampooing fortifiant et stimulant donne un coup de fouet aux cheveux d\u00e9color\u00e9s. Enrichi en vitamines B, en extraits d'eucalyptus et en fleur d'Edelweiss biologique, il nettoie tout en aidant \u00e0 stimuler la croissance des cheveux. A utiliser seul ou en compl\u00e9ment de votre traitement anti-chute.<\/p>\n<p style=\"text-align: justify;\">Avantages<br \/>\n- Nettoie : Cette base lavante biod\u00e9gradable sans tensioactifs nettoie en douceur et revitalise le cuir chevelu.<br \/>\n- Renforce : Sous l'effet du massage, l'extrait d'eucalyptus avec le complexe de vitamine B et l'extrait d'edelweiss biologique apportent force et r\u00e9sistance aux cheveux fatigu\u00e9s.<\/p>\n<p dir=\"ltr\" style=\"text-align: center;\">\ud83c\uddec\ud83c\udde7 Klorane Shampooing fortifiant \u00e0 la quinine et \u00e0 l'edelweiss bio<br \/>\n\ud83c\uddeb\ud83c\uddf7 Shampooing Fortifiant Klorane \u00e0 la Quinine et Edelweiss Bio<\/p>","protected":false},"excerpt":{"rendered":"<p>\u064a\u0648\u0641\u0631 \u0647\u0630\u0627 \u0627\u0644\u0634\u0627\u0645\u0628\u0648 \u0627\u0644\u0645\u0642\u0648\u064a \u0648\u0627\u0644\u0645\u062d\u0641\u0632 \u062f\u0641\u0639\u0629 \u0642\u0648\u064a\u0629 \u0644\u0644\u0634\u0639\u0631 \u0627\u0644\u0630\u064a \u064a\u0641\u062a\u0642\u0631 \u0625\u0644\u0649 \u0627\u0644\u0644\u0648\u0646. \u0628\u0641\u0636\u0644 \u062a\u0631\u0643\u064a\u0628\u062a\u0647 \u0627\u0644\u063a\u0646\u064a\u0629 \u0628\u0641\u064a\u062a\u0627\u0645\u064a\u0646\u0627\u062a \u0628 \u0648\u0645\u0633\u062a\u062e\u0644\u0635\u0627\u062a \u0627\u0644\u0643\u064a\u0646\u0627 \u0648\u0632\u0647\u0631\u0629 \u0625\u062f\u064a\u0644\u0648\u064a\u0633 \u0627\u0644\u0639\u0636\u0648\u064a\u0629\u060c \u0641\u0625\u0646\u0647 \u064a\u0646\u0638\u0641 \u0627\u0644\u0634\u0639\u0631 \u0628\u064a\u0646\u0645\u0627 \u064a\u0633\u0627\u0639\u062f \u0639\u0644\u0649 \u062a\u062d\u0641\u064a\u0632 \u0646\u0645\u0648\u0647. \u064a\u0633\u062a\u062e\u062f\u0645 \u0628\u0645\u0641\u0631\u062f\u0647 \u0623\u0648 \u0628\u0627\u0644\u0625\u0636\u0627\u0641\u0629 \u0625\u0644\u0649 \u0639\u0644\u0627\u062c \u062a\u0633\u0627\u0642\u0637 \u0627\u0644\u0634\u0639\u0631. \u0641\u0648\u0627\u0626\u062f &#8211; \u064a\u0646\u0638\u0641: \u0642\u0627\u0639\u062f\u0629 \u0627\u0644\u062a\u0646\u0638\u064a\u0641 \u0627\u0644\u062a\u064a \u0644\u0627 \u062a\u062d\u062a\u0648\u064a \u0639\u0644\u0649 \u0645\u0648\u0627\u062f \u062e\u0627\u0641\u0636\u0629 \u0644\u0644\u062a\u0648\u062a\u0631 \u0627\u0644\u0633\u0637\u062d\u064a \u0648\u0642\u0627\u0628\u0644\u0629 \u0644\u0644\u062a\u062d\u0644\u0644 \u0627\u0644\u0628\u064a\u0648\u0644\u0648\u062c\u064a \u0633\u0648\u0641 [&hellip;]<\/p>\n","protected":false},"featured_media":15401,"template":"","meta":[],"pwb-brand":[1037],"product_brand":[],"product_cat":[1155,1148],"product_tag":[677,750],"class_list":{"0":"post-13020","1":"product","2":"type-product","3":"status-publish","4":"has-post-thumbnail","6":"pwb-brand-klorane","7":"product_cat-scalp-care","8":"product_cat-hair-shampoo","9":"product_tag-brokenhair","10":"product_tag-750","12":"first","13":"outofstock","14":"product-type-variable","15":"has-default-attributes","16":"wvs-archive-product-wrapper"},"brands":[{"id":1037,"name":"Klorane Labs","slug":"klorane"}],"_links":{"self":[{"href":"https:\/\/gopinkish.com\/fr\/wp-json\/wp\/v2\/product\/13020","targetHints":{"allow":["GET"]}}],"collection":[{"href":"https:\/\/gopinkish.com\/fr\/wp-json\/wp\/v2\/product"}],"about":[{"href":"https:\/\/gopinkish.com\/fr\/wp-json\/wp\/v2\/types\/product"}],"wp:featuredmedia":[{"embeddable":true,"href":"https:\/\/gopinkish.com\/fr\/wp-json\/wp\/v2\/media\/15401"}],"wp:attachment":[{"href":"https:\/\/gopinkish.com\/fr\/wp-json\/wp\/v2\/media?parent=13020"}],"wp:term":[{"taxonomy":"pwb-brand","embeddable":true,"href":"https:\/\/gopinkish.com\/fr\/wp-json\/wp\/v2\/pwb-brand?post=13020"},{"taxonomy":"product_brand","embeddable":true,"href":"https:\/\/gopinkish.com\/fr\/wp-json\/wp\/v2\/product_brand?post=13020"},{"taxonomy":"product_cat","embeddable":true,"href":"https:\/\/gopinkish.com\/fr\/wp-json\/wp\/v2\/product_cat?post=13020"},{"taxonomy":"product_tag","embeddable":true,"href":"https:\/\/gopinkish.com\/fr\/wp-json\/wp\/v2\/product_tag?post=13020"}],"curies":[{"name":"wp","href":"https:\/\/api.w.org\/{rel}","templated":true}]}}