{"id":12994,"date":"2024-06-28T15:37:00","date_gmt":"2024-06-28T14:37:00","guid":{"rendered":"https:\/\/gopinkish.com\/?post_type=product&#038;p=12994"},"modified":"2024-12-20T19:36:18","modified_gmt":"2024-12-20T18:36:18","slug":"3760007335426","status":"publish","type":"product","link":"https:\/\/gopinkish.com\/fr\/produit\/3760007335426\/","title":{"rendered":"Shampooing pour lisser les cheveux et r\u00e9duire les frisottis"},"content":{"rendered":"<p>Le shampooing lissant Lux\u00e9ol est con\u00e7u pour contr\u00f4ler les cheveux indisciplin\u00e9s et minimiser les frisottis. Sa formule nettoie, adoucit et lisse les cheveux, les rend plus faciles \u00e0 coiffer et minimise les frisottis caus\u00e9s par l'humidit\u00e9. Id\u00e9al pour les personnes ayant des cheveux ondul\u00e9s ou indisciplin\u00e9s, ce shampooing offre une solution efficace pour un coiffage facile et des cheveux visiblement plus lisses.<\/p>","protected":false},"excerpt":{"rendered":"<p>Le shampooing lissant Lux\u00e9ol est con\u00e7u pour contr\u00f4ler les cheveux indisciplin\u00e9s et minimiser les frisottis. Sa formule nettoie, adoucit et lisse les cheveux, les rend plus faciles \u00e0 coiffer et minimise les frisottis caus\u00e9s par l'humidit\u00e9. Id\u00e9al pour les personnes ayant des cheveux ondul\u00e9s ou indisciplin\u00e9s, ce shampooing offre une solution efficace pour un coiffage facile et des cheveux visiblement plus lisses.<\/p>","protected":false},"featured_media":15356,"template":"","meta":[],"pwb-brand":[246],"product_brand":[],"product_cat":[1148],"product_tag":[677],"class_list":{"0":"post-12994","1":"product","2":"type-product","3":"status-publish","4":"has-post-thumbnail","6":"pwb-brand-luxeol","7":"product_cat-hair-shampoo","8":"product_tag-brokenhair","9":"pa_-200-","11":"first","12":"outofstock","13":"product-type-variable","14":"has-default-attributes","15":"wvs-archive-product-wrapper"},"brands":[{"id":246,"name":"Lux\u00e9ol","slug":"luxeol"}],"_links":{"self":[{"href":"https:\/\/gopinkish.com\/fr\/wp-json\/wp\/v2\/product\/12994","targetHints":{"allow":["GET"]}}],"collection":[{"href":"https:\/\/gopinkish.com\/fr\/wp-json\/wp\/v2\/product"}],"about":[{"href":"https:\/\/gopinkish.com\/fr\/wp-json\/wp\/v2\/types\/product"}],"wp:featuredmedia":[{"embeddable":true,"href":"https:\/\/gopinkish.com\/fr\/wp-json\/wp\/v2\/media\/15356"}],"wp:attachment":[{"href":"https:\/\/gopinkish.com\/fr\/wp-json\/wp\/v2\/media?parent=12994"}],"wp:term":[{"taxonomy":"pwb-brand","embeddable":true,"href":"https:\/\/gopinkish.com\/fr\/wp-json\/wp\/v2\/pwb-brand?post=12994"},{"taxonomy":"product_brand","embeddable":true,"href":"https:\/\/gopinkish.com\/fr\/wp-json\/wp\/v2\/product_brand?post=12994"},{"taxonomy":"product_cat","embeddable":true,"href":"https:\/\/gopinkish.com\/fr\/wp-json\/wp\/v2\/product_cat?post=12994"},{"taxonomy":"product_tag","embeddable":true,"href":"https:\/\/gopinkish.com\/fr\/wp-json\/wp\/v2\/product_tag?post=12994"}],"curies":[{"name":"wp","href":"https:\/\/api.w.org\/{rel}","templated":true}]}}