{"id":12865,"date":"2025-10-03T15:36:16","date_gmt":"2025-10-03T14:36:16","guid":{"rendered":"https:\/\/gopinkish.com\/?post_type=product&#038;p=12865"},"modified":"2026-03-08T19:36:20","modified_gmt":"2026-03-08T18:36:20","slug":"3282770207774","status":"publish","type":"product","link":"https:\/\/gopinkish.com\/fr\/produit\/3282770207774\/","title":{"rendered":"Gel nettoyant et purifiant pour les peaux grasses et sensibles sujettes aux taches et \u00e0 l'acn\u00e9"},"content":{"rendered":"<p style=\"text-align: justify;\">Gel nettoyant, purifiant et matifiant pour le soin quotidien des peaux sensibles, grasses, sujettes aux imperfections ou \u00e0 l'acn\u00e9. Pour le visage et le corps.<\/p>\n<p style=\"text-align: justify;\">Un gel nettoyant l\u00e9g\u00e8rement moussant pour les peaux grasses et\/ou acn\u00e9iques. Sa formule respectueuse des peaux sensibles associe un m\u00e9lange unique d'actifs au triple b\u00e9n\u00e9fice : Un nettoyage en douceur gr\u00e2ce \u00e0 une base lavante douce, un effet matifiant apport\u00e9 par la Comedoclastin\u2122, un actif v\u00e9g\u00e9tal issu des graines de chardon-marie aux propri\u00e9t\u00e9s brevet\u00e9es r\u00e9duisant l'exc\u00e8s de s\u00e9bum, et le confort associ\u00e9 \u00e0 l'eau thermale d'Av\u00e8ne aux propri\u00e9t\u00e9s apaisantes et anti-irritantes. La peau est nette, rafra\u00eechie, purifi\u00e9e et moins brillante.<\/p>\n<p style=\"text-align: justify;\">Le gel nettoyant Cleanance convient aux porteurs de lentilles de contact. De pH physiologique, il est formul\u00e9 sans savon et pr\u00e9sente une tr\u00e8s bonne tol\u00e9rance cutan\u00e9e.<\/p>\n<p dir=\"ltr\" style=\"text-align: center;\">\ud83c\uddec\ud83c\udde7 Av\u00e8ne Cleanance Gel Nettoyant<br \/>\n\ud83c\uddeb\ud83c\uddf7 Gel Nettoyant Cleanance Av\u00e8ne<\/p>","protected":false},"excerpt":{"rendered":"<p>\u062c\u0644 \u0645\u0646\u0638\u0641 \u0648\u0645\u0646\u0642\u064a \u0648\u0645\u0632\u064a\u0644 \u0644\u0644\u0645\u0639\u0627\u0646 \u0644\u0644\u0628\u0634\u0631\u0629 \u0644\u0644\u0639\u0646\u0627\u064a\u0629 \u0627\u0644\u064a\u0648\u0645\u064a\u0629 \u0628\u0627\u0644\u0628\u0634\u0631\u0629 \u0627\u0644\u062d\u0633\u0627\u0633\u0629 \u0623\u0648 \u0627\u0644\u062f\u0647\u0646\u064a\u0629 \u0623\u0648 \u0627\u0644\u0645\u0639\u0631\u0636\u0629 \u0644\u0644\u0628\u0642\u0639 \u0623\u0648 \u062d\u0628 \u0627\u0644\u0634\u0628\u0627\u0628. \u0644\u0644\u0648\u062c\u0647 \u0648\u0627\u0644\u062c\u0633\u0645. \u062c\u0644 \u0645\u0646\u0638\u0641 \u0631\u063a\u0648\u064a \u062e\u0641\u064a\u0641 \u0644\u0644\u0628\u0634\u0631\u0629 \u0627\u0644\u062f\u0647\u0646\u064a\u0629 \u0648\/\u0623\u0648 \u0627\u0644\u0645\u0639\u0631\u0636\u0629 \u0644\u062d\u0628 \u0627\u0644\u0634\u0628\u0627\u0628. \u062a\u0631\u0643\u064a\u0628\u062a\u0647 \u0627\u0644\u062a\u064a \u062a\u062d\u062a\u0631\u0645 \u0627\u0644\u0628\u0634\u0631\u0629 \u0627\u0644\u062d\u0633\u0627\u0633\u0629 \u062a\u062c\u0645\u0639 \u0628\u064a\u0646 \u0645\u0632\u064a\u062c \u0641\u0631\u064a\u062f \u0645\u0646 \u0627\u0644\u0645\u0643\u0648\u0646\u0627\u062a \u0627\u0644\u0646\u0634\u0637\u0629 \u0645\u0639 \u0641\u0648\u0627\u0626\u062f \u062b\u0644\u0627\u062b\u064a\u0629: \u062a\u0646\u0638\u064a\u0641 \u0644\u0637\u064a\u0641 \u0628\u0641\u0636\u0644 \u0642\u0627\u0639\u062f\u0629 \u0627\u0644\u062a\u0646\u0638\u064a\u0641 \u0627\u0644\u0644\u0637\u064a\u0641\u0629\u060c \u0648\u062a\u0623\u062b\u064a\u0631 \u063a\u064a\u0631 \u0644\u0627\u0645\u0639 \u064a\u0648\u0641\u0631\u0647 [&hellip;]<\/p>\n","protected":false},"featured_media":26428,"template":"","meta":[],"pwb-brand":[253],"product_brand":[],"product_cat":[1119],"product_tag":[689,683],"class_list":{"0":"post-12865","1":"product","2":"type-product","3":"status-publish","4":"has-post-thumbnail","6":"pwb-brand-avene","7":"product_cat-face-wash","8":"product_tag-oily","9":"product_tag-acne","11":"first","12":"instock","13":"purchasable","14":"product-type-variable","15":"has-default-attributes","16":"wvs-archive-product-wrapper"},"brands":[{"id":253,"name":"Av\u00e8ne","slug":"avene"}],"_links":{"self":[{"href":"https:\/\/gopinkish.com\/fr\/wp-json\/wp\/v2\/product\/12865","targetHints":{"allow":["GET"]}}],"collection":[{"href":"https:\/\/gopinkish.com\/fr\/wp-json\/wp\/v2\/product"}],"about":[{"href":"https:\/\/gopinkish.com\/fr\/wp-json\/wp\/v2\/types\/product"}],"wp:featuredmedia":[{"embeddable":true,"href":"https:\/\/gopinkish.com\/fr\/wp-json\/wp\/v2\/media\/26428"}],"wp:attachment":[{"href":"https:\/\/gopinkish.com\/fr\/wp-json\/wp\/v2\/media?parent=12865"}],"wp:term":[{"taxonomy":"pwb-brand","embeddable":true,"href":"https:\/\/gopinkish.com\/fr\/wp-json\/wp\/v2\/pwb-brand?post=12865"},{"taxonomy":"product_brand","embeddable":true,"href":"https:\/\/gopinkish.com\/fr\/wp-json\/wp\/v2\/product_brand?post=12865"},{"taxonomy":"product_cat","embeddable":true,"href":"https:\/\/gopinkish.com\/fr\/wp-json\/wp\/v2\/product_cat?post=12865"},{"taxonomy":"product_tag","embeddable":true,"href":"https:\/\/gopinkish.com\/fr\/wp-json\/wp\/v2\/product_tag?post=12865"}],"curies":[{"name":"wp","href":"https:\/\/api.w.org\/{rel}","templated":true}]}}