{"id":12853,"date":"2024-06-28T15:36:16","date_gmt":"2024-06-28T14:36:16","guid":{"rendered":"https:\/\/gopinkish.com\/?post_type=product&#038;p=12853"},"modified":"2026-05-04T11:33:02","modified_gmt":"2026-05-04T10:33:02","slug":"3264680004063","status":"publish","type":"product","link":"https:\/\/gopinkish.com\/fr\/produit\/3264680004063\/","title":{"rendered":"Gel douche au miel et \u00e0 la glyc\u00e9rine pour les peaux s\u00e8ches et sensibles"},"content":{"rendered":"<p style=\"text-align: justify;\">Le gel nettoyant R\u00eave de Miel de Nuxe nettoie, apaise et adoucit les peaux s\u00e8ches et sensibles. Un super gel nettoyant au miel et au tournesol, cr\u00e9meux et gourmand, qui prend soin quotidiennement des peaux s\u00e8ches et sensibles en respectant la couche hydrolipidique.<\/p>\n<p style=\"text-align: justify;\">Nettoie le visage et le corps sans les dess\u00e9cher. Sa texture et son d\u00e9licieux parfum procurent une v\u00e9ritable sensation de d\u00e9tente sous la douche.<\/p>\n<p style=\"text-align: justify;\">Fabriqu\u00e9 en France.<\/p>\n<p dir=\"ltr\" style=\"text-align: center;\">\ud83c\uddec\ud83c\udde7 Gel nettoyant visage et corps R\u00eave de Miel de Nuxe<br \/>\n\ud83c\uddeb\ud83c\uddf7 Gel Nettoyant Visage &amp; Corps Nuxe R\u00eave de Miel<\/p>\n<div id=\"gtx-trans\" style=\"position: absolute; left: 1101px; top: 144.4px;\">\n<div class=\"gtx-trans-icon\" style=\"text-align: justify;\"><\/div>\n<\/div>","protected":false},"excerpt":{"rendered":"<p>\u062c\u0644 \u0627\u0644\u062a\u0646\u0638\u064a\u0641 Nuxe R\u00eave de Miel \u064a\u0646\u0638\u0641 \u0648\u064a\u0647\u062f\u0626 \u0648\u064a\u0646\u0639\u0645 \u0627\u0644\u0628\u0634\u0631\u0629 \u0627\u0644\u062c\u0627\u0641\u0629 \u0648\u0627\u0644\u062d\u0633\u0627\u0633\u0629. \u062c\u0644 \u0627\u0644\u062a\u0646\u0638\u064a\u0641 \u0627\u0644\u0641\u0627\u0626\u0642 \u0645\u0639 \u0627\u0644\u0639\u0633\u0644 \u0648\u0639\u0628\u0627\u062f \u0627\u0644\u0634\u0645\u0633\u060c \u0643\u0631\u064a\u0645\u064a \u0648\u0644\u0630\u064a\u0630 \u0648 \u064a\u0639\u062a\u0646\u064a \u064a\u0648\u0645\u064a\u064b\u0627 \u0628\u0627\u0644\u0628\u0634\u0631\u0629 \u0627\u0644\u062c\u0627\u0641\u0629 \u0648\u0627\u0644\u062d\u0633\u0627\u0633\u0629 \u0645\u0639 \u0627\u062d\u062a\u0631\u0627\u0645 \u0627\u0644\u0637\u0628\u0642\u0629 \u0627\u0644\u062f\u0647\u0646\u064a\u0629 \u0627\u0644\u0645\u0627\u0626\u064a\u0629. \u064a\u0646\u0638\u0641 \u0627\u0644\u0648\u062c\u0647 \u0648\u0627\u0644\u062c\u0633\u0645 \u062f\u0648\u0646 \u062a\u062c\u0641\u064a\u0641\u0647\u0645\u0627. \u064a\u0648\u0641\u0631 \u0644\u0643 \u0642\u0648\u0627\u0645\u0647 \u0648\u0631\u0627\u0626\u062d\u062a\u0647 \u0627\u0644\u0644\u0630\u064a\u0630\u0629 \u062a\u062c\u0631\u0628\u0629 \u0627\u0633\u062a\u0631\u062e\u0627\u0621 \u062d\u0642\u064a\u0642\u064a\u0629 \u0623\u062b\u0646\u0627\u0621 \u0627\u0644\u0627\u0633\u062a\u062d\u0645\u0627\u0645. \u0635\u0646\u0639 \u0641\u064a \u0641\u0631\u0646\u0633\u0627. \ud83c\uddec\ud83c\udde7 Nuxe R\u00eave de Miel [&hellip;]<\/p>\n","protected":false},"featured_media":14058,"template":"","meta":[],"pwb-brand":[1010],"product_brand":[],"product_cat":[1138],"product_tag":[696,688],"class_list":{"0":"post-12853","1":"product","2":"type-product","3":"status-publish","4":"has-post-thumbnail","6":"pwb-brand-nuxe","7":"product_cat-bath-and-shower","8":"product_tag-dryskin","9":"product_tag-sensitive","11":"first","12":"instock","13":"purchasable","14":"product-type-variable","15":"has-default-attributes","16":"wvs-archive-product-wrapper"},"brands":[{"id":1010,"name":"NUXE","slug":"nuxe"}],"_links":{"self":[{"href":"https:\/\/gopinkish.com\/fr\/wp-json\/wp\/v2\/product\/12853","targetHints":{"allow":["GET"]}}],"collection":[{"href":"https:\/\/gopinkish.com\/fr\/wp-json\/wp\/v2\/product"}],"about":[{"href":"https:\/\/gopinkish.com\/fr\/wp-json\/wp\/v2\/types\/product"}],"wp:featuredmedia":[{"embeddable":true,"href":"https:\/\/gopinkish.com\/fr\/wp-json\/wp\/v2\/media\/14058"}],"wp:attachment":[{"href":"https:\/\/gopinkish.com\/fr\/wp-json\/wp\/v2\/media?parent=12853"}],"wp:term":[{"taxonomy":"pwb-brand","embeddable":true,"href":"https:\/\/gopinkish.com\/fr\/wp-json\/wp\/v2\/pwb-brand?post=12853"},{"taxonomy":"product_brand","embeddable":true,"href":"https:\/\/gopinkish.com\/fr\/wp-json\/wp\/v2\/product_brand?post=12853"},{"taxonomy":"product_cat","embeddable":true,"href":"https:\/\/gopinkish.com\/fr\/wp-json\/wp\/v2\/product_cat?post=12853"},{"taxonomy":"product_tag","embeddable":true,"href":"https:\/\/gopinkish.com\/fr\/wp-json\/wp\/v2\/product_tag?post=12853"}],"curies":[{"name":"wp","href":"https:\/\/api.w.org\/{rel}","templated":true}]}}