{"id":12849,"date":"2024-06-28T15:36:16","date_gmt":"2024-06-28T14:36:16","guid":{"rendered":"https:\/\/gopinkish.com\/?post_type=product&#038;p=12849"},"modified":"2025-03-24T12:25:42","modified_gmt":"2025-03-24T11:25:42","slug":"3600550965902","status":"publish","type":"product","link":"https:\/\/gopinkish.com\/fr\/produit\/3600550965902\/","title":{"rendered":"Masque exfoliant anti-imperfections 3 en 1"},"content":{"rendered":"<p style=\"text-align: justify;\">Obtenez une peau impeccable gr\u00e2ce au masque nettoyant exfoliant Imperfection Cleansing de Miksa. Ce masque a \u00e9t\u00e9 sp\u00e9cialement con\u00e7u pour r\u00e9pondre aux besoins des peaux sensibles et sujettes aux imperfections. Sa formule \u00e0 base d'acides de fruits et de zinc lib\u00e8re la peau de l'exc\u00e8s de s\u00e9bum et d\u00e9sobstrue les pores. En m\u00eame temps, elle agit contre la formation de points noirs. D\u00e9couvrez le masque anti-imperfections Mixa pour un teint propre et sans d\u00e9faut.<\/p>","protected":false},"excerpt":{"rendered":"<p>\u0627\u062d\u0635\u0644\u064a \u0639\u0644\u0649 \u0628\u0634\u0631\u0629 \u0645\u062b\u0627\u0644\u064a\u0629 \u0645\u0639 \u0642\u0646\u0627\u0639 \u0627\u0644\u062a\u0646\u0638\u064a\u0641 \u0627\u0644\u0645\u0642\u0634\u0631 \u0627\u0644\u0645\u0636\u0627\u062f \u0644\u0644\u0639\u064a\u0648\u0628 \u0645\u0646 \u0645\u064a\u0643\u0633\u0627. \u062a\u0645 \u062a\u0637\u0648\u064a\u0631 \u0642\u0646\u0627\u0639 \u0627\u0644\u0648\u062c\u0647 \u0647\u0630\u0627 \u062e\u0635\u064a\u0635\u064b\u0627 \u0644\u062a\u0644\u0628\u064a\u0629 \u0627\u062d\u062a\u064a\u0627\u062c\u0627\u062a \u0627\u0644\u0628\u0634\u0631\u0629 \u0627\u0644\u062d\u0633\u0627\u0633\u0629 \u0627\u0644\u062a\u064a \u062a\u0639\u0627\u0646\u064a \u0645\u0646 \u0627\u0644\u0639\u064a\u0648\u0628. \u0627\u0644\u062a\u0631\u0643\u064a\u0628\u0629 \u0627\u0644\u062a\u064a \u062a\u062d\u062a\u0648\u064a \u0639\u0644\u0649 \u0623\u062d\u0645\u0627\u0636 \u0627\u0644\u0641\u0627\u0643\u0647\u0629 \u0648\u0627\u0644\u0632\u0646\u0643 \u062a\u062d\u0631\u0631 \u0627\u0644\u0628\u0634\u0631\u0629 \u0645\u0646 \u0627\u0644\u062f\u0647\u0648\u0646 \u0627\u0644\u0632\u0627\u0626\u062f\u0629 \u0648\u062a\u0641\u062a\u062d \u0627\u0644\u0645\u0633\u0627\u0645\u0627\u062a \u0627\u0644\u0645\u0633\u062f\u0648\u062f\u0629. \u0648\u0641\u064a \u0627\u0644\u0648\u0642\u062a \u0646\u0641\u0633\u0647\u060c \u0641\u0647\u064a \u062a\u0639\u0645\u0644 \u0636\u062f \u062a\u0643\u0648\u0646 \u0627\u0644\u0631\u0624\u0648\u0633 \u0627\u0644\u0633\u0648\u062f\u0627\u0621. \u0627\u0643\u062a\u0634\u0641\u064a \u0642\u0646\u0627\u0639 \u0627\u0644\u0648\u062c\u0647 Mixa \u0627\u0644\u0645\u0636\u0627\u062f [&hellip;]<\/p>\n","protected":false},"featured_media":14443,"template":"","meta":[],"pwb-brand":[427],"product_brand":[],"product_cat":[1120,1124],"product_tag":[698,688,699],"class_list":{"0":"post-12849","1":"product","2":"type-product","3":"status-publish","4":"has-post-thumbnail","6":"pwb-brand-mixa","7":"product_cat-face-exfo","8":"product_cat-face-mask","9":"product_tag-blackheads","10":"product_tag-sensitive","11":"product_tag-exfoliator","12":"pa_-150-","14":"first","15":"outofstock","16":"product-type-variable","17":"has-default-attributes","18":"wvs-archive-product-wrapper"},"brands":[{"id":427,"name":"Mixa","slug":"mixa"}],"_links":{"self":[{"href":"https:\/\/gopinkish.com\/fr\/wp-json\/wp\/v2\/product\/12849","targetHints":{"allow":["GET"]}}],"collection":[{"href":"https:\/\/gopinkish.com\/fr\/wp-json\/wp\/v2\/product"}],"about":[{"href":"https:\/\/gopinkish.com\/fr\/wp-json\/wp\/v2\/types\/product"}],"wp:featuredmedia":[{"embeddable":true,"href":"https:\/\/gopinkish.com\/fr\/wp-json\/wp\/v2\/media\/14443"}],"wp:attachment":[{"href":"https:\/\/gopinkish.com\/fr\/wp-json\/wp\/v2\/media?parent=12849"}],"wp:term":[{"taxonomy":"pwb-brand","embeddable":true,"href":"https:\/\/gopinkish.com\/fr\/wp-json\/wp\/v2\/pwb-brand?post=12849"},{"taxonomy":"product_brand","embeddable":true,"href":"https:\/\/gopinkish.com\/fr\/wp-json\/wp\/v2\/product_brand?post=12849"},{"taxonomy":"product_cat","embeddable":true,"href":"https:\/\/gopinkish.com\/fr\/wp-json\/wp\/v2\/product_cat?post=12849"},{"taxonomy":"product_tag","embeddable":true,"href":"https:\/\/gopinkish.com\/fr\/wp-json\/wp\/v2\/product_tag?post=12849"}],"curies":[{"name":"wp","href":"https:\/\/api.w.org\/{rel}","templated":true}]}}