{"id":12832,"date":"2024-06-28T15:36:16","date_gmt":"2024-06-28T14:36:16","guid":{"rendered":"https:\/\/gopinkish.com\/?post_type=product&#038;p=12832"},"modified":"2026-03-28T19:11:04","modified_gmt":"2026-03-28T18:11:04","slug":"3401547779324","status":"publish","type":"product","link":"https:\/\/gopinkish.com\/fr\/produit\/3401547779324\/","title":{"rendered":"Gel moussant intense qui exfolie, nettoie et purifie."},"content":{"rendered":"<p style=\"text-align: justify;\">Formule intensive pour les peaux sujettes aux imperfections !<\/p>\n<p style=\"text-align: justify;\">Nettoie - Peeling - Purifie<\/p>\n<p style=\"text-align: justify;\">Gr\u00e2ce \u00e0 ses propri\u00e9t\u00e9s exfoliantes, le Gel Moussant Intensif Exfoliac\u00ae est l'alli\u00e9 des peaux \u00e0 imperfections plus s\u00e9v\u00e8res. Sp\u00e9cialement con\u00e7u pour nettoyer les peaux jeunes et \u00e0 imperfections, Exfoliac\u00ae Gel Moussant Intensif favorise l'\u00e9limination des impuret\u00e9s, r\u00e9gule la s\u00e9cr\u00e9tion de s\u00e9bum tout en respectant le pH de la peau. Il minimise la multiplication des bact\u00e9ries et assure un nettoyage durable de la peau. La peau retrouve un aspect plus net, les pores sont resserr\u00e9s et la peau devient \u00e9clatante.<br \/>\nUne formule parfaite pour l'attaque.<\/p>\n<p style=\"text-align: justify;\">Efficacit\u00e9 prouv\u00e9e sur les peaux \u00e0 imperfections :<br \/>\n90% Nice Touch<br \/>\n90% peau moins brillante<br \/>\n90% peau moins grasse<br \/>\n75% Am\u00e9lioration de l'\u00e9tat g\u00e9n\u00e9ral de la peau<br \/>\nAuto-\u00e9valuation, 20 volontaires.<\/p>\n<p dir=\"ltr\" style=\"text-align: center;\">\ud83c\uddec\ud83c\udde7 Noreva Exfoliac Gel moussant intensif<br \/>\n\ud83c\uddeb\ud83c\uddf7 Gel Moussant Intensif Noreva Exfoliac<\/p>\n<div id=\"gtx-trans\" style=\"position: absolute; left: 1019px; top: 80.4px;\">\n<div class=\"gtx-trans-icon\" style=\"text-align: justify;\"><\/div>\n<\/div>","protected":false},"excerpt":{"rendered":"<p><span style=\"color: #ff0000;\"><strong>Contenance 200 ml : Date limite de consommation : avril 2026<br \/>\nCapacit\u00e9 de 400 ml : Expiration du produit juin 2026<\/strong><\/span><\/p>","protected":false},"featured_media":14129,"template":"","meta":[],"pwb-brand":[248],"product_brand":[],"product_cat":[1225,1119],"product_tag":[689,683,674],"class_list":{"0":"post-12832","1":"product","2":"type-product","3":"status-publish","4":"has-post-thumbnail","6":"pwb-brand-noreva","7":"product_cat-sale","8":"product_cat-face-wash","9":"product_tag-oily","10":"product_tag-acne","11":"product_tag-scars","13":"first","14":"instock","15":"sale","16":"purchasable","17":"product-type-variable","18":"has-default-attributes","19":"wvs-archive-product-wrapper"},"brands":[{"id":248,"name":"Noreva","slug":"noreva"}],"_links":{"self":[{"href":"https:\/\/gopinkish.com\/fr\/wp-json\/wp\/v2\/product\/12832","targetHints":{"allow":["GET"]}}],"collection":[{"href":"https:\/\/gopinkish.com\/fr\/wp-json\/wp\/v2\/product"}],"about":[{"href":"https:\/\/gopinkish.com\/fr\/wp-json\/wp\/v2\/types\/product"}],"wp:featuredmedia":[{"embeddable":true,"href":"https:\/\/gopinkish.com\/fr\/wp-json\/wp\/v2\/media\/14129"}],"wp:attachment":[{"href":"https:\/\/gopinkish.com\/fr\/wp-json\/wp\/v2\/media?parent=12832"}],"wp:term":[{"taxonomy":"pwb-brand","embeddable":true,"href":"https:\/\/gopinkish.com\/fr\/wp-json\/wp\/v2\/pwb-brand?post=12832"},{"taxonomy":"product_brand","embeddable":true,"href":"https:\/\/gopinkish.com\/fr\/wp-json\/wp\/v2\/product_brand?post=12832"},{"taxonomy":"product_cat","embeddable":true,"href":"https:\/\/gopinkish.com\/fr\/wp-json\/wp\/v2\/product_cat?post=12832"},{"taxonomy":"product_tag","embeddable":true,"href":"https:\/\/gopinkish.com\/fr\/wp-json\/wp\/v2\/product_tag?post=12832"}],"curies":[{"name":"wp","href":"https:\/\/api.w.org\/{rel}","templated":true}]}}