{"id":12766,"date":"2025-12-16T15:35:57","date_gmt":"2025-12-16T14:35:57","guid":{"rendered":"https:\/\/gopinkish.com\/?post_type=product&#038;p=12766"},"modified":"2026-03-31T09:14:23","modified_gmt":"2026-03-31T08:14:23","slug":"3596490007072","status":"publish","type":"product","link":"https:\/\/gopinkish.com\/fr\/produit\/3596490007072\/","title":{"rendered":"Un nettoyant doux qui prot\u00e8ge l'\u00e9quilibre naturel des zones sensibles"},"content":{"rendered":"<p><!--StartFragment --><\/p>\n<p style=\"text-align: justify;\">Sp\u00e9cialement formul\u00e9 pour le soin quotidien des zones intimes sensibles. Il contient des extraits naturels apaisants tels que l'aloe vera, de la glyc\u00e9rine pour hydrater la peau et des ingr\u00e9dients antibact\u00e9riens pour aider \u00e0 prot\u00e9ger la flore naturelle. Sa formule douce, sans savon, au pH \u00e9quilibr\u00e9, convient \u00e0 un usage quotidien, m\u00eame pour les peaux tr\u00e8s sensibles.<\/p>\n<p style=\"text-align: justify;\"><strong>Principaux ingr\u00e9dients et caract\u00e9ristiques :<\/strong><br \/>\n- Aloe Vera : Apaise la peau et fournit une hydratation naturelle.<br \/>\n- Glyc\u00e9rine : Hydrate et r\u00e9conforte les peaux sensibles.<br \/>\n- Ingr\u00e9dients antibact\u00e9riens : Maintient l'\u00e9quilibre naturel de la flore vaginale<br \/>\n- Formule sans savon au pH \u00e9quilibr\u00e9<br \/>\n- Convient \u00e0 un usage quotidien et aux peaux tr\u00e8s sensibles<\/p>\n<p style=\"text-align: justify;\"><strong>Principales caract\u00e9ristiques et avantages :<\/strong><br \/>\n- Nettoie en douceur sans provoquer de s\u00e9cheresse ou d'irritation<br \/>\n- Maintient l'\u00e9quilibre naturel de la flore vaginale<br \/>\n- Hydrate et r\u00e9conforte les zones sensibles<br \/>\n- Prot\u00e8ge contre l'inconfort mineur et l'inflammation<br \/>\n- Formule s\u00fbre et sans savon<\/p>\n<p dir=\"ltr\" style=\"text-align: center;\">\ud83c\uddec\ud83c\udde7 Cavaill\u00e8s Intimate Cleansing Care - Nettoyage quotidien doux, formule protectrice et apaisante<br \/>\n\ud83c\uddeb\ud83c\uddf7 Cavaill\u00e8s Soin Lavant Intime Protecteur - Nettoyant Doux Quotidien, Protection &amp; Apaisement<!--EndFragment --><\/p>","protected":false},"excerpt":{"rendered":"<p>\u0635\u064f\u0645\u0645 \u062e\u0635\u064a\u0635\u064b\u0627 \u0644\u0644\u0639\u0646\u0627\u064a\u0629 \u0627\u0644\u064a\u0648\u0645\u064a\u0629 \u0628\u0627\u0644\u0645\u0646\u0627\u0637\u0642 \u0627\u0644\u062d\u0645\u064a\u0645\u0629 \u0627\u0644\u062d\u0633\u0627\u0633\u0629. \u062a\u0631\u0643\u064a\u0628\u062a\u0647 \u062a\u062d\u062a\u0648\u064a \u0639\u0644\u0649 \u0645\u0633\u062a\u062e\u0644\u0635\u0627\u062a \u0637\u0628\u064a\u0639\u064a\u0629 \u0645\u0647\u062f\u0626\u0629 \u0645\u062b\u0644 \u0627\u0644\u0623\u0644\u0648\u0641\u064a\u0631\u0627\u060c \u0625\u0644\u0649 \u062c\u0627\u0646\u0628 \u062c\u0644\u0633\u0631\u064a\u0646 \u0644\u062a\u0631\u0637\u064a\u0628 \u0627\u0644\u0628\u0634\u0631\u0629\u060c \u0648\u0645\u0643\u0648\u0646\u0627\u062a \u0645\u0636\u0627\u062f\u0629 \u0644\u0644\u0628\u0643\u062a\u064a\u0631\u064a\u0627 \u062a\u0633\u0627\u0639\u062f \u0639\u0644\u0649 \u062d\u0645\u0627\u064a\u0629 \u0627\u0644\u0641\u0644\u0648\u0631\u0627 \u0627\u0644\u0637\u0628\u064a\u0639\u064a\u0629. \u064a\u062a\u0645\u064a\u0632 \u0628\u062a\u0631\u0643\u064a\u0628\u0629 \u0644\u0637\u064a\u0641\u0629 \u062e\u0627\u0644\u064a\u0629 \u0645\u0646 \u0627\u0644\u0635\u0627\u0628\u0648\u0646\u060c \u0630\u0627\u062a pH \u0645\u062a\u0648\u0627\u0632\u0646\u060c \u0645\u0645\u0627 \u064a\u062c\u0639\u0644\u0647 \u0645\u0646\u0627\u0633\u0628\u064b\u0627 \u0644\u0644\u0627\u0633\u062a\u062e\u062f\u0627\u0645 \u0627\u0644\u064a\u0648\u0645\u064a \u062d\u062a\u0649 \u0644\u0644\u0628\u0634\u0631\u0629 \u0627\u0644\u062d\u0633\u0627\u0633\u0629 \u062c\u062f\u064b\u0627. \u0627\u0644\u0645\u0643\u0648\u0646\u0627\u062a \u0648\u0627\u0644\u062e\u0635\u0627\u0626\u0635 \u0627\u0644\u0631\u0626\u064a\u0633\u064a\u0629: \u2022 \u0623\u0644\u0648\u0641\u064a\u0631\u0627: \u064a\u0647\u062f\u0626 \u0627\u0644\u0628\u0634\u0631\u0629 \u0648\u064a\u0645\u0646\u062d \u062a\u0631\u0637\u064a\u0628\u064b\u0627 [&hellip;]<\/p>\n","protected":false},"featured_media":14536,"template":"","meta":[],"pwb-brand":[1008],"product_brand":[],"product_cat":[1141],"product_tag":[1024],"class_list":{"0":"post-12766","1":"product","2":"type-product","3":"status-publish","4":"has-post-thumbnail","6":"pwb-brand-rogecavailles","7":"product_cat-sensitive-areas","8":"product_tag-1024","9":"pa_-250-","11":"first","12":"outofstock","13":"product-type-variable","14":"has-default-attributes","15":"wvs-archive-product-wrapper"},"brands":[{"id":1008,"name":"Rog\u00e9 Cavaill\u00e8s","slug":"rogecavailles"}],"_links":{"self":[{"href":"https:\/\/gopinkish.com\/fr\/wp-json\/wp\/v2\/product\/12766","targetHints":{"allow":["GET"]}}],"collection":[{"href":"https:\/\/gopinkish.com\/fr\/wp-json\/wp\/v2\/product"}],"about":[{"href":"https:\/\/gopinkish.com\/fr\/wp-json\/wp\/v2\/types\/product"}],"wp:featuredmedia":[{"embeddable":true,"href":"https:\/\/gopinkish.com\/fr\/wp-json\/wp\/v2\/media\/14536"}],"wp:attachment":[{"href":"https:\/\/gopinkish.com\/fr\/wp-json\/wp\/v2\/media?parent=12766"}],"wp:term":[{"taxonomy":"pwb-brand","embeddable":true,"href":"https:\/\/gopinkish.com\/fr\/wp-json\/wp\/v2\/pwb-brand?post=12766"},{"taxonomy":"product_brand","embeddable":true,"href":"https:\/\/gopinkish.com\/fr\/wp-json\/wp\/v2\/product_brand?post=12766"},{"taxonomy":"product_cat","embeddable":true,"href":"https:\/\/gopinkish.com\/fr\/wp-json\/wp\/v2\/product_cat?post=12766"},{"taxonomy":"product_tag","embeddable":true,"href":"https:\/\/gopinkish.com\/fr\/wp-json\/wp\/v2\/product_tag?post=12766"}],"curies":[{"name":"wp","href":"https:\/\/api.w.org\/{rel}","templated":true}]}}