{"id":12755,"date":"2024-06-28T15:35:57","date_gmt":"2024-06-28T14:35:57","guid":{"rendered":"https:\/\/gopinkish.com\/?post_type=product&#038;p=12755"},"modified":"2025-08-04T22:33:07","modified_gmt":"2025-08-04T21:33:07","slug":"3337875829007","status":"publish","type":"product","link":"https:\/\/gopinkish.com\/fr\/produit\/3337875829007\/","title":{"rendered":"S\u00e9rum au r\u00e9tinol pour rajeunir la peau et \u00e9liminer les signes d'acn\u00e9 et d'imperfections"},"content":{"rendered":"<p style=\"text-align: justify;\">D\u00e9velopp\u00e9 en collaboration avec des dermatologues, CeraVe Resurfacing Retinol Serum aide \u00e0 lisser la texture de votre peau en r\u00e9duisant l'apparence des marques post-acn\u00e9iques, en minimisant l'apparence des pores et en am\u00e9liorant la surface de votre peau.<\/p>\n<p style=\"text-align: justify;\">Les marques d'acn\u00e9 et les irr\u00e9gularit\u00e9s du teint peuvent \u00eatre un rappel constant de l'acn\u00e9, m\u00eame lorsque celle-ci est ma\u00eetris\u00e9e. Un moyen efficace de minimiser l'apparence des marques d'acn\u00e9 (\u00e9galement appel\u00e9es hyperpigmentation post-inflammatoire) et des pores visibles consiste \u00e0 utiliser un s\u00e9rum doux et efficace qui r\u00e9g\u00e9n\u00e8re la peau sans compromettre sa barri\u00e8re protectrice.<\/p>\n<p style=\"text-align: justify;\">D\u00e9velopp\u00e9 en collaboration avec des dermatologues, CeraVe Resurfacing Retinol Serum aide \u00e0 lisser la texture de votre peau en r\u00e9duisant l'apparence des marques post-acn\u00e9iques, en minimisant l'apparence des pores et en am\u00e9liorant la surface de votre peau. Notre formule contient du r\u00e9tinol encapsul\u00e9 pour aider \u00e0 resurfacer votre peau, ainsi que de l'extrait de racine de r\u00e9glisse pour aider \u00e0 \u00e9claircir l'apparence de votre peau. De plus, elle contient un complexe de 3 c\u00e9ramides essentiels qui agissent ensemble pour retenir l'humidit\u00e9 et aider \u00e0 restaurer la barri\u00e8re protectrice de votre peau, ainsi que du niacinamide apaisant. La technologie MVE encapsule les c\u00e9ramides pour garantir une diffusion efficace au sein de la barri\u00e8re cutan\u00e9e et une lib\u00e9ration lente au fil du temps. Soutient la barri\u00e8re protectrice de la peau longtemps apr\u00e8s la fin de l'utilisation. L\u00e9ger et rapidement absorb\u00e9, notre s\u00e9rum resurfa\u00e7ant aide \u00e0 restaurer le teint uniforme de votre peau et favorise un teint d'apparence saine.<\/p>\n<p dir=\"ltr\" style=\"text-align: center;\">\ud83c\uddec\ud83c\udde7 CeraVe Resurfacing Retinol Serum<br \/>\n\ud83c\uddeb\ud83c\uddf7 S\u00e9rum Resurfa\u00e7ant au R\u00e9tinol CeraVe<\/p>\n<div id=\"gtx-trans\" style=\"position: absolute; left: 1025px; top: 48.6px;\">\n<div class=\"gtx-trans-icon\" style=\"text-align: justify;\"><\/div>\n<\/div>","protected":false},"excerpt":{"rendered":"<p>\u062a\u0645 \u062a\u0637\u0648\u064a\u0631\u0647 \u0628\u0627\u0644\u062a\u0639\u0627\u0648\u0646 \u0645\u0639 \u0623\u0637\u0628\u0627\u0621 \u0627\u0644\u062c\u0644\u062f\u060c \u064a\u0633\u0627\u0639\u062f \u0645\u0635\u0644 CeraVe Resurfacing Retinol \u0639\u0644\u0649 \u062a\u0646\u0639\u064a\u0645 \u0645\u0644\u0645\u0633 \u0628\u0634\u0631\u062a\u0643 \u0639\u0646 \u0637\u0631\u064a\u0642 \u062a\u0642\u0644\u064a\u0644 \u0638\u0647\u0648\u0631 \u0639\u0644\u0627\u0645\u0627\u062a \u0645\u0627 \u0628\u0639\u062f \u062d\u0628 \u0627\u0644\u0634\u0628\u0627\u0628\u060c \u0648\u062a\u0642\u0644\u064a\u0644 \u0645\u0638\u0647\u0631 \u0627\u0644\u0645\u0633\u0627\u0645 \u0648\u062a\u062d\u0633\u064a\u0646 \u0633\u0637\u062d \u0628\u0634\u0631\u062a\u0643. \u064a\u0645\u0643\u0646 \u0623\u0646 \u062a\u0643\u0648\u0646 \u0639\u0644\u0627\u0645\u0627\u062a \u062d\u0628 \u0627\u0644\u0634\u0628\u0627\u0628 \u0648\u062a\u0641\u0627\u0648\u062a \u0644\u0648\u0646 \u0627\u0644\u0628\u0634\u0631\u0629 \u0628\u0645\u062b\u0627\u0628\u0629 \u062a\u0630\u0643\u064a\u0631 \u062f\u0627\u0626\u0645 \u0628\u0638\u0647\u0648\u0631 \u062d\u0628 \u0627\u0644\u0634\u0628\u0627\u0628\u060c \u062d\u062a\u0649 \u0628\u0639\u062f \u0627\u0644\u0633\u064a\u0637\u0631\u0629 \u0639\u0644\u0649 \u062d\u0628 \u0627\u0644\u0634\u0628\u0627\u0628. \u0625\u062d\u062f\u0649 \u0627\u0644\u0637\u0631\u0642 \u0627\u0644\u0641\u0639\u0627\u0644\u0629 \u0644\u062a\u0642\u0644\u064a\u0644 [&hellip;]<\/p>\n","protected":false},"featured_media":14078,"template":"","meta":[],"pwb-brand":[222],"product_brand":[],"product_cat":[1230],"product_tag":[683],"class_list":{"0":"post-12755","1":"product","2":"type-product","3":"status-publish","4":"has-post-thumbnail","6":"pwb-brand-cerave","7":"product_cat-face-serum","8":"product_tag-acne","9":"pa_-30-","11":"first","12":"instock","13":"purchasable","14":"product-type-variable","15":"has-default-attributes","16":"wvs-archive-product-wrapper"},"brands":[{"id":222,"name":"CeraVe","slug":"cerave"}],"_links":{"self":[{"href":"https:\/\/gopinkish.com\/fr\/wp-json\/wp\/v2\/product\/12755","targetHints":{"allow":["GET"]}}],"collection":[{"href":"https:\/\/gopinkish.com\/fr\/wp-json\/wp\/v2\/product"}],"about":[{"href":"https:\/\/gopinkish.com\/fr\/wp-json\/wp\/v2\/types\/product"}],"wp:featuredmedia":[{"embeddable":true,"href":"https:\/\/gopinkish.com\/fr\/wp-json\/wp\/v2\/media\/14078"}],"wp:attachment":[{"href":"https:\/\/gopinkish.com\/fr\/wp-json\/wp\/v2\/media?parent=12755"}],"wp:term":[{"taxonomy":"pwb-brand","embeddable":true,"href":"https:\/\/gopinkish.com\/fr\/wp-json\/wp\/v2\/pwb-brand?post=12755"},{"taxonomy":"product_brand","embeddable":true,"href":"https:\/\/gopinkish.com\/fr\/wp-json\/wp\/v2\/product_brand?post=12755"},{"taxonomy":"product_cat","embeddable":true,"href":"https:\/\/gopinkish.com\/fr\/wp-json\/wp\/v2\/product_cat?post=12755"},{"taxonomy":"product_tag","embeddable":true,"href":"https:\/\/gopinkish.com\/fr\/wp-json\/wp\/v2\/product_tag?post=12755"}],"curies":[{"name":"wp","href":"https:\/\/api.w.org\/{rel}","templated":true}]}}