{"id":12729,"date":"2024-06-28T15:35:48","date_gmt":"2024-06-28T14:35:48","guid":{"rendered":"https:\/\/gopinkish.com\/?post_type=product&#038;p=12729"},"modified":"2025-02-19T10:56:24","modified_gmt":"2025-02-19T09:56:24","slug":"8809647392637","status":"publish","type":"product","link":"https:\/\/gopinkish.com\/fr\/produit\/8809647392637\/","title":{"rendered":"Masque revitalisant intensif au r\u00e9tinol"},"content":{"rendered":"<p style=\"text-align: justify;\">Le masque revitalisant intensif au r\u00e9tinol aide \u00e0 minimiser les signes du vieillissement gr\u00e2ce \u00e0 sa formule l\u00e9g\u00e8re pour les peaux sensibles.<\/p>\n<p style=\"text-align: justify;\"><strong>Les principaux avantages :<\/strong><\/p>\n<ul>\n<li style=\"text-align: justify;\">Contient du r\u00e9tinol, du r\u00e9tinal et du bacuchiol pour favoriser l'\u00e9lasticit\u00e9 de la peau tout en r\u00e9duisant les irritations.<\/li>\n<li style=\"text-align: justify;\">Une feuille en microfibre qui s'adapte parfaitement au visage pour d\u00e9livrer une essence cr\u00e9meuse et hydratante contenant 10 types d'acide hyaluronique.<\/li>\n<li style=\"text-align: justify;\">Utilise la technologie brevet\u00e9e des liposomes \u00e9lastiques pour d\u00e9livrer des ingr\u00e9dients actifs dans la couche profonde de l'\u00e9piderme.<\/li>\n<\/ul>","protected":false},"excerpt":{"rendered":"<p>\u064a\u0633\u0627\u0639\u062f \u0642\u0646\u0627\u0639 \u0625\u0639\u0627\u062f\u0629 \u0627\u0644\u062a\u0646\u0634\u064a\u0637 \u0627\u0644\u0645\u0643\u062b\u0641 Retinol \u0639\u0644\u0649 \u062a\u0642\u0644\u064a\u0644 \u0639\u0644\u0627\u0645\u0627\u062a \u0627\u0644\u0634\u064a\u062e\u0648\u062e\u0629 \u0628\u062a\u0631\u0643\u064a\u0628\u062a\u0647 \u0627\u0644\u062e\u0641\u064a\u0641\u0629 \u0644\u0644\u0628\u0634\u0631\u0629 \u0627\u0644\u062d\u0633\u0627\u0633\u0629. \u0627\u0644\u0641\u0648\u0627\u0626\u062f \u0627\u0644\u0631\u0626\u064a\u0633\u064a\u0629: \u064a\u062d\u062a\u0648\u064a \u0639\u0644\u0649 \u0627\u0644\u0631\u064a\u062a\u064a\u0646\u0648\u0644 \u0648\u0627\u0644\u0631\u064a\u062a\u064a\u0646\u0627\u0644 \u0648\u0627\u0644\u0628\u0627\u0643\u0648\u0634\u064a\u0648\u0644 \u0644\u0644\u0645\u0633\u0627\u0639\u062f\u0629 \u0641\u064a \u062a\u0639\u0632\u064a\u0632 \u0645\u0631\u0648\u0646\u0629 \u0627\u0644\u062c\u0644\u062f \u0645\u0639 \u0627\u0646\u062e\u0641\u0627\u0636 \u0627\u0644\u062a\u0647\u064a\u062c. \u0648\u0631\u0642\u0629 \u0645\u0646 \u0627\u0644\u0623\u0644\u064a\u0627\u0641 \u0627\u0644\u062f\u0642\u064a\u0642\u0629 \u062a\u0646\u0627\u0633\u0628 \u0627\u0644\u0648\u062c\u0647 \u062a\u0645\u0627\u0645\u064b\u0627 \u0644\u062a\u0648\u0641\u064a\u0631 \u062e\u0644\u0627\u0635\u0629 \u0627\u0644\u0643\u0631\u064a\u0645 \u0648\u0627\u0644\u0631\u0637\u0648\u0628\u0629 \u0645\u0639 10 \u0623\u0646\u0648\u0627\u0639 \u0645\u0646 \u062d\u0645\u0636 \u0627\u0644\u0647\u064a\u0627\u0644\u0648\u0631\u0648\u0646\u064a\u0643. \u0627\u0633\u062a\u062e\u062f\u0645 \u062a\u0642\u0646\u064a\u0629 Elastic-Liposome \u0627\u0644\u062d\u0627\u0635\u0644\u0629 \u0639\u0644\u0649 \u0628\u0631\u0627\u0621\u0629 \u0627\u062e\u062a\u0631\u0627\u0639 \u0644\u062a\u0648\u0635\u064a\u0644 \u0627\u0644\u0645\u0643\u0648\u0646\u0627\u062a [&hellip;]<\/p>\n","protected":false},"featured_media":14538,"template":"","meta":[],"pwb-brand":[735],"product_brand":[],"product_cat":[1124],"product_tag":[672,688,1013,763],"class_list":{"0":"post-12729","1":"product","2":"type-product","3":"status-publish","4":"has-post-thumbnail","6":"pwb-brand-somebymi","7":"product_cat-face-mask","8":"product_tag-wrinkles","9":"product_tag-sensitive","10":"product_tag-1013","11":"product_tag-763","12":"pa_-22-","14":"first","15":"outofstock","16":"product-type-variable","17":"has-default-attributes","18":"wvs-archive-product-wrapper"},"brands":[{"id":735,"name":"Some By Mi","slug":"somebymi"}],"_links":{"self":[{"href":"https:\/\/gopinkish.com\/fr\/wp-json\/wp\/v2\/product\/12729","targetHints":{"allow":["GET"]}}],"collection":[{"href":"https:\/\/gopinkish.com\/fr\/wp-json\/wp\/v2\/product"}],"about":[{"href":"https:\/\/gopinkish.com\/fr\/wp-json\/wp\/v2\/types\/product"}],"wp:featuredmedia":[{"embeddable":true,"href":"https:\/\/gopinkish.com\/fr\/wp-json\/wp\/v2\/media\/14538"}],"wp:attachment":[{"href":"https:\/\/gopinkish.com\/fr\/wp-json\/wp\/v2\/media?parent=12729"}],"wp:term":[{"taxonomy":"pwb-brand","embeddable":true,"href":"https:\/\/gopinkish.com\/fr\/wp-json\/wp\/v2\/pwb-brand?post=12729"},{"taxonomy":"product_brand","embeddable":true,"href":"https:\/\/gopinkish.com\/fr\/wp-json\/wp\/v2\/product_brand?post=12729"},{"taxonomy":"product_cat","embeddable":true,"href":"https:\/\/gopinkish.com\/fr\/wp-json\/wp\/v2\/product_cat?post=12729"},{"taxonomy":"product_tag","embeddable":true,"href":"https:\/\/gopinkish.com\/fr\/wp-json\/wp\/v2\/product_tag?post=12729"}],"curies":[{"name":"wp","href":"https:\/\/api.w.org\/{rel}","templated":true}]}}