{"id":12723,"date":"2024-06-28T15:35:48","date_gmt":"2024-06-28T14:35:48","guid":{"rendered":"https:\/\/gopinkish.com\/?post_type=product&#038;p=12723"},"modified":"2026-04-27T03:18:26","modified_gmt":"2026-04-27T02:18:26","slug":"3600542168632","status":"publish","type":"product","link":"https:\/\/gopinkish.com\/fr\/produit\/3600542168632\/","title":{"rendered":"Masque exfoliant anti-points noirs pour le visage"},"content":{"rendered":"<p style=\"text-align: justify;\">Garnier - PureActive - Masque Exfoliant Anti-Points Noirs Gr\u00e2ce \u00e0 sa formule enrichie en charbon naturel et en acide salicylique purifiant, ce masque exfoliant cible les points noirs (pores obstru\u00e9s par le s\u00e9bum et les impuret\u00e9s) et d\u00e9sincruste efficacement la zone T (nez, front et menton).<\/p>","protected":false},"excerpt":{"rendered":"<p>Garnier - PureActive - Masque Exfoliant Anti-Points Noirs Gr\u00e2ce \u00e0 sa formule enrichie en charbon naturel et en acide salicylique purifiant, ce masque exfoliant cible les points noirs (pores obstru\u00e9s par le s\u00e9bum et les impuret\u00e9s) et d\u00e9sincruste efficacement la zone T (nez, front et menton).<\/p>","protected":false},"featured_media":14543,"template":"","meta":[],"pwb-brand":[218],"product_brand":[],"product_cat":[1120,1124],"product_tag":[698],"class_list":{"0":"post-12723","1":"product","2":"type-product","3":"status-publish","4":"has-post-thumbnail","6":"pwb-brand-garnier","7":"product_cat-face-exfo","8":"product_cat-face-mask","9":"product_tag-blackheads","10":"pa_-50-","12":"first","13":"instock","14":"purchasable","15":"product-type-variable","16":"has-default-attributes","17":"wvs-archive-product-wrapper"},"brands":[{"id":218,"name":"Garnier","slug":"garnier"}],"_links":{"self":[{"href":"https:\/\/gopinkish.com\/fr\/wp-json\/wp\/v2\/product\/12723","targetHints":{"allow":["GET"]}}],"collection":[{"href":"https:\/\/gopinkish.com\/fr\/wp-json\/wp\/v2\/product"}],"about":[{"href":"https:\/\/gopinkish.com\/fr\/wp-json\/wp\/v2\/types\/product"}],"wp:featuredmedia":[{"embeddable":true,"href":"https:\/\/gopinkish.com\/fr\/wp-json\/wp\/v2\/media\/14543"}],"wp:attachment":[{"href":"https:\/\/gopinkish.com\/fr\/wp-json\/wp\/v2\/media?parent=12723"}],"wp:term":[{"taxonomy":"pwb-brand","embeddable":true,"href":"https:\/\/gopinkish.com\/fr\/wp-json\/wp\/v2\/pwb-brand?post=12723"},{"taxonomy":"product_brand","embeddable":true,"href":"https:\/\/gopinkish.com\/fr\/wp-json\/wp\/v2\/product_brand?post=12723"},{"taxonomy":"product_cat","embeddable":true,"href":"https:\/\/gopinkish.com\/fr\/wp-json\/wp\/v2\/product_cat?post=12723"},{"taxonomy":"product_tag","embeddable":true,"href":"https:\/\/gopinkish.com\/fr\/wp-json\/wp\/v2\/product_tag?post=12723"}],"curies":[{"name":"wp","href":"https:\/\/api.w.org\/{rel}","templated":true}]}}