{"id":12719,"date":"2024-06-28T15:35:48","date_gmt":"2024-06-28T14:35:48","guid":{"rendered":"https:\/\/gopinkish.com\/?post_type=product&#038;p=12719"},"modified":"2025-10-20T14:29:25","modified_gmt":"2025-10-20T13:29:25","slug":"3701129800546","status":"publish","type":"product","link":"https:\/\/gopinkish.com\/fr\/produit\/3701129800546\/","title":{"rendered":"Cr\u00e8me moussante nettoyante et blanchissante"},"content":{"rendered":"<p>Un nettoyant exfoliant quotidien pour \u00e9claircir la peau imm\u00e9diatement apr\u00e8s la douche.<\/p>\n<ul>\n<li>Aide visiblement \u00e0 r\u00e9duire l'apparence des taches brunes.<\/li>\n<li>Nettoie en douceur et att\u00e9nue les irr\u00e9gularit\u00e9s pour unifier et \u00e9claircir la peau.<\/li>\n<li>Hydrate et laisse la peau douce et lisse.<\/li>\n<li>Tr\u00e8s bonne tol\u00e9rance - Texture cr\u00e9meuse et moussante - Sans savon - Peut \u00eatre utilis\u00e9 comme masque.<\/li>\n<\/ul>","protected":false},"excerpt":{"rendered":"<p>\u0645\u0646\u0638\u0641 \u200b\u200b\u0645\u0642\u0634\u0631 \u064a\u0648\u0645\u064a \u0644\u062a\u0641\u062a\u064a\u062d \u0627\u0644\u0628\u0634\u0631\u0629 \u0645\u0628\u0627\u0634\u0631\u0629 \u0628\u0639\u062f \u0627\u0644\u0627\u0633\u062a\u062d\u0645\u0627\u0645. \u064a\u0633\u0627\u0639\u062f \u0628\u0634\u0643\u0644 \u0648\u0627\u0636\u062d \u0639\u0644\u0649 \u062a\u0642\u0644\u064a\u0644 \u0638\u0647\u0648\u0631 \u0627\u0644\u0628\u0642\u0639 \u0627\u0644\u062f\u0627\u0643\u0646\u0629. \u064a\u0646\u0638\u0641 \u0628\u0644\u0637\u0641 \u0648\u064a\u0642\u0644\u0644 \u0645\u0646 \u0627\u0644\u0645\u062e\u0627\u0644\u0641\u0627\u062a \u0644\u062a\u0648\u062d\u064a\u062f \u0627\u0644\u0628\u0634\u0631\u0629 \u0648\u062a\u0641\u062a\u064a\u062d\u0647\u0627. \u064a\u0631\u0637\u0628 \u0648\u064a\u062a\u0631\u0643 \u0627\u0644\u0628\u0634\u0631\u0629 \u0646\u0627\u0639\u0645\u0629. \u062a\u062d\u0645\u0644 \u062c\u064a\u062f \u062c\u062f\u064b\u0627 &#8211; \u0642\u0648\u0627\u0645 \u0631\u063a\u0648\u064a \u0643\u0631\u064a\u0645\u064a &#8211; \u062e\u0627\u0644\u064a \u0645\u0646 \u0627\u0644\u0635\u0627\u0628\u0648\u0646 &#8211; \u064a\u0645\u0643\u0646 \u0627\u0633\u062a\u062e\u062f\u0627\u0645\u0647 \u0643\u0642\u0646\u0627\u0639.<\/p>","protected":false},"featured_media":14530,"template":"","meta":[],"pwb-brand":[498],"product_brand":[],"product_cat":[1123,1120],"product_tag":[],"class_list":{"0":"post-12719","1":"product","2":"type-product","3":"status-publish","4":"has-post-thumbnail","6":"pwb-brand-bioderma","7":"product_cat-face-bright","8":"product_cat-face-exfo","9":"pa_-200-","11":"first","12":"instock","13":"purchasable","14":"product-type-variable","15":"has-default-attributes","16":"wvs-archive-product-wrapper"},"brands":[{"id":498,"name":"Bioderma","slug":"bioderma"}],"_links":{"self":[{"href":"https:\/\/gopinkish.com\/fr\/wp-json\/wp\/v2\/product\/12719","targetHints":{"allow":["GET"]}}],"collection":[{"href":"https:\/\/gopinkish.com\/fr\/wp-json\/wp\/v2\/product"}],"about":[{"href":"https:\/\/gopinkish.com\/fr\/wp-json\/wp\/v2\/types\/product"}],"wp:featuredmedia":[{"embeddable":true,"href":"https:\/\/gopinkish.com\/fr\/wp-json\/wp\/v2\/media\/14530"}],"wp:attachment":[{"href":"https:\/\/gopinkish.com\/fr\/wp-json\/wp\/v2\/media?parent=12719"}],"wp:term":[{"taxonomy":"pwb-brand","embeddable":true,"href":"https:\/\/gopinkish.com\/fr\/wp-json\/wp\/v2\/pwb-brand?post=12719"},{"taxonomy":"product_brand","embeddable":true,"href":"https:\/\/gopinkish.com\/fr\/wp-json\/wp\/v2\/product_brand?post=12719"},{"taxonomy":"product_cat","embeddable":true,"href":"https:\/\/gopinkish.com\/fr\/wp-json\/wp\/v2\/product_cat?post=12719"},{"taxonomy":"product_tag","embeddable":true,"href":"https:\/\/gopinkish.com\/fr\/wp-json\/wp\/v2\/product_tag?post=12719"}],"curies":[{"name":"wp","href":"https:\/\/api.w.org\/{rel}","templated":true}]}}