{"id":12689,"date":"2024-06-28T15:40:23","date_gmt":"2024-06-28T14:40:23","guid":{"rendered":"https:\/\/gopinkish.com\/?post_type=product&#038;p=12689"},"modified":"2026-04-18T15:05:42","modified_gmt":"2026-04-18T14:05:42","slug":"4005800321320","status":"publish","type":"product","link":"https:\/\/gopinkish.com\/fr\/produit\/4005800321320\/","title":{"rendered":"Une protection solaire liquide ultra-l\u00e9g\u00e8re pour le visage pour tous les types de peau"},"content":{"rendered":"<p style=\"text-align: justify;\">Un \u00e9cran solaire liquide ultra-l\u00e9ger pour le visage. Convient \u00e0 tous les types de peau, m\u00eame les plus sensibles.<\/p>\n<p style=\"text-align: justify;\">Eucerin\u00ae Sun protection innovation with advanced spectrum technology combine des filtres UVA\/UVB pour une protection ultra-haute contre les rayons UV et la Licochalcone A pour neutraliser les radicaux libres caus\u00e9s par les UV et la lumi\u00e8re bleue. L'acide glycyrrh\u00e9tinique soutient le m\u00e9canisme de r\u00e9paration de la peau.<\/p>\n<p style=\"text-align: justify;\">Haute protection solaire contre les rayons UVA, UVB et HEVIS pour le visage<br \/>\nFormule ultra-l\u00e9g\u00e8re, \u00e0 absorption rapide et au fini invisible.<br \/>\nNon collant, non gras et ne laissant aucun r\u00e9sidu sur la peau.<\/p>\n<p dir=\"ltr\">\n<p dir=\"ltr\" style=\"text-align: center;\">\ud83c\uddec\ud83c\udde7 Eucerin Sun Face Hydro Protect Fluide ultra-l\u00e9ger SPF50+<br \/>\n\ud83c\uddeb\ud83c\uddf7 Eucerin Sun Face Hydro Protect Fluide Ultra-L\u00e9ger SPF50+<\/p>","protected":false},"excerpt":{"rendered":"<p>\u0633\u0627\u0626\u0644 \u0648\u0627\u0642\u064a \u0645\u0646 \u0627\u0644\u0634\u0645\u0633 \u0641\u0627\u0626\u0642 \u0627\u0644\u062e\u0641\u0629 \u0644\u0644\u0648\u062c\u0647. \u0645\u0646\u0627\u0633\u0628 \u0644\u062c\u0645\u064a\u0639 \u0623\u0646\u0648\u0627\u0639 \u0627\u0644\u0628\u0634\u0631\u0629 \u062d\u062a\u0649 \u0627\u0644\u0628\u0634\u0631\u0629 \u0627\u0644\u0623\u0643\u062b\u0631 \u062d\u0633\u0627\u0633\u064a\u0629. \u064a\u062c\u0645\u0639 \u0627\u0628\u062a\u0643\u0627\u0631 \u0627\u0644\u062d\u0645\u0627\u064a\u0629 \u0645\u0646 \u0627\u0644\u0634\u0645\u0633 Eucerin\u00ae Sun \u0645\u0639 \u062a\u0642\u0646\u064a\u0629 \u0627\u0644\u0637\u064a\u0641 \u0627\u0644\u0645\u062a\u0642\u062f\u0645\u0629 \u0628\u064a\u0646 \u0641\u0644\u0627\u062a\u0631 UVA \/ UVB \u062d\u0645\u0627\u064a\u0629 \u0639\u0627\u0644\u064a\u0629 \u062c\u062f\u064b\u0627 \u0636\u062f \u0627\u0644\u0623\u0634\u0639\u0629 \u0641\u0648\u0642 \u0627\u0644\u0628\u0646\u0641\u0633\u062c\u064a\u0629 \u0648 Licochalcone A \u0644\u062a\u062d\u064a\u064a\u062f \u0627\u0644\u062c\u0630\u0648\u0631 \u0627\u0644\u062d\u0631\u0629 \u0627\u0644\u0646\u0627\u062a\u062c\u0629 \u0639\u0646 \u0627\u0644\u0623\u0634\u0639\u0629 \u0641\u0648\u0642 \u0627\u0644\u0628\u0646\u0641\u0633\u062c\u064a\u0629 \u0648\u0627\u0644\u0636\u0648\u0621 \u0627\u0644\u0623\u0632\u0631\u0642. \u064a\u062f\u0639\u0645 \u062d\u0645\u0636 \u0627\u0644\u062c\u0644\u064a\u0633\u064a\u0631\u0631\u0627\u062a\u064a\u0646\u064a\u0643 \u0622\u0644\u064a\u0629 [&hellip;]<\/p>\n","protected":false},"featured_media":14255,"template":"","meta":[],"pwb-brand":[439],"product_brand":[],"product_cat":[1144],"product_tag":[688,717],"class_list":{"0":"post-12689","1":"product","2":"type-product","3":"status-publish","4":"has-post-thumbnail","6":"pwb-brand-eucerin","7":"product_cat-face-sunscreen","8":"product_tag-sensitive","9":"product_tag-717","10":"pa_-50-","12":"first","13":"outofstock","14":"product-type-variable","15":"has-default-attributes","16":"wvs-archive-product-wrapper"},"brands":[{"id":439,"name":"Eucerin","slug":"eucerin"}],"_links":{"self":[{"href":"https:\/\/gopinkish.com\/fr\/wp-json\/wp\/v2\/product\/12689","targetHints":{"allow":["GET"]}}],"collection":[{"href":"https:\/\/gopinkish.com\/fr\/wp-json\/wp\/v2\/product"}],"about":[{"href":"https:\/\/gopinkish.com\/fr\/wp-json\/wp\/v2\/types\/product"}],"wp:featuredmedia":[{"embeddable":true,"href":"https:\/\/gopinkish.com\/fr\/wp-json\/wp\/v2\/media\/14255"}],"wp:attachment":[{"href":"https:\/\/gopinkish.com\/fr\/wp-json\/wp\/v2\/media?parent=12689"}],"wp:term":[{"taxonomy":"pwb-brand","embeddable":true,"href":"https:\/\/gopinkish.com\/fr\/wp-json\/wp\/v2\/pwb-brand?post=12689"},{"taxonomy":"product_brand","embeddable":true,"href":"https:\/\/gopinkish.com\/fr\/wp-json\/wp\/v2\/product_brand?post=12689"},{"taxonomy":"product_cat","embeddable":true,"href":"https:\/\/gopinkish.com\/fr\/wp-json\/wp\/v2\/product_cat?post=12689"},{"taxonomy":"product_tag","embeddable":true,"href":"https:\/\/gopinkish.com\/fr\/wp-json\/wp\/v2\/product_tag?post=12689"}],"curies":[{"name":"wp","href":"https:\/\/api.w.org\/{rel}","templated":true}]}}