{"id":12687,"date":"2024-06-28T15:35:38","date_gmt":"2024-06-28T14:35:38","guid":{"rendered":"https:\/\/gopinkish.com\/?post_type=product&#038;p=12687"},"modified":"2025-07-20T13:47:03","modified_gmt":"2025-07-20T12:47:03","slug":"4005800238963","status":"publish","type":"product","link":"https:\/\/gopinkish.com\/fr\/produit\/4005800238963\/","title":{"rendered":"Liquide de contr\u00f4le de la pigmentation avec SPF 50"},"content":{"rendered":"<p style=\"text-align: justify;\">D\u00e9couvrez le pouvoir protecteur et optimisateur de la peau d'Eucerin SUN PIGMENT CONTROL SPF 50+ 50ml. Con\u00e7u sp\u00e9cifiquement pour le visage, ce fluide solaire hautement efficace cible et combat les taches brunes, tout en pr\u00e9venant l'apparition de nouvelles hyperpigmentations caus\u00e9es par l'exposition au soleil. Sa formule avanc\u00e9e, enrichie de filtres UVA et UVB, offre une protection solaire quotidienne optimale, tandis que des ingr\u00e9dients actifs tels que le thiamidol agissent pr\u00e9cis\u00e9ment sur les causes de l'hyperpigmentation. Adapt\u00e9 \u00e0 tous les types de peau et facile \u00e0 int\u00e9grer \u00e0 votre routine de soin matinale, ce fluide solaire est votre alli\u00e9 pour une peau uniforme et prot\u00e9g\u00e9e tout au long de l'ann\u00e9e.<\/p>\n<p style=\"text-align: justify;\"><strong>Caract\u00e9ristiques principales du produit :<\/strong><\/p>\n<p style=\"text-align: justify;\">- Protection SPF 50+ : Haute protection solaire contre les rayons UVA\/UVB qui pr\u00e9vient les dommages cutan\u00e9s.<br \/>\n- R\u00e9duit les taches brunes : Formule avanc\u00e9e avec Thiamidol pour r\u00e9duire visiblement l'hyperpigmentation.<br \/>\n- Pr\u00e9vient l'hyperpigmentation : Pr\u00e9vient l'apparition de nouvelles taches dues \u00e0 l'exposition au soleil.<br \/>\n- Convient \u00e0 tous les types de peau : Une formule douce adapt\u00e9e \u00e0 un usage quotidien pour tous les types de peau, m\u00eame les plus sensibles.<br \/>\n- Formule l\u00e9g\u00e8re et non grasse : Texture liquide qui p\u00e9n\u00e8tre rapidement sans laisser de r\u00e9sidu collant ou de film blanc.<\/p>","protected":false},"excerpt":{"rendered":"<p>\u0627\u0643\u062a\u0634\u0641 \u0642\u0648\u0629 \u0627\u0644\u062d\u0645\u0627\u064a\u0629 \u0648\u062a\u062d\u0633\u064a\u0646 \u0627\u0644\u0628\u0634\u0631\u0629 \u0627\u0644\u062a\u064a \u064a\u0648\u0641\u0631\u0647\u0627 \u0633\u0627\u0626\u0644 \u0627\u0644\u062d\u0645\u0627\u064a\u0629 \u0645\u0646 \u0623\u0634\u0639\u0629 \u0627\u0644\u0634\u0645\u0633 Eucerin SUN PIGMENT CONTROL SPF 50+ 50ml. \u062a\u0645 \u062a\u0635\u0645\u064a\u0645 \u0647\u0630\u0627 \u0627\u0644\u0633\u0627\u0626\u0644 \u0627\u0644\u0648\u0627\u0642\u064a \u0645\u0646 \u0623\u0634\u0639\u0629 \u0627\u0644\u0634\u0645\u0633 \u0639\u0627\u0644\u064a \u0627\u0644\u0641\u0639\u0627\u0644\u064a\u0629 \u062e\u0635\u064a\u0635\u064b\u0627 \u0644\u0644\u0648\u062c\u0647\u060c \u062d\u064a\u062b \u064a\u0633\u062a\u0647\u062f\u0641 \u0627\u0644\u0628\u0642\u0639 \u0627\u0644\u062f\u0627\u0643\u0646\u0629 \u0648\u064a\u0643\u0627\u0641\u062d\u0647\u0627\u060c \u0628\u064a\u0646\u0645\u0627 \u064a\u0645\u0646\u0639 \u0638\u0647\u0648\u0631 \u0641\u0631\u0637 \u0627\u0644\u062a\u0635\u0628\u063a \u0627\u0644\u062c\u062f\u064a\u062f \u0628\u0633\u0628\u0628 \u0627\u0644\u062a\u0639\u0631\u0636 \u0644\u0623\u0634\u0639\u0629 \u0627\u0644\u0634\u0645\u0633. \u062a\u0648\u0641\u0631 \u062a\u0631\u0643\u064a\u0628\u062a\u0647 \u0627\u0644\u0645\u062a\u0642\u062f\u0645\u0629\u060c \u0627\u0644\u0645\u062e\u0635\u0628\u0629 \u0628\u0645\u0631\u0634\u062d\u0627\u062a UVA \u0648UVB\u060c \u062d\u0645\u0627\u064a\u0629 \u064a\u0648\u0645\u064a\u0629 [&hellip;]<\/p>\n","protected":false},"featured_media":15212,"template":"","meta":[],"pwb-brand":[439],"product_brand":[],"product_cat":[1144],"product_tag":[675,671,717],"class_list":{"0":"post-12687","1":"product","2":"type-product","3":"status-publish","4":"has-post-thumbnail","6":"pwb-brand-eucerin","7":"product_cat-face-sunscreen","8":"product_tag-spots","9":"product_tag-pigmentation","10":"product_tag-717","12":"first","13":"outofstock","14":"product-type-variable","15":"wvs-archive-product-wrapper"},"brands":[{"id":439,"name":"Eucerin","slug":"eucerin"}],"_links":{"self":[{"href":"https:\/\/gopinkish.com\/fr\/wp-json\/wp\/v2\/product\/12687","targetHints":{"allow":["GET"]}}],"collection":[{"href":"https:\/\/gopinkish.com\/fr\/wp-json\/wp\/v2\/product"}],"about":[{"href":"https:\/\/gopinkish.com\/fr\/wp-json\/wp\/v2\/types\/product"}],"wp:featuredmedia":[{"embeddable":true,"href":"https:\/\/gopinkish.com\/fr\/wp-json\/wp\/v2\/media\/15212"}],"wp:attachment":[{"href":"https:\/\/gopinkish.com\/fr\/wp-json\/wp\/v2\/media?parent=12687"}],"wp:term":[{"taxonomy":"pwb-brand","embeddable":true,"href":"https:\/\/gopinkish.com\/fr\/wp-json\/wp\/v2\/pwb-brand?post=12687"},{"taxonomy":"product_brand","embeddable":true,"href":"https:\/\/gopinkish.com\/fr\/wp-json\/wp\/v2\/product_brand?post=12687"},{"taxonomy":"product_cat","embeddable":true,"href":"https:\/\/gopinkish.com\/fr\/wp-json\/wp\/v2\/product_cat?post=12687"},{"taxonomy":"product_tag","embeddable":true,"href":"https:\/\/gopinkish.com\/fr\/wp-json\/wp\/v2\/product_tag?post=12687"}],"curies":[{"name":"wp","href":"https:\/\/api.w.org\/{rel}","templated":true}]}}