{"id":12674,"date":"2024-06-28T15:35:38","date_gmt":"2024-06-28T14:35:38","guid":{"rendered":"https:\/\/gopinkish.com\/?post_type=product&#038;p=12674"},"modified":"2026-03-02T18:29:14","modified_gmt":"2026-03-02T17:29:14","slug":"8809416470511","status":"publish","type":"product","link":"https:\/\/gopinkish.com\/fr\/produit\/8809416470511\/","title":{"rendered":"Gel nettoyant \u00e0 faible pH"},"content":{"rendered":"<p style=\"text-align: justify;\">Un gel nettoyant doux au pH mod\u00e9r\u00e9. Tout en optimisant le grain de votre peau, ce nettoyant permet de nettoyer la peau sans l'exfolier. Id\u00e9al pour tous les types de peau, il permet de se r\u00e9veiller avec une peau resserr\u00e9e et parfaitement nettoy\u00e9e.<\/p>\n<p dir=\"ltr\" style=\"text-align: center;\">\ud83c\uddec\ud83c\udde7 COSRX Gel nettoyant Good Morning \u00e0 faible pH<br \/>\n\ud83c\uddeb\ud83c\uddf7 Gel Nettoyant COSRX Low pH Good Morning<\/p>","protected":false},"excerpt":{"rendered":"<p>\u0645\u0646\u0638\u0641 \u200b\u200b\u062c\u0644 \u0644\u0637\u064a\u0641 \u0630\u0648 \u0645\u0633\u062a\u0648\u0649 \u062d\u0645\u0648\u0636\u0629 \u0645\u0639\u062a\u062f\u0644.\u00a0\u0628\u064a\u0646\u0645\u0627 \u064a\u0642\u0648\u0645 \u0628\u062a\u062d\u0633\u064a\u0646 \u0645\u0644\u0645\u0633 \u0628\u0634\u0631\u062a\u0643\u060c \u0633\u064a\u0633\u0627\u0639\u062f \u0647\u0630\u0627 \u0627\u0644\u0645\u0646\u0638\u0641 \u0639\u0644\u0649 \u062a\u0646\u0638\u064a\u0641 \u0627\u0644\u0628\u0634\u0631\u0629 \u062f\u0648\u0646 \u062a\u0642\u0634\u064a\u0631\u0647\u0627. \u0631\u0627\u0626\u0639 \u0648 \u0645\u0646\u0627\u0633\u0628 \u0644\u062c\u0645\u064a\u0639 \u0623\u0646\u0648\u0627\u0639 \u0627\u0644\u0628\u0634\u0631\u0629\u060c \u0627\u0633\u062a\u064a\u0642\u0638\u064a \u0628\u0628\u0634\u0631\u0629 \u0645\u0634\u062f\u0648\u062f\u0629 \u0648 \u0646\u0638\u064a\u0641\u0629 \u062a\u0645\u0627\u0645\u0627. \ud83c\uddec\ud83c\udde7 COSRX Low pH Good Morning Gel Cleanser \ud83c\uddeb\ud83c\uddf7 Gel Nettoyant COSRX Low pH Good Morning<\/p>","protected":false},"featured_media":14555,"template":"","meta":[],"pwb-brand":[722],"product_brand":[],"product_cat":[1119],"product_tag":[693,763],"class_list":{"0":"post-12674","1":"product","2":"type-product","3":"status-publish","4":"has-post-thumbnail","6":"pwb-brand-cosrx","7":"product_cat-face-wash","8":"product_tag-cleansing","9":"product_tag-korean-product-2","10":"pa_-150-","12":"first","13":"instock","14":"purchasable","15":"product-type-variable","16":"has-default-attributes","17":"wvs-archive-product-wrapper"},"brands":[{"id":722,"name":"Cosrx","slug":"cosrx"}],"_links":{"self":[{"href":"https:\/\/gopinkish.com\/fr\/wp-json\/wp\/v2\/product\/12674","targetHints":{"allow":["GET"]}}],"collection":[{"href":"https:\/\/gopinkish.com\/fr\/wp-json\/wp\/v2\/product"}],"about":[{"href":"https:\/\/gopinkish.com\/fr\/wp-json\/wp\/v2\/types\/product"}],"wp:featuredmedia":[{"embeddable":true,"href":"https:\/\/gopinkish.com\/fr\/wp-json\/wp\/v2\/media\/14555"}],"wp:attachment":[{"href":"https:\/\/gopinkish.com\/fr\/wp-json\/wp\/v2\/media?parent=12674"}],"wp:term":[{"taxonomy":"pwb-brand","embeddable":true,"href":"https:\/\/gopinkish.com\/fr\/wp-json\/wp\/v2\/pwb-brand?post=12674"},{"taxonomy":"product_brand","embeddable":true,"href":"https:\/\/gopinkish.com\/fr\/wp-json\/wp\/v2\/product_brand?post=12674"},{"taxonomy":"product_cat","embeddable":true,"href":"https:\/\/gopinkish.com\/fr\/wp-json\/wp\/v2\/product_cat?post=12674"},{"taxonomy":"product_tag","embeddable":true,"href":"https:\/\/gopinkish.com\/fr\/wp-json\/wp\/v2\/product_tag?post=12674"}],"curies":[{"name":"wp","href":"https:\/\/api.w.org\/{rel}","templated":true}]}}