{"id":12658,"date":"2024-06-28T15:35:28","date_gmt":"2024-06-28T14:35:28","guid":{"rendered":"https:\/\/gopinkish.com\/?post_type=product&#038;p=12658"},"modified":"2026-04-25T20:56:31","modified_gmt":"2026-04-25T19:56:31","slug":"8809416471112","status":"publish","type":"product","link":"https:\/\/gopinkish.com\/fr\/produit\/8809416471112\/","title":{"rendered":"Nettoyant quotidien doux \u00e0 l'acide salicylique"},"content":{"rendered":"<p style=\"text-align: justify;\">Un nettoyant exfoliant \u00e0 base d'acide salicylique qui minimise l'apparence de l'acn\u00e9 et aide \u00e0 \u00e9claircir la peau. L'acide salicylique \u00e9limine les cellules mortes de la peau et permet aux nouvelles cellules de se d\u00e9velopper. Il contient \u00e9galement de l'huile de feuilles d'arbre \u00e0 th\u00e9, qui a un effet anti-inflammatoire et une action assainissante. Le syst\u00e8me de savon cr\u00e9meux et d\u00e9licat rend le nettoyage parfait !<\/p>\n<p style=\"text-align: justify;\">Le nettoyant BHA \u00e9limine les cellules mortes et les probl\u00e8mes de peau difficiles \u00e0 \u00e9liminer.<\/p>\n<p dir=\"ltr\" style=\"text-align: center;\">\ud83c\uddec\ud83c\udde7 COSRX Acide Salicylique Nettoyant Doux Quotidien<br \/>\n\ud83c\uddeb\ud83c\uddf7 Nettoyant Doux Quotidien \u00e0 l'Acide Salicylique COSRX<\/p>","protected":false},"excerpt":{"rendered":"<p>\u0645\u0646\u0638\u0641 \u200b\u200b\u0645\u0642\u0634\u0631 \u0628\u062d\u0645\u0636 \u0627\u0644\u0633\u0627\u0644\u064a\u0633\u064a\u0644\u064a\u0643 \u064a\u0642\u0644\u0644 \u0645\u0646 \u0638\u0647\u0648\u0631 \u062d\u0628 \u0627\u0644\u0634\u0628\u0627\u0628 \u0648\u064a\u0633\u0627\u0639\u062f \u0639\u0644\u0649 \u0646\u0642\u0627\u0621 \u0627\u0644\u0628\u0634\u0631\u0629. \u064a\u0632\u064a\u0644 \u062d\u0645\u0636 \u0627\u0644\u0633\u0627\u0644\u064a\u0633\u064a\u0644\u064a\u0643 \u062e\u0644\u0627\u064a\u0627 \u0627\u0644\u062c\u0644\u062f \u0627\u0644\u0645\u064a\u062a\u0629 \u0648\u064a\u0633\u0645\u062d \u0628\u0646\u0645\u0648 \u062e\u0644\u0627\u064a\u0627 \u0627\u0644\u062c\u0644\u062f \u0627\u0644\u062c\u062f\u064a\u062f\u0629. \u064a\u062d\u062a\u0648\u064a \u0623\u064a\u0636\u064b\u0627 \u0639\u0644\u0649 \u0632\u064a\u062a \u0623\u0648\u0631\u0627\u0642 \u0634\u062c\u0631\u0629 \u0627\u0644\u0634\u0627\u064a \u0627\u0644\u0630\u064a \u0644\u0647 \u062a\u0623\u062b\u064a\u0631 \u0645\u0636\u0627\u062f \u0644\u0644\u0627\u0644\u062a\u0647\u0627\u0628\u0627\u062a \u0648\u0641\u0639\u0627\u0644\u064a\u0629 \u062a\u0639\u0642\u064a\u0645. \u0646\u0638\u0627\u0645 \u0627\u0644\u0635\u0627\u0628\u0648\u0646 \u0627\u0644\u0643\u0631\u064a\u0645\u064a \u0627\u0644\u062f\u0642\u064a\u0642 \u064a\u062c\u0639\u0644 \u0627\u0644\u062a\u0646\u0638\u064a\u0641 \u0645\u062b\u0627\u0644\u064a\u064b\u0627! \u064a\u0642\u0636\u064a \u0645\u0646\u0638\u0641 BHA \u0639\u0644\u0649 \u062e\u0644\u0627\u064a\u0627 \u0627\u0644\u062c\u0644\u062f \u0627\u0644\u0645\u064a\u062a\u0629 \u0627\u0644\u062a\u064a \u064a\u0635\u0639\u0628 \u0625\u0632\u0627\u0644\u062a\u0647\u0627 [&hellip;]<\/p>\n","protected":false},"featured_media":15274,"template":"","meta":[],"pwb-brand":[722],"product_brand":[],"product_cat":[1120,1119],"product_tag":[683,763],"class_list":{"0":"post-12658","1":"product","2":"type-product","3":"status-publish","4":"has-post-thumbnail","6":"pwb-brand-cosrx","7":"product_cat-face-exfo","8":"product_cat-face-wash","9":"product_tag-acne","10":"product_tag-korean-product-2","11":"pa_-150-","13":"first","14":"instock","15":"purchasable","16":"product-type-variable","17":"has-default-attributes","18":"wvs-archive-product-wrapper"},"brands":[{"id":722,"name":"Cosrx","slug":"cosrx"}],"_links":{"self":[{"href":"https:\/\/gopinkish.com\/fr\/wp-json\/wp\/v2\/product\/12658","targetHints":{"allow":["GET"]}}],"collection":[{"href":"https:\/\/gopinkish.com\/fr\/wp-json\/wp\/v2\/product"}],"about":[{"href":"https:\/\/gopinkish.com\/fr\/wp-json\/wp\/v2\/types\/product"}],"wp:featuredmedia":[{"embeddable":true,"href":"https:\/\/gopinkish.com\/fr\/wp-json\/wp\/v2\/media\/15274"}],"wp:attachment":[{"href":"https:\/\/gopinkish.com\/fr\/wp-json\/wp\/v2\/media?parent=12658"}],"wp:term":[{"taxonomy":"pwb-brand","embeddable":true,"href":"https:\/\/gopinkish.com\/fr\/wp-json\/wp\/v2\/pwb-brand?post=12658"},{"taxonomy":"product_brand","embeddable":true,"href":"https:\/\/gopinkish.com\/fr\/wp-json\/wp\/v2\/product_brand?post=12658"},{"taxonomy":"product_cat","embeddable":true,"href":"https:\/\/gopinkish.com\/fr\/wp-json\/wp\/v2\/product_cat?post=12658"},{"taxonomy":"product_tag","embeddable":true,"href":"https:\/\/gopinkish.com\/fr\/wp-json\/wp\/v2\/product_tag?post=12658"}],"curies":[{"name":"wp","href":"https:\/\/api.w.org\/{rel}","templated":true}]}}