{"id":12628,"date":"2024-06-28T15:35:19","date_gmt":"2024-06-28T14:35:19","guid":{"rendered":"https:\/\/gopinkish.com\/?post_type=product&#038;p=12628"},"modified":"2025-12-10T13:03:16","modified_gmt":"2025-12-10T12:03:16","slug":"3337871323622","status":"publish","type":"product","link":"https:\/\/gopinkish.com\/fr\/produit\/3337871323622\/","title":{"rendered":"Un \u00e9cran solaire avec une protection maximale pour les peaux grasses et une r\u00e9sistance \u00e0 l'eau"},"content":{"rendered":"<p style=\"text-align: justify;\">Capital Soleil Mattifying Face Dry Touch SPF 50 aide \u00e0 prot\u00e9ger la peau des effets n\u00e9fastes du soleil et de ses rayons UV. Il offre un fini lisse, sec, sans brillance et r\u00e9sistant \u00e0 l'eau. La formule comprend un syst\u00e8me de filtration \u00e0 large spectre et un complexe Mexoryl r\u00e9sistant \u00e0 la lumi\u00e8re UVA-UVB.<\/p>\n<p dir=\"ltr\" style=\"text-align: center;\">\ud83c\uddec\ud83c\udde7 Vichy Capital Soleil Fluide visage matifiant Dry Touch SPF50<br \/>\n\ud83c\uddeb\ud83c\uddf7 Fluide Matifiant Toucher Sec SPF50 Vichy Capital Soleil<\/p>","protected":false},"excerpt":{"rendered":"<p>\u064a\u0633\u0627\u0639\u062f \u0643\u0631\u064a\u0645 Capital Soleil Mattifying Face Dry Touch SPF 50 \u0639\u0644\u0649 \u062d\u0645\u0627\u064a\u0629 \u0627\u0644\u0628\u0634\u0631\u0629 \u0645\u0646 \u0627\u0644\u062a\u0623\u062b\u064a\u0631\u0627\u062a \u0627\u0644\u0636\u0627\u0631\u0629 \u0644\u0644\u0634\u0645\u0633 \u0648\u0623\u0634\u0639\u0629 \u0627\u0644\u0634\u0645\u0633 \u0641\u0648\u0642 \u0627\u0644\u0628\u0646\u0641\u0633\u062c\u064a\u0629. \u064a\u062a\u0645\u064a\u0632 \u0628\u0644\u0645\u0633\u0629 \u0646\u0647\u0627\u0626\u064a\u0629 \u0646\u0627\u0639\u0645\u0629 \u0648\u062c\u0627\u0641\u0629 \u0648\u062e\u0627\u0644\u064a\u0629 \u0645\u0646 \u0627\u0644\u0644\u0645\u0639\u0627\u0646 \u0648\u0645\u0642\u0627\u0648\u0645\u0629 \u0644\u0644\u0645\u0627\u0621. \u062a\u062a\u0636\u0645\u0646 \u0627\u0644\u062a\u0631\u0643\u064a\u0628\u0629 \u0646\u0638\u0627\u0645 \u062a\u0631\u0634\u064a\u062d \u0648\u0627\u0633\u0639 \u0627\u0644\u0646\u0637\u0627\u0642 \u0648\u0645\u0631\u0643\u0628 Mexoryl \u0627\u0644\u0645\u0642\u0627\u0648\u0645 \u0644\u0644\u0636\u0648\u0621 \u0645\u0646 \u0646\u0648\u0639 UVA-UVB. \ud83c\uddec\ud83c\udde7 Vichy Capital Soleil Mattifying Face Fluid Dry Touch SPF50 \ud83c\uddeb\ud83c\uddf7 [&hellip;]<\/p>\n","protected":false},"featured_media":15626,"template":"","meta":[],"pwb-brand":[243],"product_brand":[],"product_cat":[1144],"product_tag":[689,695,717],"class_list":{"0":"post-12628","1":"product","2":"type-product","3":"status-publish","4":"has-post-thumbnail","6":"pwb-brand-vichy","7":"product_cat-face-sunscreen","8":"product_tag-oily","9":"product_tag-mixedskin","10":"product_tag-717","11":"pa_-50-","13":"first","14":"outofstock","15":"product-type-variable","16":"has-default-attributes","17":"wvs-archive-product-wrapper"},"brands":[{"id":243,"name":"Vichy","slug":"vichy"}],"_links":{"self":[{"href":"https:\/\/gopinkish.com\/fr\/wp-json\/wp\/v2\/product\/12628","targetHints":{"allow":["GET"]}}],"collection":[{"href":"https:\/\/gopinkish.com\/fr\/wp-json\/wp\/v2\/product"}],"about":[{"href":"https:\/\/gopinkish.com\/fr\/wp-json\/wp\/v2\/types\/product"}],"wp:featuredmedia":[{"embeddable":true,"href":"https:\/\/gopinkish.com\/fr\/wp-json\/wp\/v2\/media\/15626"}],"wp:attachment":[{"href":"https:\/\/gopinkish.com\/fr\/wp-json\/wp\/v2\/media?parent=12628"}],"wp:term":[{"taxonomy":"pwb-brand","embeddable":true,"href":"https:\/\/gopinkish.com\/fr\/wp-json\/wp\/v2\/pwb-brand?post=12628"},{"taxonomy":"product_brand","embeddable":true,"href":"https:\/\/gopinkish.com\/fr\/wp-json\/wp\/v2\/product_brand?post=12628"},{"taxonomy":"product_cat","embeddable":true,"href":"https:\/\/gopinkish.com\/fr\/wp-json\/wp\/v2\/product_cat?post=12628"},{"taxonomy":"product_tag","embeddable":true,"href":"https:\/\/gopinkish.com\/fr\/wp-json\/wp\/v2\/product_tag?post=12628"}],"curies":[{"name":"wp","href":"https:\/\/api.w.org\/{rel}","templated":true}]}}